{"id":16816,"date":"2023-06-06T14:11:25","date_gmt":"2023-06-06T14:11:25","guid":{"rendered":"https:\/\/trock.designpartner.hu\/?post_type=product&#038;p=16816"},"modified":"2025-08-02T10:41:19","modified_gmt":"2025-08-02T08:41:19","slug":"platform","status":"publish","type":"product","link":"https:\/\/t-rock.hu\/de\/termek\/platform\/","title":{"rendered":"Platform"},"content":{"rendered":"","protected":false},"excerpt":{"rendered":"<p>T\u00edz darab egyszer\u0171 kialak\u00edt\u00e1s\u00fa fog\u00e1s, system vagy campus boardra szerelve er\u0151-\u00e1ll\u00f3k\u00e9pess\u00e9g edz\u00e9sekhez aj\u00e1nljuk, de pozit\u00edv vagy f\u00fcgg\u0151leges fal strukt\u00far\u00e1n gyerekek kedvelt m\u00e1sz\u00f3 \u00e9lm\u00e9nye is lehet. M\u00e9ret\u00e9b\u0151l ad\u00f3d\u00f3an, ak\u00e1r m\u00e1sz\u00f3cip\u0151 n\u00e9lk\u00fcl, utcai cip\u0151ben is l\u00e9phet\u0151ek. Strapab\u00edr\u00f3, nagy ig\u00e9nybev\u00e9telre tervezt\u00fck \u0151ket, de emellett k\u00f6nnyen \u00e9s egyszer\u0171en tiszt\u00edthat\u00f3ak.<\/p>\n<p>Darabsz\u00e1m:\u00a010 db<\/p>\n<p>M\u00e9ret:\u00a08 S; 2 M<\/p>\n","protected":false},"featured_media":16817,"template":"","meta":[],"product_brand":[],"product_cat":[163],"product_tag":[],"class_list":{"0":"post-16816","1":"product","2":"type-product","3":"status-publish","4":"has-post-thumbnail","6":"product_cat-szett","8":"first","9":"instock","10":"shipping-taxable","11":"purchasable","12":"product-type-simple"},"yoast_head":"<!-- This site is optimized with the Yoast SEO Premium plugin v20.10 (Yoast SEO v27.4) - https:\/\/yoast.com\/product\/yoast-seo-premium-wordpress\/ -->\n<title>Platform - T-ROCK<\/title>\n<meta name=\"robots\" content=\"index, follow, max-snippet:-1, max-image-preview:large, max-video-preview:-1\" \/>\n<link rel=\"canonical\" href=\"https:\/\/t-rock.hu\/de\/termek\/platform\/\" \/>\n<meta property=\"og:locale\" content=\"de_DE\" \/>\n<meta property=\"og:type\" content=\"article\" \/>\n<meta property=\"og:title\" content=\"Platform\" \/>\n<meta property=\"og:description\" content=\"T\u00edz darab egyszer\u0171 kialak\u00edt\u00e1s\u00fa fog\u00e1s, system vagy campus boardra szerelve er\u0151-\u00e1ll\u00f3k\u00e9pess\u00e9g edz\u00e9sekhez aj\u00e1nljuk, de pozit\u00edv vagy f\u00fcgg\u0151leges fal strukt\u00far\u00e1n gyerekek kedvelt m\u00e1sz\u00f3 \u00e9lm\u00e9nye is lehet. M\u00e9ret\u00e9b\u0151l ad\u00f3d\u00f3an, ak\u00e1r m\u00e1sz\u00f3cip\u0151 n\u00e9lk\u00fcl, utcai cip\u0151ben is l\u00e9phet\u0151ek. Strapab\u00edr\u00f3, nagy ig\u00e9nybev\u00e9telre tervezt\u00fck \u0151ket, de emellett k\u00f6nnyen \u00e9s egyszer\u0171en tiszt\u00edthat\u00f3ak.  Darabsz\u00e1m:\u00a010 db  M\u00e9ret:\u00a08 S; 2 M\" \/>\n<meta property=\"og:url\" content=\"https:\/\/t-rock.hu\/de\/termek\/platform\/\" \/>\n<meta property=\"og:site_name\" content=\"T-ROCK\" \/>\n<meta property=\"article:modified_time\" content=\"2025-08-02T08:41:19+00:00\" \/>\n<meta property=\"og:image\" content=\"https:\/\/t-rock.hu\/wp-content\/uploads\/2023\/06\/plaftform-02.jpg\" \/>\n\t<meta property=\"og:image:width\" content=\"1400\" \/>\n\t<meta property=\"og:image:height\" content=\"905\" \/>\n\t<meta property=\"og:image:type\" content=\"image\/jpeg\" \/>\n<meta name=\"twitter:card\" content=\"summary_large_image\" \/>\n<script type=\"application\/ld+json\" class=\"yoast-schema-graph\">{\"@context\":\"https:\\\/\\\/schema.org\",\"@graph\":[{\"@type\":\"WebPage\",\"@id\":\"https:\\\/\\\/t-rock.hu\\\/de\\\/termek\\\/platform\\\/\",\"url\":\"https:\\\/\\\/t-rock.hu\\\/de\\\/termek\\\/platform\\\/\",\"name\":\"Platform - T-ROCK\",\"isPartOf\":{\"@id\":\"https:\\\/\\\/t-rock.hu\\\/de\\\/#website\"},\"primaryImageOfPage\":{\"@id\":\"https:\\\/\\\/t-rock.hu\\\/de\\\/termek\\\/platform\\\/#primaryimage\"},\"image\":{\"@id\":\"https:\\\/\\\/t-rock.hu\\\/de\\\/termek\\\/platform\\\/#primaryimage\"},\"thumbnailUrl\":\"https:\\\/\\\/t-rock.hu\\\/wp-content\\\/uploads\\\/2023\\\/06\\\/plaftform-02.jpg\",\"datePublished\":\"2023-06-06T14:11:25+00:00\",\"dateModified\":\"2025-08-02T08:41:19+00:00\",\"breadcrumb\":{\"@id\":\"https:\\\/\\\/t-rock.hu\\\/de\\\/termek\\\/platform\\\/#breadcrumb\"},\"inLanguage\":\"de\",\"potentialAction\":[{\"@type\":\"ReadAction\",\"target\":[\"https:\\\/\\\/t-rock.hu\\\/de\\\/termek\\\/platform\\\/\"]}]},{\"@type\":\"ImageObject\",\"inLanguage\":\"de\",\"@id\":\"https:\\\/\\\/t-rock.hu\\\/de\\\/termek\\\/platform\\\/#primaryimage\",\"url\":\"https:\\\/\\\/t-rock.hu\\\/wp-content\\\/uploads\\\/2023\\\/06\\\/plaftform-02.jpg\",\"contentUrl\":\"https:\\\/\\\/t-rock.hu\\\/wp-content\\\/uploads\\\/2023\\\/06\\\/plaftform-02.jpg\",\"width\":1400,\"height\":905},{\"@type\":\"BreadcrumbList\",\"@id\":\"https:\\\/\\\/t-rock.hu\\\/de\\\/termek\\\/platform\\\/#breadcrumb\",\"itemListElement\":[{\"@type\":\"ListItem\",\"position\":1,\"name\":\"Home\",\"item\":\"https:\\\/\\\/t-rock.hu\\\/de\\\/\"},{\"@type\":\"ListItem\",\"position\":2,\"name\":\"Shop\",\"item\":\"https:\\\/\\\/t-rock.hu\\\/shop\\\/\"},{\"@type\":\"ListItem\",\"position\":3,\"name\":\"Platform\"}]},{\"@type\":\"WebSite\",\"@id\":\"https:\\\/\\\/t-rock.hu\\\/de\\\/#website\",\"url\":\"https:\\\/\\\/t-rock.hu\\\/de\\\/\",\"name\":\"T-ROCK\",\"description\":\"\",\"publisher\":{\"@id\":\"https:\\\/\\\/t-rock.hu\\\/de\\\/#organization\"},\"potentialAction\":[{\"@type\":\"SearchAction\",\"target\":{\"@type\":\"EntryPoint\",\"urlTemplate\":\"https:\\\/\\\/t-rock.hu\\\/de\\\/?s={search_term_string}\"},\"query-input\":{\"@type\":\"PropertyValueSpecification\",\"valueRequired\":true,\"valueName\":\"search_term_string\"}}],\"inLanguage\":\"de\"},{\"@type\":\"Organization\",\"@id\":\"https:\\\/\\\/t-rock.hu\\\/de\\\/#organization\",\"name\":\"T-ROCK\",\"url\":\"https:\\\/\\\/t-rock.hu\\\/de\\\/\",\"logo\":{\"@type\":\"ImageObject\",\"inLanguage\":\"de\",\"@id\":\"https:\\\/\\\/t-rock.hu\\\/de\\\/#\\\/schema\\\/logo\\\/image\\\/\",\"url\":\"https:\\\/\\\/t-rock.hu\\\/wp-content\\\/uploads\\\/2023\\\/05\\\/Group.svg\",\"contentUrl\":\"https:\\\/\\\/t-rock.hu\\\/wp-content\\\/uploads\\\/2023\\\/05\\\/Group.svg\",\"width\":84,\"height\":84,\"caption\":\"T-ROCK\"},\"image\":{\"@id\":\"https:\\\/\\\/t-rock.hu\\\/de\\\/#\\\/schema\\\/logo\\\/image\\\/\"}}]}<\/script>\n<!-- \/ Yoast SEO Premium plugin. -->","yoast_head_json":{"title":"Platform - T-ROCK","robots":{"index":"index","follow":"follow","max-snippet":"max-snippet:-1","max-image-preview":"max-image-preview:large","max-video-preview":"max-video-preview:-1"},"canonical":"https:\/\/t-rock.hu\/de\/termek\/platform\/","og_locale":"de_DE","og_type":"article","og_title":"Platform","og_description":"T\u00edz darab egyszer\u0171 kialak\u00edt\u00e1s\u00fa fog\u00e1s, system vagy campus boardra szerelve er\u0151-\u00e1ll\u00f3k\u00e9pess\u00e9g edz\u00e9sekhez aj\u00e1nljuk, de pozit\u00edv vagy f\u00fcgg\u0151leges fal strukt\u00far\u00e1n gyerekek kedvelt m\u00e1sz\u00f3 \u00e9lm\u00e9nye is lehet. M\u00e9ret\u00e9b\u0151l ad\u00f3d\u00f3an, ak\u00e1r m\u00e1sz\u00f3cip\u0151 n\u00e9lk\u00fcl, utcai cip\u0151ben is l\u00e9phet\u0151ek. Strapab\u00edr\u00f3, nagy ig\u00e9nybev\u00e9telre tervezt\u00fck \u0151ket, de emellett k\u00f6nnyen \u00e9s egyszer\u0171en tiszt\u00edthat\u00f3ak.  Darabsz\u00e1m:\u00a010 db  M\u00e9ret:\u00a08 S; 2 M","og_url":"https:\/\/t-rock.hu\/de\/termek\/platform\/","og_site_name":"T-ROCK","article_modified_time":"2025-08-02T08:41:19+00:00","og_image":[{"width":1400,"height":905,"url":"https:\/\/t-rock.hu\/wp-content\/uploads\/2023\/06\/plaftform-02.jpg","type":"image\/jpeg"}],"twitter_card":"summary_large_image","schema":{"@context":"https:\/\/schema.org","@graph":[{"@type":"WebPage","@id":"https:\/\/t-rock.hu\/de\/termek\/platform\/","url":"https:\/\/t-rock.hu\/de\/termek\/platform\/","name":"Platform - T-ROCK","isPartOf":{"@id":"https:\/\/t-rock.hu\/de\/#website"},"primaryImageOfPage":{"@id":"https:\/\/t-rock.hu\/de\/termek\/platform\/#primaryimage"},"image":{"@id":"https:\/\/t-rock.hu\/de\/termek\/platform\/#primaryimage"},"thumbnailUrl":"https:\/\/t-rock.hu\/wp-content\/uploads\/2023\/06\/plaftform-02.jpg","datePublished":"2023-06-06T14:11:25+00:00","dateModified":"2025-08-02T08:41:19+00:00","breadcrumb":{"@id":"https:\/\/t-rock.hu\/de\/termek\/platform\/#breadcrumb"},"inLanguage":"de","potentialAction":[{"@type":"ReadAction","target":["https:\/\/t-rock.hu\/de\/termek\/platform\/"]}]},{"@type":"ImageObject","inLanguage":"de","@id":"https:\/\/t-rock.hu\/de\/termek\/platform\/#primaryimage","url":"https:\/\/t-rock.hu\/wp-content\/uploads\/2023\/06\/plaftform-02.jpg","contentUrl":"https:\/\/t-rock.hu\/wp-content\/uploads\/2023\/06\/plaftform-02.jpg","width":1400,"height":905},{"@type":"BreadcrumbList","@id":"https:\/\/t-rock.hu\/de\/termek\/platform\/#breadcrumb","itemListElement":[{"@type":"ListItem","position":1,"name":"Home","item":"https:\/\/t-rock.hu\/de\/"},{"@type":"ListItem","position":2,"name":"Shop","item":"https:\/\/t-rock.hu\/shop\/"},{"@type":"ListItem","position":3,"name":"Platform"}]},{"@type":"WebSite","@id":"https:\/\/t-rock.hu\/de\/#website","url":"https:\/\/t-rock.hu\/de\/","name":"T-ROCK","description":"","publisher":{"@id":"https:\/\/t-rock.hu\/de\/#organization"},"potentialAction":[{"@type":"SearchAction","target":{"@type":"EntryPoint","urlTemplate":"https:\/\/t-rock.hu\/de\/?s={search_term_string}"},"query-input":{"@type":"PropertyValueSpecification","valueRequired":true,"valueName":"search_term_string"}}],"inLanguage":"de"},{"@type":"Organization","@id":"https:\/\/t-rock.hu\/de\/#organization","name":"T-ROCK","url":"https:\/\/t-rock.hu\/de\/","logo":{"@type":"ImageObject","inLanguage":"de","@id":"https:\/\/t-rock.hu\/de\/#\/schema\/logo\/image\/","url":"https:\/\/t-rock.hu\/wp-content\/uploads\/2023\/05\/Group.svg","contentUrl":"https:\/\/t-rock.hu\/wp-content\/uploads\/2023\/05\/Group.svg","width":84,"height":84,"caption":"T-ROCK"},"image":{"@id":"https:\/\/t-rock.hu\/de\/#\/schema\/logo\/image\/"}}]}},"_links":{"self":[{"href":"https:\/\/t-rock.hu\/de\/wp-json\/wp\/v2\/product\/16816","targetHints":{"allow":["GET"]}}],"collection":[{"href":"https:\/\/t-rock.hu\/de\/wp-json\/wp\/v2\/product"}],"about":[{"href":"https:\/\/t-rock.hu\/de\/wp-json\/wp\/v2\/types\/product"}],"version-history":[{"count":2,"href":"https:\/\/t-rock.hu\/de\/wp-json\/wp\/v2\/product\/16816\/revisions"}],"predecessor-version":[{"id":17573,"href":"https:\/\/t-rock.hu\/de\/wp-json\/wp\/v2\/product\/16816\/revisions\/17573"}],"wp:featuredmedia":[{"embeddable":true,"href":"https:\/\/t-rock.hu\/de\/wp-json\/wp\/v2\/media\/16817"}],"wp:attachment":[{"href":"https:\/\/t-rock.hu\/de\/wp-json\/wp\/v2\/media?parent=16816"}],"wp:term":[{"taxonomy":"product_brand","embeddable":true,"href":"https:\/\/t-rock.hu\/de\/wp-json\/wp\/v2\/product_brand?post=16816"},{"taxonomy":"product_cat","embeddable":true,"href":"https:\/\/t-rock.hu\/de\/wp-json\/wp\/v2\/product_cat?post=16816"},{"taxonomy":"product_tag","embeddable":true,"href":"https:\/\/t-rock.hu\/de\/wp-json\/wp\/v2\/product_tag?post=16816"}],"curies":[{"name":"wp","href":"https:\/\/api.w.org\/{rel}","templated":true}]}}