{"id":17086,"date":"2023-06-07T11:45:42","date_gmt":"2023-06-07T11:45:42","guid":{"rendered":"https:\/\/trock.designpartner.hu\/?post_type=product&#038;p=17086"},"modified":"2025-08-02T10:26:40","modified_gmt":"2025-08-02T08:26:40","slug":"rock-ball-s","status":"publish","type":"product","link":"https:\/\/t-rock.hu\/de\/termek\/rock-ball-s\/","title":{"rendered":"Rock Ball s"},"content":{"rendered":"","protected":false},"excerpt":{"rendered":"<p>H\u00faz\u00f3dzkod\u00f3 goly\u00f3. A szor\u00edt\u00f3 er\u0151 fejleszt\u00e9s\u00e9re, megszerz\u00e9s\u00e9re alkalmas. Sima fel\u00fclete komfortosabb, ugyanakkor nehezebb rajta h\u00faz\u00f3dzkodni. Mailonnal, vagy karabinerrel l\u00f3gathat\u00f3, csavarozva panlere szerelhet\u0151.<\/p>\n<p>Az \u00e1r egy p\u00e1rra \u00e9rtend\u0151, maillon \u00e9s karabiner n\u00e9lk\u00fcl.<\/p>\n","protected":false},"featured_media":17087,"template":"","meta":[],"product_brand":[],"product_cat":[32],"product_tag":[],"class_list":{"0":"post-17086","1":"product","2":"type-product","3":"status-publish","4":"has-post-thumbnail","6":"product_cat-trening-eszkozok","8":"first","9":"instock","10":"shipping-taxable","11":"purchasable","12":"product-type-simple"},"yoast_head":"<!-- This site is optimized with the Yoast SEO Premium plugin v20.10 (Yoast SEO v27.4) - https:\/\/yoast.com\/product\/yoast-seo-premium-wordpress\/ -->\n<title>Rock Ball s - T-ROCK<\/title>\n<meta name=\"robots\" content=\"index, follow, max-snippet:-1, max-image-preview:large, max-video-preview:-1\" \/>\n<link rel=\"canonical\" href=\"https:\/\/t-rock.hu\/de\/termek\/rock-ball-s\/\" \/>\n<meta property=\"og:locale\" content=\"de_DE\" \/>\n<meta property=\"og:type\" content=\"article\" \/>\n<meta property=\"og:title\" content=\"Rock Ball s\" \/>\n<meta property=\"og:description\" content=\"H\u00faz\u00f3dzkod\u00f3 goly\u00f3. A szor\u00edt\u00f3 er\u0151 fejleszt\u00e9s\u00e9re, megszerz\u00e9s\u00e9re alkalmas. Sima fel\u00fclete komfortosabb, ugyanakkor nehezebb rajta h\u00faz\u00f3dzkodni. Mailonnal, vagy karabinerrel l\u00f3gathat\u00f3, csavarozva panlere szerelhet\u0151.  Az \u00e1r egy p\u00e1rra \u00e9rtend\u0151, maillon \u00e9s karabiner n\u00e9lk\u00fcl.\" \/>\n<meta property=\"og:url\" content=\"https:\/\/t-rock.hu\/de\/termek\/rock-ball-s\/\" \/>\n<meta property=\"og:site_name\" content=\"T-ROCK\" \/>\n<meta property=\"article:modified_time\" content=\"2025-08-02T08:26:40+00:00\" \/>\n<meta property=\"og:image\" content=\"https:\/\/t-rock.hu\/wp-content\/uploads\/2023\/06\/RockBall_s.webp\" \/>\n\t<meta property=\"og:image:width\" content=\"550\" \/>\n\t<meta property=\"og:image:height\" content=\"550\" \/>\n\t<meta property=\"og:image:type\" content=\"image\/webp\" \/>\n<meta name=\"twitter:card\" content=\"summary_large_image\" \/>\n<script type=\"application\/ld+json\" class=\"yoast-schema-graph\">{\"@context\":\"https:\\\/\\\/schema.org\",\"@graph\":[{\"@type\":\"WebPage\",\"@id\":\"https:\\\/\\\/t-rock.hu\\\/de\\\/termek\\\/rock-ball-s\\\/\",\"url\":\"https:\\\/\\\/t-rock.hu\\\/de\\\/termek\\\/rock-ball-s\\\/\",\"name\":\"Rock Ball s - T-ROCK\",\"isPartOf\":{\"@id\":\"https:\\\/\\\/t-rock.hu\\\/de\\\/#website\"},\"primaryImageOfPage\":{\"@id\":\"https:\\\/\\\/t-rock.hu\\\/de\\\/termek\\\/rock-ball-s\\\/#primaryimage\"},\"image\":{\"@id\":\"https:\\\/\\\/t-rock.hu\\\/de\\\/termek\\\/rock-ball-s\\\/#primaryimage\"},\"thumbnailUrl\":\"https:\\\/\\\/t-rock.hu\\\/wp-content\\\/uploads\\\/2023\\\/06\\\/RockBall_s.webp\",\"datePublished\":\"2023-06-07T11:45:42+00:00\",\"dateModified\":\"2025-08-02T08:26:40+00:00\",\"breadcrumb\":{\"@id\":\"https:\\\/\\\/t-rock.hu\\\/de\\\/termek\\\/rock-ball-s\\\/#breadcrumb\"},\"inLanguage\":\"de\",\"potentialAction\":[{\"@type\":\"ReadAction\",\"target\":[\"https:\\\/\\\/t-rock.hu\\\/de\\\/termek\\\/rock-ball-s\\\/\"]}]},{\"@type\":\"ImageObject\",\"inLanguage\":\"de\",\"@id\":\"https:\\\/\\\/t-rock.hu\\\/de\\\/termek\\\/rock-ball-s\\\/#primaryimage\",\"url\":\"https:\\\/\\\/t-rock.hu\\\/wp-content\\\/uploads\\\/2023\\\/06\\\/RockBall_s.webp\",\"contentUrl\":\"https:\\\/\\\/t-rock.hu\\\/wp-content\\\/uploads\\\/2023\\\/06\\\/RockBall_s.webp\",\"width\":550,\"height\":550},{\"@type\":\"BreadcrumbList\",\"@id\":\"https:\\\/\\\/t-rock.hu\\\/de\\\/termek\\\/rock-ball-s\\\/#breadcrumb\",\"itemListElement\":[{\"@type\":\"ListItem\",\"position\":1,\"name\":\"Home\",\"item\":\"https:\\\/\\\/t-rock.hu\\\/de\\\/\"},{\"@type\":\"ListItem\",\"position\":2,\"name\":\"Shop\",\"item\":\"https:\\\/\\\/t-rock.hu\\\/shop\\\/\"},{\"@type\":\"ListItem\",\"position\":3,\"name\":\"Rock Ball s\"}]},{\"@type\":\"WebSite\",\"@id\":\"https:\\\/\\\/t-rock.hu\\\/de\\\/#website\",\"url\":\"https:\\\/\\\/t-rock.hu\\\/de\\\/\",\"name\":\"T-ROCK\",\"description\":\"\",\"publisher\":{\"@id\":\"https:\\\/\\\/t-rock.hu\\\/de\\\/#organization\"},\"potentialAction\":[{\"@type\":\"SearchAction\",\"target\":{\"@type\":\"EntryPoint\",\"urlTemplate\":\"https:\\\/\\\/t-rock.hu\\\/de\\\/?s={search_term_string}\"},\"query-input\":{\"@type\":\"PropertyValueSpecification\",\"valueRequired\":true,\"valueName\":\"search_term_string\"}}],\"inLanguage\":\"de\"},{\"@type\":\"Organization\",\"@id\":\"https:\\\/\\\/t-rock.hu\\\/de\\\/#organization\",\"name\":\"T-ROCK\",\"url\":\"https:\\\/\\\/t-rock.hu\\\/de\\\/\",\"logo\":{\"@type\":\"ImageObject\",\"inLanguage\":\"de\",\"@id\":\"https:\\\/\\\/t-rock.hu\\\/de\\\/#\\\/schema\\\/logo\\\/image\\\/\",\"url\":\"https:\\\/\\\/t-rock.hu\\\/wp-content\\\/uploads\\\/2023\\\/05\\\/Group.svg\",\"contentUrl\":\"https:\\\/\\\/t-rock.hu\\\/wp-content\\\/uploads\\\/2023\\\/05\\\/Group.svg\",\"width\":84,\"height\":84,\"caption\":\"T-ROCK\"},\"image\":{\"@id\":\"https:\\\/\\\/t-rock.hu\\\/de\\\/#\\\/schema\\\/logo\\\/image\\\/\"}}]}<\/script>\n<!-- \/ Yoast SEO Premium plugin. -->","yoast_head_json":{"title":"Rock Ball s - T-ROCK","robots":{"index":"index","follow":"follow","max-snippet":"max-snippet:-1","max-image-preview":"max-image-preview:large","max-video-preview":"max-video-preview:-1"},"canonical":"https:\/\/t-rock.hu\/de\/termek\/rock-ball-s\/","og_locale":"de_DE","og_type":"article","og_title":"Rock Ball s","og_description":"H\u00faz\u00f3dzkod\u00f3 goly\u00f3. A szor\u00edt\u00f3 er\u0151 fejleszt\u00e9s\u00e9re, megszerz\u00e9s\u00e9re alkalmas. Sima fel\u00fclete komfortosabb, ugyanakkor nehezebb rajta h\u00faz\u00f3dzkodni. Mailonnal, vagy karabinerrel l\u00f3gathat\u00f3, csavarozva panlere szerelhet\u0151.  Az \u00e1r egy p\u00e1rra \u00e9rtend\u0151, maillon \u00e9s karabiner n\u00e9lk\u00fcl.","og_url":"https:\/\/t-rock.hu\/de\/termek\/rock-ball-s\/","og_site_name":"T-ROCK","article_modified_time":"2025-08-02T08:26:40+00:00","og_image":[{"width":550,"height":550,"url":"https:\/\/t-rock.hu\/wp-content\/uploads\/2023\/06\/RockBall_s.webp","type":"image\/webp"}],"twitter_card":"summary_large_image","schema":{"@context":"https:\/\/schema.org","@graph":[{"@type":"WebPage","@id":"https:\/\/t-rock.hu\/de\/termek\/rock-ball-s\/","url":"https:\/\/t-rock.hu\/de\/termek\/rock-ball-s\/","name":"Rock Ball s - T-ROCK","isPartOf":{"@id":"https:\/\/t-rock.hu\/de\/#website"},"primaryImageOfPage":{"@id":"https:\/\/t-rock.hu\/de\/termek\/rock-ball-s\/#primaryimage"},"image":{"@id":"https:\/\/t-rock.hu\/de\/termek\/rock-ball-s\/#primaryimage"},"thumbnailUrl":"https:\/\/t-rock.hu\/wp-content\/uploads\/2023\/06\/RockBall_s.webp","datePublished":"2023-06-07T11:45:42+00:00","dateModified":"2025-08-02T08:26:40+00:00","breadcrumb":{"@id":"https:\/\/t-rock.hu\/de\/termek\/rock-ball-s\/#breadcrumb"},"inLanguage":"de","potentialAction":[{"@type":"ReadAction","target":["https:\/\/t-rock.hu\/de\/termek\/rock-ball-s\/"]}]},{"@type":"ImageObject","inLanguage":"de","@id":"https:\/\/t-rock.hu\/de\/termek\/rock-ball-s\/#primaryimage","url":"https:\/\/t-rock.hu\/wp-content\/uploads\/2023\/06\/RockBall_s.webp","contentUrl":"https:\/\/t-rock.hu\/wp-content\/uploads\/2023\/06\/RockBall_s.webp","width":550,"height":550},{"@type":"BreadcrumbList","@id":"https:\/\/t-rock.hu\/de\/termek\/rock-ball-s\/#breadcrumb","itemListElement":[{"@type":"ListItem","position":1,"name":"Home","item":"https:\/\/t-rock.hu\/de\/"},{"@type":"ListItem","position":2,"name":"Shop","item":"https:\/\/t-rock.hu\/shop\/"},{"@type":"ListItem","position":3,"name":"Rock Ball s"}]},{"@type":"WebSite","@id":"https:\/\/t-rock.hu\/de\/#website","url":"https:\/\/t-rock.hu\/de\/","name":"T-ROCK","description":"","publisher":{"@id":"https:\/\/t-rock.hu\/de\/#organization"},"potentialAction":[{"@type":"SearchAction","target":{"@type":"EntryPoint","urlTemplate":"https:\/\/t-rock.hu\/de\/?s={search_term_string}"},"query-input":{"@type":"PropertyValueSpecification","valueRequired":true,"valueName":"search_term_string"}}],"inLanguage":"de"},{"@type":"Organization","@id":"https:\/\/t-rock.hu\/de\/#organization","name":"T-ROCK","url":"https:\/\/t-rock.hu\/de\/","logo":{"@type":"ImageObject","inLanguage":"de","@id":"https:\/\/t-rock.hu\/de\/#\/schema\/logo\/image\/","url":"https:\/\/t-rock.hu\/wp-content\/uploads\/2023\/05\/Group.svg","contentUrl":"https:\/\/t-rock.hu\/wp-content\/uploads\/2023\/05\/Group.svg","width":84,"height":84,"caption":"T-ROCK"},"image":{"@id":"https:\/\/t-rock.hu\/de\/#\/schema\/logo\/image\/"}}]}},"_links":{"self":[{"href":"https:\/\/t-rock.hu\/de\/wp-json\/wp\/v2\/product\/17086","targetHints":{"allow":["GET"]}}],"collection":[{"href":"https:\/\/t-rock.hu\/de\/wp-json\/wp\/v2\/product"}],"about":[{"href":"https:\/\/t-rock.hu\/de\/wp-json\/wp\/v2\/types\/product"}],"version-history":[{"count":1,"href":"https:\/\/t-rock.hu\/de\/wp-json\/wp\/v2\/product\/17086\/revisions"}],"predecessor-version":[{"id":17091,"href":"https:\/\/t-rock.hu\/de\/wp-json\/wp\/v2\/product\/17086\/revisions\/17091"}],"wp:featuredmedia":[{"embeddable":true,"href":"https:\/\/t-rock.hu\/de\/wp-json\/wp\/v2\/media\/17087"}],"wp:attachment":[{"href":"https:\/\/t-rock.hu\/de\/wp-json\/wp\/v2\/media?parent=17086"}],"wp:term":[{"taxonomy":"product_brand","embeddable":true,"href":"https:\/\/t-rock.hu\/de\/wp-json\/wp\/v2\/product_brand?post=17086"},{"taxonomy":"product_cat","embeddable":true,"href":"https:\/\/t-rock.hu\/de\/wp-json\/wp\/v2\/product_cat?post=17086"},{"taxonomy":"product_tag","embeddable":true,"href":"https:\/\/t-rock.hu\/de\/wp-json\/wp\/v2\/product_tag?post=17086"}],"curies":[{"name":"wp","href":"https:\/\/api.w.org\/{rel}","templated":true}]}}