{"id":17094,"date":"2023-06-07T11:50:07","date_gmt":"2023-06-07T11:50:07","guid":{"rendered":"https:\/\/trock.designpartner.hu\/?post_type=product&#038;p=17094"},"modified":"2025-08-02T10:26:16","modified_gmt":"2025-08-02T08:26:16","slug":"rockboard","status":"publish","type":"product","link":"https:\/\/t-rock.hu\/de\/termek\/rockboard\/","title":{"rendered":"Rockboard"},"content":{"rendered":"","protected":false},"excerpt":{"rendered":"<p>A boardon 2-3 ujjperces, nyitott \u00e9s z\u00e1rt peremeken lehet l\u00f3gni. A panel tetej\u00e9n teljes teny\u00e9rrel egy sz\u00e9les p\u00e1rk\u00e1nyt alak\u00edtottunk ki. Rendk\u00edv\u00fcl hat\u00e9konyan lehet rajta er\u0151-\u00e1ll\u00f3k\u00e9pess\u00e9g fejleszt\u0151, valamint m\u00e1sz\u00f3specifikus gyakorlatokat v\u00e9gezni. Fel\u00fclete j\u00f3l tapad, 180 o-kal elforgatva is lehet rajta edzeni. Hat\u00e9kony edz\u0151t\u00e1rs a peremer\u0151 megszerz\u00e9s\u00e9re \u00e9s fejleszt\u00e9s\u00e9re. Kezd\u0151knek, halad\u00f3knak profiknak, versenyz\u0151knek, egysz\u00f3val mindenkinek aj\u00e1nljuk.<\/p>\n","protected":false},"featured_media":17095,"template":"","meta":[],"product_brand":[],"product_cat":[32],"product_tag":[],"class_list":{"0":"post-17094","1":"product","2":"type-product","3":"status-publish","4":"has-post-thumbnail","6":"product_cat-trening-eszkozok","8":"first","9":"instock","10":"shipping-taxable","11":"purchasable","12":"product-type-simple"},"yoast_head":"<!-- This site is optimized with the Yoast SEO Premium plugin v20.10 (Yoast SEO v27.4) - https:\/\/yoast.com\/product\/yoast-seo-premium-wordpress\/ -->\n<title>Rockboard - T-ROCK<\/title>\n<meta name=\"robots\" content=\"index, follow, max-snippet:-1, max-image-preview:large, max-video-preview:-1\" \/>\n<link rel=\"canonical\" href=\"https:\/\/t-rock.hu\/de\/termek\/rockboard\/\" \/>\n<meta property=\"og:locale\" content=\"de_DE\" \/>\n<meta property=\"og:type\" content=\"article\" \/>\n<meta property=\"og:title\" content=\"Rockboard\" \/>\n<meta property=\"og:description\" content=\"A boardon 2-3 ujjperces, nyitott \u00e9s z\u00e1rt peremeken lehet l\u00f3gni. A panel tetej\u00e9n teljes teny\u00e9rrel egy sz\u00e9les p\u00e1rk\u00e1nyt alak\u00edtottunk ki. Rendk\u00edv\u00fcl hat\u00e9konyan lehet rajta er\u0151-\u00e1ll\u00f3k\u00e9pess\u00e9g fejleszt\u0151, valamint m\u00e1sz\u00f3specifikus gyakorlatokat v\u00e9gezni. Fel\u00fclete j\u00f3l tapad, 180 o-kal elforgatva is lehet rajta edzeni. Hat\u00e9kony edz\u0151t\u00e1rs a peremer\u0151 megszerz\u00e9s\u00e9re \u00e9s fejleszt\u00e9s\u00e9re. Kezd\u0151knek, halad\u00f3knak profiknak, versenyz\u0151knek, egysz\u00f3val mindenkinek aj\u00e1nljuk.\" \/>\n<meta property=\"og:url\" content=\"https:\/\/t-rock.hu\/de\/termek\/rockboard\/\" \/>\n<meta property=\"og:site_name\" content=\"T-ROCK\" \/>\n<meta property=\"article:modified_time\" content=\"2025-08-02T08:26:16+00:00\" \/>\n<meta property=\"og:image\" content=\"https:\/\/t-rock.hu\/wp-content\/uploads\/2023\/06\/Rockboard.webp\" \/>\n\t<meta property=\"og:image:width\" content=\"550\" \/>\n\t<meta property=\"og:image:height\" content=\"367\" \/>\n\t<meta property=\"og:image:type\" content=\"image\/webp\" \/>\n<meta name=\"twitter:card\" content=\"summary_large_image\" \/>\n<script type=\"application\/ld+json\" class=\"yoast-schema-graph\">{\"@context\":\"https:\\\/\\\/schema.org\",\"@graph\":[{\"@type\":\"WebPage\",\"@id\":\"https:\\\/\\\/t-rock.hu\\\/de\\\/termek\\\/rockboard\\\/\",\"url\":\"https:\\\/\\\/t-rock.hu\\\/de\\\/termek\\\/rockboard\\\/\",\"name\":\"Rockboard - T-ROCK\",\"isPartOf\":{\"@id\":\"https:\\\/\\\/t-rock.hu\\\/de\\\/#website\"},\"primaryImageOfPage\":{\"@id\":\"https:\\\/\\\/t-rock.hu\\\/de\\\/termek\\\/rockboard\\\/#primaryimage\"},\"image\":{\"@id\":\"https:\\\/\\\/t-rock.hu\\\/de\\\/termek\\\/rockboard\\\/#primaryimage\"},\"thumbnailUrl\":\"https:\\\/\\\/t-rock.hu\\\/wp-content\\\/uploads\\\/2023\\\/06\\\/Rockboard.webp\",\"datePublished\":\"2023-06-07T11:50:07+00:00\",\"dateModified\":\"2025-08-02T08:26:16+00:00\",\"breadcrumb\":{\"@id\":\"https:\\\/\\\/t-rock.hu\\\/de\\\/termek\\\/rockboard\\\/#breadcrumb\"},\"inLanguage\":\"de\",\"potentialAction\":[{\"@type\":\"ReadAction\",\"target\":[\"https:\\\/\\\/t-rock.hu\\\/de\\\/termek\\\/rockboard\\\/\"]}]},{\"@type\":\"ImageObject\",\"inLanguage\":\"de\",\"@id\":\"https:\\\/\\\/t-rock.hu\\\/de\\\/termek\\\/rockboard\\\/#primaryimage\",\"url\":\"https:\\\/\\\/t-rock.hu\\\/wp-content\\\/uploads\\\/2023\\\/06\\\/Rockboard.webp\",\"contentUrl\":\"https:\\\/\\\/t-rock.hu\\\/wp-content\\\/uploads\\\/2023\\\/06\\\/Rockboard.webp\",\"width\":550,\"height\":367},{\"@type\":\"BreadcrumbList\",\"@id\":\"https:\\\/\\\/t-rock.hu\\\/de\\\/termek\\\/rockboard\\\/#breadcrumb\",\"itemListElement\":[{\"@type\":\"ListItem\",\"position\":1,\"name\":\"Home\",\"item\":\"https:\\\/\\\/t-rock.hu\\\/de\\\/\"},{\"@type\":\"ListItem\",\"position\":2,\"name\":\"Shop\",\"item\":\"https:\\\/\\\/t-rock.hu\\\/shop\\\/\"},{\"@type\":\"ListItem\",\"position\":3,\"name\":\"Rockboard\"}]},{\"@type\":\"WebSite\",\"@id\":\"https:\\\/\\\/t-rock.hu\\\/de\\\/#website\",\"url\":\"https:\\\/\\\/t-rock.hu\\\/de\\\/\",\"name\":\"T-ROCK\",\"description\":\"\",\"publisher\":{\"@id\":\"https:\\\/\\\/t-rock.hu\\\/de\\\/#organization\"},\"potentialAction\":[{\"@type\":\"SearchAction\",\"target\":{\"@type\":\"EntryPoint\",\"urlTemplate\":\"https:\\\/\\\/t-rock.hu\\\/de\\\/?s={search_term_string}\"},\"query-input\":{\"@type\":\"PropertyValueSpecification\",\"valueRequired\":true,\"valueName\":\"search_term_string\"}}],\"inLanguage\":\"de\"},{\"@type\":\"Organization\",\"@id\":\"https:\\\/\\\/t-rock.hu\\\/de\\\/#organization\",\"name\":\"T-ROCK\",\"url\":\"https:\\\/\\\/t-rock.hu\\\/de\\\/\",\"logo\":{\"@type\":\"ImageObject\",\"inLanguage\":\"de\",\"@id\":\"https:\\\/\\\/t-rock.hu\\\/de\\\/#\\\/schema\\\/logo\\\/image\\\/\",\"url\":\"https:\\\/\\\/t-rock.hu\\\/wp-content\\\/uploads\\\/2023\\\/05\\\/Group.svg\",\"contentUrl\":\"https:\\\/\\\/t-rock.hu\\\/wp-content\\\/uploads\\\/2023\\\/05\\\/Group.svg\",\"width\":84,\"height\":84,\"caption\":\"T-ROCK\"},\"image\":{\"@id\":\"https:\\\/\\\/t-rock.hu\\\/de\\\/#\\\/schema\\\/logo\\\/image\\\/\"}}]}<\/script>\n<!-- \/ Yoast SEO Premium plugin. -->","yoast_head_json":{"title":"Rockboard - T-ROCK","robots":{"index":"index","follow":"follow","max-snippet":"max-snippet:-1","max-image-preview":"max-image-preview:large","max-video-preview":"max-video-preview:-1"},"canonical":"https:\/\/t-rock.hu\/de\/termek\/rockboard\/","og_locale":"de_DE","og_type":"article","og_title":"Rockboard","og_description":"A boardon 2-3 ujjperces, nyitott \u00e9s z\u00e1rt peremeken lehet l\u00f3gni. A panel tetej\u00e9n teljes teny\u00e9rrel egy sz\u00e9les p\u00e1rk\u00e1nyt alak\u00edtottunk ki. Rendk\u00edv\u00fcl hat\u00e9konyan lehet rajta er\u0151-\u00e1ll\u00f3k\u00e9pess\u00e9g fejleszt\u0151, valamint m\u00e1sz\u00f3specifikus gyakorlatokat v\u00e9gezni. Fel\u00fclete j\u00f3l tapad, 180 o-kal elforgatva is lehet rajta edzeni. Hat\u00e9kony edz\u0151t\u00e1rs a peremer\u0151 megszerz\u00e9s\u00e9re \u00e9s fejleszt\u00e9s\u00e9re. Kezd\u0151knek, halad\u00f3knak profiknak, versenyz\u0151knek, egysz\u00f3val mindenkinek aj\u00e1nljuk.","og_url":"https:\/\/t-rock.hu\/de\/termek\/rockboard\/","og_site_name":"T-ROCK","article_modified_time":"2025-08-02T08:26:16+00:00","og_image":[{"width":550,"height":367,"url":"https:\/\/t-rock.hu\/wp-content\/uploads\/2023\/06\/Rockboard.webp","type":"image\/webp"}],"twitter_card":"summary_large_image","schema":{"@context":"https:\/\/schema.org","@graph":[{"@type":"WebPage","@id":"https:\/\/t-rock.hu\/de\/termek\/rockboard\/","url":"https:\/\/t-rock.hu\/de\/termek\/rockboard\/","name":"Rockboard - T-ROCK","isPartOf":{"@id":"https:\/\/t-rock.hu\/de\/#website"},"primaryImageOfPage":{"@id":"https:\/\/t-rock.hu\/de\/termek\/rockboard\/#primaryimage"},"image":{"@id":"https:\/\/t-rock.hu\/de\/termek\/rockboard\/#primaryimage"},"thumbnailUrl":"https:\/\/t-rock.hu\/wp-content\/uploads\/2023\/06\/Rockboard.webp","datePublished":"2023-06-07T11:50:07+00:00","dateModified":"2025-08-02T08:26:16+00:00","breadcrumb":{"@id":"https:\/\/t-rock.hu\/de\/termek\/rockboard\/#breadcrumb"},"inLanguage":"de","potentialAction":[{"@type":"ReadAction","target":["https:\/\/t-rock.hu\/de\/termek\/rockboard\/"]}]},{"@type":"ImageObject","inLanguage":"de","@id":"https:\/\/t-rock.hu\/de\/termek\/rockboard\/#primaryimage","url":"https:\/\/t-rock.hu\/wp-content\/uploads\/2023\/06\/Rockboard.webp","contentUrl":"https:\/\/t-rock.hu\/wp-content\/uploads\/2023\/06\/Rockboard.webp","width":550,"height":367},{"@type":"BreadcrumbList","@id":"https:\/\/t-rock.hu\/de\/termek\/rockboard\/#breadcrumb","itemListElement":[{"@type":"ListItem","position":1,"name":"Home","item":"https:\/\/t-rock.hu\/de\/"},{"@type":"ListItem","position":2,"name":"Shop","item":"https:\/\/t-rock.hu\/shop\/"},{"@type":"ListItem","position":3,"name":"Rockboard"}]},{"@type":"WebSite","@id":"https:\/\/t-rock.hu\/de\/#website","url":"https:\/\/t-rock.hu\/de\/","name":"T-ROCK","description":"","publisher":{"@id":"https:\/\/t-rock.hu\/de\/#organization"},"potentialAction":[{"@type":"SearchAction","target":{"@type":"EntryPoint","urlTemplate":"https:\/\/t-rock.hu\/de\/?s={search_term_string}"},"query-input":{"@type":"PropertyValueSpecification","valueRequired":true,"valueName":"search_term_string"}}],"inLanguage":"de"},{"@type":"Organization","@id":"https:\/\/t-rock.hu\/de\/#organization","name":"T-ROCK","url":"https:\/\/t-rock.hu\/de\/","logo":{"@type":"ImageObject","inLanguage":"de","@id":"https:\/\/t-rock.hu\/de\/#\/schema\/logo\/image\/","url":"https:\/\/t-rock.hu\/wp-content\/uploads\/2023\/05\/Group.svg","contentUrl":"https:\/\/t-rock.hu\/wp-content\/uploads\/2023\/05\/Group.svg","width":84,"height":84,"caption":"T-ROCK"},"image":{"@id":"https:\/\/t-rock.hu\/de\/#\/schema\/logo\/image\/"}}]}},"_links":{"self":[{"href":"https:\/\/t-rock.hu\/de\/wp-json\/wp\/v2\/product\/17094","targetHints":{"allow":["GET"]}}],"collection":[{"href":"https:\/\/t-rock.hu\/de\/wp-json\/wp\/v2\/product"}],"about":[{"href":"https:\/\/t-rock.hu\/de\/wp-json\/wp\/v2\/types\/product"}],"version-history":[{"count":1,"href":"https:\/\/t-rock.hu\/de\/wp-json\/wp\/v2\/product\/17094\/revisions"}],"predecessor-version":[{"id":17097,"href":"https:\/\/t-rock.hu\/de\/wp-json\/wp\/v2\/product\/17094\/revisions\/17097"}],"wp:featuredmedia":[{"embeddable":true,"href":"https:\/\/t-rock.hu\/de\/wp-json\/wp\/v2\/media\/17095"}],"wp:attachment":[{"href":"https:\/\/t-rock.hu\/de\/wp-json\/wp\/v2\/media?parent=17094"}],"wp:term":[{"taxonomy":"product_brand","embeddable":true,"href":"https:\/\/t-rock.hu\/de\/wp-json\/wp\/v2\/product_brand?post=17094"},{"taxonomy":"product_cat","embeddable":true,"href":"https:\/\/t-rock.hu\/de\/wp-json\/wp\/v2\/product_cat?post=17094"},{"taxonomy":"product_tag","embeddable":true,"href":"https:\/\/t-rock.hu\/de\/wp-json\/wp\/v2\/product_tag?post=17094"}],"curies":[{"name":"wp","href":"https:\/\/api.w.org\/{rel}","templated":true}]}}