{"id":17166,"date":"2023-06-07T12:48:29","date_gmt":"2023-06-07T12:48:29","guid":{"rendered":"https:\/\/trock.designpartner.hu\/?post_type=product&#038;p=17166"},"modified":"2025-08-02T10:22:30","modified_gmt":"2025-08-02T08:22:30","slug":"17166","status":"publish","type":"product","link":"https:\/\/t-rock.hu\/de\/termek\/17166\/","title":{"rendered":"Moon"},"content":{"rendered":"","protected":false},"excerpt":{"rendered":"<p>Giga m\u00e9ret\u0171, zsebes fog\u00e1s, v\u00edz- \u00e9s sz\u00e9l koptatta m\u00e9szk\u0151 hat\u00e1s\u00e1t \u00e9s \u00e9rzet\u00e9t kelti. A zsebek \u00f6sszeforgatva reped\u00e9sk\u00e9nt is funkcion\u00e1lnak. Mindenf\u00e9le falstrukt\u00far\u00e1ra aj\u00e1nljuk.<\/p>\n<p>M\u00e9ret: 26cm x 11cm<\/p>\n<p>S\u00faly: 1270g<\/p>\n","protected":false},"featured_media":17167,"template":"","meta":[],"product_brand":[],"product_cat":[29],"product_tag":[],"class_list":{"0":"post-17166","1":"product","2":"type-product","3":"status-publish","4":"has-post-thumbnail","6":"product_cat-makroelemek","8":"first","9":"instock","10":"shipping-taxable","11":"purchasable","12":"product-type-simple"},"yoast_head":"<!-- This site is optimized with the Yoast SEO Premium plugin v20.10 (Yoast SEO v27.4) - https:\/\/yoast.com\/product\/yoast-seo-premium-wordpress\/ -->\n<title>Moon - T-ROCK<\/title>\n<meta name=\"robots\" content=\"index, follow, max-snippet:-1, max-image-preview:large, max-video-preview:-1\" \/>\n<link rel=\"canonical\" href=\"https:\/\/t-rock.hu\/de\/termek\/17166\/\" \/>\n<meta property=\"og:locale\" content=\"de_DE\" \/>\n<meta property=\"og:type\" content=\"article\" \/>\n<meta property=\"og:title\" content=\"Moon\" \/>\n<meta property=\"og:description\" content=\"Giga m\u00e9ret\u0171, zsebes fog\u00e1s, v\u00edz- \u00e9s sz\u00e9l koptatta m\u00e9szk\u0151 hat\u00e1s\u00e1t \u00e9s \u00e9rzet\u00e9t kelti. A zsebek \u00f6sszeforgatva reped\u00e9sk\u00e9nt is funkcion\u00e1lnak. Mindenf\u00e9le falstrukt\u00far\u00e1ra aj\u00e1nljuk.  M\u00e9ret: 26cm x 11cm  S\u00faly: 1270g\" \/>\n<meta property=\"og:url\" content=\"https:\/\/t-rock.hu\/de\/termek\/17166\/\" \/>\n<meta property=\"og:site_name\" content=\"T-ROCK\" \/>\n<meta property=\"article:modified_time\" content=\"2025-08-02T08:22:30+00:00\" \/>\n<meta property=\"og:image\" content=\"https:\/\/t-rock.hu\/wp-content\/uploads\/2023\/06\/moon1.jpg\" \/>\n\t<meta property=\"og:image:width\" content=\"1024\" \/>\n\t<meta property=\"og:image:height\" content=\"683\" \/>\n\t<meta property=\"og:image:type\" content=\"image\/jpeg\" \/>\n<meta name=\"twitter:card\" content=\"summary_large_image\" \/>\n<script type=\"application\/ld+json\" class=\"yoast-schema-graph\">{\"@context\":\"https:\\\/\\\/schema.org\",\"@graph\":[{\"@type\":\"WebPage\",\"@id\":\"https:\\\/\\\/t-rock.hu\\\/de\\\/termek\\\/17166\\\/\",\"url\":\"https:\\\/\\\/t-rock.hu\\\/de\\\/termek\\\/17166\\\/\",\"name\":\"Moon - T-ROCK\",\"isPartOf\":{\"@id\":\"https:\\\/\\\/t-rock.hu\\\/de\\\/#website\"},\"primaryImageOfPage\":{\"@id\":\"https:\\\/\\\/t-rock.hu\\\/de\\\/termek\\\/17166\\\/#primaryimage\"},\"image\":{\"@id\":\"https:\\\/\\\/t-rock.hu\\\/de\\\/termek\\\/17166\\\/#primaryimage\"},\"thumbnailUrl\":\"https:\\\/\\\/t-rock.hu\\\/wp-content\\\/uploads\\\/2023\\\/06\\\/moon1.jpg\",\"datePublished\":\"2023-06-07T12:48:29+00:00\",\"dateModified\":\"2025-08-02T08:22:30+00:00\",\"breadcrumb\":{\"@id\":\"https:\\\/\\\/t-rock.hu\\\/de\\\/termek\\\/17166\\\/#breadcrumb\"},\"inLanguage\":\"de\",\"potentialAction\":[{\"@type\":\"ReadAction\",\"target\":[\"https:\\\/\\\/t-rock.hu\\\/de\\\/termek\\\/17166\\\/\"]}]},{\"@type\":\"ImageObject\",\"inLanguage\":\"de\",\"@id\":\"https:\\\/\\\/t-rock.hu\\\/de\\\/termek\\\/17166\\\/#primaryimage\",\"url\":\"https:\\\/\\\/t-rock.hu\\\/wp-content\\\/uploads\\\/2023\\\/06\\\/moon1.jpg\",\"contentUrl\":\"https:\\\/\\\/t-rock.hu\\\/wp-content\\\/uploads\\\/2023\\\/06\\\/moon1.jpg\",\"width\":1024,\"height\":683},{\"@type\":\"BreadcrumbList\",\"@id\":\"https:\\\/\\\/t-rock.hu\\\/de\\\/termek\\\/17166\\\/#breadcrumb\",\"itemListElement\":[{\"@type\":\"ListItem\",\"position\":1,\"name\":\"Home\",\"item\":\"https:\\\/\\\/t-rock.hu\\\/de\\\/\"},{\"@type\":\"ListItem\",\"position\":2,\"name\":\"Shop\",\"item\":\"https:\\\/\\\/t-rock.hu\\\/shop\\\/\"},{\"@type\":\"ListItem\",\"position\":3,\"name\":\"Moon\"}]},{\"@type\":\"WebSite\",\"@id\":\"https:\\\/\\\/t-rock.hu\\\/de\\\/#website\",\"url\":\"https:\\\/\\\/t-rock.hu\\\/de\\\/\",\"name\":\"T-ROCK\",\"description\":\"\",\"publisher\":{\"@id\":\"https:\\\/\\\/t-rock.hu\\\/de\\\/#organization\"},\"potentialAction\":[{\"@type\":\"SearchAction\",\"target\":{\"@type\":\"EntryPoint\",\"urlTemplate\":\"https:\\\/\\\/t-rock.hu\\\/de\\\/?s={search_term_string}\"},\"query-input\":{\"@type\":\"PropertyValueSpecification\",\"valueRequired\":true,\"valueName\":\"search_term_string\"}}],\"inLanguage\":\"de\"},{\"@type\":\"Organization\",\"@id\":\"https:\\\/\\\/t-rock.hu\\\/de\\\/#organization\",\"name\":\"T-ROCK\",\"url\":\"https:\\\/\\\/t-rock.hu\\\/de\\\/\",\"logo\":{\"@type\":\"ImageObject\",\"inLanguage\":\"de\",\"@id\":\"https:\\\/\\\/t-rock.hu\\\/de\\\/#\\\/schema\\\/logo\\\/image\\\/\",\"url\":\"https:\\\/\\\/t-rock.hu\\\/wp-content\\\/uploads\\\/2023\\\/05\\\/Group.svg\",\"contentUrl\":\"https:\\\/\\\/t-rock.hu\\\/wp-content\\\/uploads\\\/2023\\\/05\\\/Group.svg\",\"width\":84,\"height\":84,\"caption\":\"T-ROCK\"},\"image\":{\"@id\":\"https:\\\/\\\/t-rock.hu\\\/de\\\/#\\\/schema\\\/logo\\\/image\\\/\"}}]}<\/script>\n<!-- \/ Yoast SEO Premium plugin. -->","yoast_head_json":{"title":"Moon - T-ROCK","robots":{"index":"index","follow":"follow","max-snippet":"max-snippet:-1","max-image-preview":"max-image-preview:large","max-video-preview":"max-video-preview:-1"},"canonical":"https:\/\/t-rock.hu\/de\/termek\/17166\/","og_locale":"de_DE","og_type":"article","og_title":"Moon","og_description":"Giga m\u00e9ret\u0171, zsebes fog\u00e1s, v\u00edz- \u00e9s sz\u00e9l koptatta m\u00e9szk\u0151 hat\u00e1s\u00e1t \u00e9s \u00e9rzet\u00e9t kelti. A zsebek \u00f6sszeforgatva reped\u00e9sk\u00e9nt is funkcion\u00e1lnak. Mindenf\u00e9le falstrukt\u00far\u00e1ra aj\u00e1nljuk.  M\u00e9ret: 26cm x 11cm  S\u00faly: 1270g","og_url":"https:\/\/t-rock.hu\/de\/termek\/17166\/","og_site_name":"T-ROCK","article_modified_time":"2025-08-02T08:22:30+00:00","og_image":[{"width":1024,"height":683,"url":"https:\/\/t-rock.hu\/wp-content\/uploads\/2023\/06\/moon1.jpg","type":"image\/jpeg"}],"twitter_card":"summary_large_image","schema":{"@context":"https:\/\/schema.org","@graph":[{"@type":"WebPage","@id":"https:\/\/t-rock.hu\/de\/termek\/17166\/","url":"https:\/\/t-rock.hu\/de\/termek\/17166\/","name":"Moon - T-ROCK","isPartOf":{"@id":"https:\/\/t-rock.hu\/de\/#website"},"primaryImageOfPage":{"@id":"https:\/\/t-rock.hu\/de\/termek\/17166\/#primaryimage"},"image":{"@id":"https:\/\/t-rock.hu\/de\/termek\/17166\/#primaryimage"},"thumbnailUrl":"https:\/\/t-rock.hu\/wp-content\/uploads\/2023\/06\/moon1.jpg","datePublished":"2023-06-07T12:48:29+00:00","dateModified":"2025-08-02T08:22:30+00:00","breadcrumb":{"@id":"https:\/\/t-rock.hu\/de\/termek\/17166\/#breadcrumb"},"inLanguage":"de","potentialAction":[{"@type":"ReadAction","target":["https:\/\/t-rock.hu\/de\/termek\/17166\/"]}]},{"@type":"ImageObject","inLanguage":"de","@id":"https:\/\/t-rock.hu\/de\/termek\/17166\/#primaryimage","url":"https:\/\/t-rock.hu\/wp-content\/uploads\/2023\/06\/moon1.jpg","contentUrl":"https:\/\/t-rock.hu\/wp-content\/uploads\/2023\/06\/moon1.jpg","width":1024,"height":683},{"@type":"BreadcrumbList","@id":"https:\/\/t-rock.hu\/de\/termek\/17166\/#breadcrumb","itemListElement":[{"@type":"ListItem","position":1,"name":"Home","item":"https:\/\/t-rock.hu\/de\/"},{"@type":"ListItem","position":2,"name":"Shop","item":"https:\/\/t-rock.hu\/shop\/"},{"@type":"ListItem","position":3,"name":"Moon"}]},{"@type":"WebSite","@id":"https:\/\/t-rock.hu\/de\/#website","url":"https:\/\/t-rock.hu\/de\/","name":"T-ROCK","description":"","publisher":{"@id":"https:\/\/t-rock.hu\/de\/#organization"},"potentialAction":[{"@type":"SearchAction","target":{"@type":"EntryPoint","urlTemplate":"https:\/\/t-rock.hu\/de\/?s={search_term_string}"},"query-input":{"@type":"PropertyValueSpecification","valueRequired":true,"valueName":"search_term_string"}}],"inLanguage":"de"},{"@type":"Organization","@id":"https:\/\/t-rock.hu\/de\/#organization","name":"T-ROCK","url":"https:\/\/t-rock.hu\/de\/","logo":{"@type":"ImageObject","inLanguage":"de","@id":"https:\/\/t-rock.hu\/de\/#\/schema\/logo\/image\/","url":"https:\/\/t-rock.hu\/wp-content\/uploads\/2023\/05\/Group.svg","contentUrl":"https:\/\/t-rock.hu\/wp-content\/uploads\/2023\/05\/Group.svg","width":84,"height":84,"caption":"T-ROCK"},"image":{"@id":"https:\/\/t-rock.hu\/de\/#\/schema\/logo\/image\/"}}]}},"_links":{"self":[{"href":"https:\/\/t-rock.hu\/de\/wp-json\/wp\/v2\/product\/17166","targetHints":{"allow":["GET"]}}],"collection":[{"href":"https:\/\/t-rock.hu\/de\/wp-json\/wp\/v2\/product"}],"about":[{"href":"https:\/\/t-rock.hu\/de\/wp-json\/wp\/v2\/types\/product"}],"version-history":[{"count":3,"href":"https:\/\/t-rock.hu\/de\/wp-json\/wp\/v2\/product\/17166\/revisions"}],"predecessor-version":[{"id":17663,"href":"https:\/\/t-rock.hu\/de\/wp-json\/wp\/v2\/product\/17166\/revisions\/17663"}],"wp:featuredmedia":[{"embeddable":true,"href":"https:\/\/t-rock.hu\/de\/wp-json\/wp\/v2\/media\/17167"}],"wp:attachment":[{"href":"https:\/\/t-rock.hu\/de\/wp-json\/wp\/v2\/media?parent=17166"}],"wp:term":[{"taxonomy":"product_brand","embeddable":true,"href":"https:\/\/t-rock.hu\/de\/wp-json\/wp\/v2\/product_brand?post=17166"},{"taxonomy":"product_cat","embeddable":true,"href":"https:\/\/t-rock.hu\/de\/wp-json\/wp\/v2\/product_cat?post=17166"},{"taxonomy":"product_tag","embeddable":true,"href":"https:\/\/t-rock.hu\/de\/wp-json\/wp\/v2\/product_tag?post=17166"}],"curies":[{"name":"wp","href":"https:\/\/api.w.org\/{rel}","templated":true}]}}