{"id":17230,"date":"2023-06-07T13:11:44","date_gmt":"2023-06-07T13:11:44","guid":{"rendered":"https:\/\/trock.designpartner.hu\/?post_type=product&#038;p=17230"},"modified":"2025-08-02T10:19:28","modified_gmt":"2025-08-02T08:19:28","slug":"rock-tales","status":"publish","type":"product","link":"https:\/\/t-rock.hu\/de\/termek\/rock-tales\/","title":{"rendered":"Rock Tales"},"content":{"rendered":"","protected":false},"excerpt":{"rendered":"<p>Hat darab ergon\u00f3mikusan lekerek\u00edtett zsebes fog\u00e1s k\u00fcl\u00f6nf\u00e9le m\u00e9retben. Szikla form\u00e1k ihlette formakincsek, melyek minden falstrukt\u00far\u00e1r\u00e1n ide\u00e1lis lehet\u0151s\u00e9geket ny\u00fajtanak a m\u00e1sz\u00e1sra. Finom szemcse szerkezet\u0171 fel\u00fcletekkel rendelkeznek, amelyek k\u00edm\u00e9lik a m\u00e1sz\u00f3 b\u0151r\u00e9t, \u00e9s tiszt\u00e1n tart\u00e1suk is egyszer\u0171v\u00e9 v\u00e1lik\u00a0ez\u00e1ltal.<\/p>\n<p>Darabsz\u00e1m: 6 db<\/p>\n<p>M\u00e9retek: 4 S; 1 M; 1 L<\/p>\n","protected":false},"featured_media":17231,"template":"","meta":[],"product_brand":[],"product_cat":[163],"product_tag":[],"class_list":{"0":"post-17230","1":"product","2":"type-product","3":"status-publish","4":"has-post-thumbnail","6":"product_cat-szett","8":"first","9":"instock","10":"shipping-taxable","11":"purchasable","12":"product-type-simple"},"yoast_head":"<!-- This site is optimized with the Yoast SEO Premium plugin v20.10 (Yoast SEO v27.4) - https:\/\/yoast.com\/product\/yoast-seo-premium-wordpress\/ -->\n<title>Rock Tales - T-ROCK<\/title>\n<meta name=\"robots\" content=\"index, follow, max-snippet:-1, max-image-preview:large, max-video-preview:-1\" \/>\n<link rel=\"canonical\" href=\"https:\/\/t-rock.hu\/de\/termek\/rock-tales\/\" \/>\n<meta property=\"og:locale\" content=\"de_DE\" \/>\n<meta property=\"og:type\" content=\"article\" \/>\n<meta property=\"og:title\" content=\"Rock Tales\" \/>\n<meta property=\"og:description\" content=\"Hat darab ergon\u00f3mikusan lekerek\u00edtett zsebes fog\u00e1s k\u00fcl\u00f6nf\u00e9le m\u00e9retben. Szikla form\u00e1k ihlette formakincsek, melyek minden falstrukt\u00far\u00e1r\u00e1n ide\u00e1lis lehet\u0151s\u00e9geket ny\u00fajtanak a m\u00e1sz\u00e1sra. Finom szemcse szerkezet\u0171 fel\u00fcletekkel rendelkeznek, amelyek k\u00edm\u00e9lik a m\u00e1sz\u00f3 b\u0151r\u00e9t, \u00e9s tiszt\u00e1n tart\u00e1suk is egyszer\u0171v\u00e9 v\u00e1lik\u00a0ez\u00e1ltal.  Darabsz\u00e1m: 6 db  M\u00e9retek: 4 S; 1 M; 1 L\" \/>\n<meta property=\"og:url\" content=\"https:\/\/t-rock.hu\/de\/termek\/rock-tales\/\" \/>\n<meta property=\"og:site_name\" content=\"T-ROCK\" \/>\n<meta property=\"article:modified_time\" content=\"2025-08-02T08:19:28+00:00\" \/>\n<meta property=\"og:image\" content=\"https:\/\/t-rock.hu\/wp-content\/uploads\/2023\/06\/rock-tales-02.jpg\" \/>\n\t<meta property=\"og:image:width\" content=\"1400\" \/>\n\t<meta property=\"og:image:height\" content=\"811\" \/>\n\t<meta property=\"og:image:type\" content=\"image\/jpeg\" \/>\n<meta name=\"twitter:card\" content=\"summary_large_image\" \/>\n<script type=\"application\/ld+json\" class=\"yoast-schema-graph\">{\"@context\":\"https:\\\/\\\/schema.org\",\"@graph\":[{\"@type\":\"WebPage\",\"@id\":\"https:\\\/\\\/t-rock.hu\\\/de\\\/termek\\\/rock-tales\\\/\",\"url\":\"https:\\\/\\\/t-rock.hu\\\/de\\\/termek\\\/rock-tales\\\/\",\"name\":\"Rock Tales - T-ROCK\",\"isPartOf\":{\"@id\":\"https:\\\/\\\/t-rock.hu\\\/de\\\/#website\"},\"primaryImageOfPage\":{\"@id\":\"https:\\\/\\\/t-rock.hu\\\/de\\\/termek\\\/rock-tales\\\/#primaryimage\"},\"image\":{\"@id\":\"https:\\\/\\\/t-rock.hu\\\/de\\\/termek\\\/rock-tales\\\/#primaryimage\"},\"thumbnailUrl\":\"https:\\\/\\\/t-rock.hu\\\/wp-content\\\/uploads\\\/2023\\\/06\\\/rock-tales-02.jpg\",\"datePublished\":\"2023-06-07T13:11:44+00:00\",\"dateModified\":\"2025-08-02T08:19:28+00:00\",\"breadcrumb\":{\"@id\":\"https:\\\/\\\/t-rock.hu\\\/de\\\/termek\\\/rock-tales\\\/#breadcrumb\"},\"inLanguage\":\"de\",\"potentialAction\":[{\"@type\":\"ReadAction\",\"target\":[\"https:\\\/\\\/t-rock.hu\\\/de\\\/termek\\\/rock-tales\\\/\"]}]},{\"@type\":\"ImageObject\",\"inLanguage\":\"de\",\"@id\":\"https:\\\/\\\/t-rock.hu\\\/de\\\/termek\\\/rock-tales\\\/#primaryimage\",\"url\":\"https:\\\/\\\/t-rock.hu\\\/wp-content\\\/uploads\\\/2023\\\/06\\\/rock-tales-02.jpg\",\"contentUrl\":\"https:\\\/\\\/t-rock.hu\\\/wp-content\\\/uploads\\\/2023\\\/06\\\/rock-tales-02.jpg\",\"width\":1400,\"height\":811},{\"@type\":\"BreadcrumbList\",\"@id\":\"https:\\\/\\\/t-rock.hu\\\/de\\\/termek\\\/rock-tales\\\/#breadcrumb\",\"itemListElement\":[{\"@type\":\"ListItem\",\"position\":1,\"name\":\"Home\",\"item\":\"https:\\\/\\\/t-rock.hu\\\/de\\\/\"},{\"@type\":\"ListItem\",\"position\":2,\"name\":\"Shop\",\"item\":\"https:\\\/\\\/t-rock.hu\\\/shop\\\/\"},{\"@type\":\"ListItem\",\"position\":3,\"name\":\"Rock Tales\"}]},{\"@type\":\"WebSite\",\"@id\":\"https:\\\/\\\/t-rock.hu\\\/de\\\/#website\",\"url\":\"https:\\\/\\\/t-rock.hu\\\/de\\\/\",\"name\":\"T-ROCK\",\"description\":\"\",\"publisher\":{\"@id\":\"https:\\\/\\\/t-rock.hu\\\/de\\\/#organization\"},\"potentialAction\":[{\"@type\":\"SearchAction\",\"target\":{\"@type\":\"EntryPoint\",\"urlTemplate\":\"https:\\\/\\\/t-rock.hu\\\/de\\\/?s={search_term_string}\"},\"query-input\":{\"@type\":\"PropertyValueSpecification\",\"valueRequired\":true,\"valueName\":\"search_term_string\"}}],\"inLanguage\":\"de\"},{\"@type\":\"Organization\",\"@id\":\"https:\\\/\\\/t-rock.hu\\\/de\\\/#organization\",\"name\":\"T-ROCK\",\"url\":\"https:\\\/\\\/t-rock.hu\\\/de\\\/\",\"logo\":{\"@type\":\"ImageObject\",\"inLanguage\":\"de\",\"@id\":\"https:\\\/\\\/t-rock.hu\\\/de\\\/#\\\/schema\\\/logo\\\/image\\\/\",\"url\":\"https:\\\/\\\/t-rock.hu\\\/wp-content\\\/uploads\\\/2023\\\/05\\\/Group.svg\",\"contentUrl\":\"https:\\\/\\\/t-rock.hu\\\/wp-content\\\/uploads\\\/2023\\\/05\\\/Group.svg\",\"width\":84,\"height\":84,\"caption\":\"T-ROCK\"},\"image\":{\"@id\":\"https:\\\/\\\/t-rock.hu\\\/de\\\/#\\\/schema\\\/logo\\\/image\\\/\"}}]}<\/script>\n<!-- \/ Yoast SEO Premium plugin. -->","yoast_head_json":{"title":"Rock Tales - T-ROCK","robots":{"index":"index","follow":"follow","max-snippet":"max-snippet:-1","max-image-preview":"max-image-preview:large","max-video-preview":"max-video-preview:-1"},"canonical":"https:\/\/t-rock.hu\/de\/termek\/rock-tales\/","og_locale":"de_DE","og_type":"article","og_title":"Rock Tales","og_description":"Hat darab ergon\u00f3mikusan lekerek\u00edtett zsebes fog\u00e1s k\u00fcl\u00f6nf\u00e9le m\u00e9retben. Szikla form\u00e1k ihlette formakincsek, melyek minden falstrukt\u00far\u00e1r\u00e1n ide\u00e1lis lehet\u0151s\u00e9geket ny\u00fajtanak a m\u00e1sz\u00e1sra. Finom szemcse szerkezet\u0171 fel\u00fcletekkel rendelkeznek, amelyek k\u00edm\u00e9lik a m\u00e1sz\u00f3 b\u0151r\u00e9t, \u00e9s tiszt\u00e1n tart\u00e1suk is egyszer\u0171v\u00e9 v\u00e1lik\u00a0ez\u00e1ltal.  Darabsz\u00e1m: 6 db  M\u00e9retek: 4 S; 1 M; 1 L","og_url":"https:\/\/t-rock.hu\/de\/termek\/rock-tales\/","og_site_name":"T-ROCK","article_modified_time":"2025-08-02T08:19:28+00:00","og_image":[{"width":1400,"height":811,"url":"https:\/\/t-rock.hu\/wp-content\/uploads\/2023\/06\/rock-tales-02.jpg","type":"image\/jpeg"}],"twitter_card":"summary_large_image","schema":{"@context":"https:\/\/schema.org","@graph":[{"@type":"WebPage","@id":"https:\/\/t-rock.hu\/de\/termek\/rock-tales\/","url":"https:\/\/t-rock.hu\/de\/termek\/rock-tales\/","name":"Rock Tales - T-ROCK","isPartOf":{"@id":"https:\/\/t-rock.hu\/de\/#website"},"primaryImageOfPage":{"@id":"https:\/\/t-rock.hu\/de\/termek\/rock-tales\/#primaryimage"},"image":{"@id":"https:\/\/t-rock.hu\/de\/termek\/rock-tales\/#primaryimage"},"thumbnailUrl":"https:\/\/t-rock.hu\/wp-content\/uploads\/2023\/06\/rock-tales-02.jpg","datePublished":"2023-06-07T13:11:44+00:00","dateModified":"2025-08-02T08:19:28+00:00","breadcrumb":{"@id":"https:\/\/t-rock.hu\/de\/termek\/rock-tales\/#breadcrumb"},"inLanguage":"de","potentialAction":[{"@type":"ReadAction","target":["https:\/\/t-rock.hu\/de\/termek\/rock-tales\/"]}]},{"@type":"ImageObject","inLanguage":"de","@id":"https:\/\/t-rock.hu\/de\/termek\/rock-tales\/#primaryimage","url":"https:\/\/t-rock.hu\/wp-content\/uploads\/2023\/06\/rock-tales-02.jpg","contentUrl":"https:\/\/t-rock.hu\/wp-content\/uploads\/2023\/06\/rock-tales-02.jpg","width":1400,"height":811},{"@type":"BreadcrumbList","@id":"https:\/\/t-rock.hu\/de\/termek\/rock-tales\/#breadcrumb","itemListElement":[{"@type":"ListItem","position":1,"name":"Home","item":"https:\/\/t-rock.hu\/de\/"},{"@type":"ListItem","position":2,"name":"Shop","item":"https:\/\/t-rock.hu\/shop\/"},{"@type":"ListItem","position":3,"name":"Rock Tales"}]},{"@type":"WebSite","@id":"https:\/\/t-rock.hu\/de\/#website","url":"https:\/\/t-rock.hu\/de\/","name":"T-ROCK","description":"","publisher":{"@id":"https:\/\/t-rock.hu\/de\/#organization"},"potentialAction":[{"@type":"SearchAction","target":{"@type":"EntryPoint","urlTemplate":"https:\/\/t-rock.hu\/de\/?s={search_term_string}"},"query-input":{"@type":"PropertyValueSpecification","valueRequired":true,"valueName":"search_term_string"}}],"inLanguage":"de"},{"@type":"Organization","@id":"https:\/\/t-rock.hu\/de\/#organization","name":"T-ROCK","url":"https:\/\/t-rock.hu\/de\/","logo":{"@type":"ImageObject","inLanguage":"de","@id":"https:\/\/t-rock.hu\/de\/#\/schema\/logo\/image\/","url":"https:\/\/t-rock.hu\/wp-content\/uploads\/2023\/05\/Group.svg","contentUrl":"https:\/\/t-rock.hu\/wp-content\/uploads\/2023\/05\/Group.svg","width":84,"height":84,"caption":"T-ROCK"},"image":{"@id":"https:\/\/t-rock.hu\/de\/#\/schema\/logo\/image\/"}}]}},"_links":{"self":[{"href":"https:\/\/t-rock.hu\/de\/wp-json\/wp\/v2\/product\/17230","targetHints":{"allow":["GET"]}}],"collection":[{"href":"https:\/\/t-rock.hu\/de\/wp-json\/wp\/v2\/product"}],"about":[{"href":"https:\/\/t-rock.hu\/de\/wp-json\/wp\/v2\/types\/product"}],"version-history":[{"count":2,"href":"https:\/\/t-rock.hu\/de\/wp-json\/wp\/v2\/product\/17230\/revisions"}],"predecessor-version":[{"id":17552,"href":"https:\/\/t-rock.hu\/de\/wp-json\/wp\/v2\/product\/17230\/revisions\/17552"}],"wp:featuredmedia":[{"embeddable":true,"href":"https:\/\/t-rock.hu\/de\/wp-json\/wp\/v2\/media\/17231"}],"wp:attachment":[{"href":"https:\/\/t-rock.hu\/de\/wp-json\/wp\/v2\/media?parent=17230"}],"wp:term":[{"taxonomy":"product_brand","embeddable":true,"href":"https:\/\/t-rock.hu\/de\/wp-json\/wp\/v2\/product_brand?post=17230"},{"taxonomy":"product_cat","embeddable":true,"href":"https:\/\/t-rock.hu\/de\/wp-json\/wp\/v2\/product_cat?post=17230"},{"taxonomy":"product_tag","embeddable":true,"href":"https:\/\/t-rock.hu\/de\/wp-json\/wp\/v2\/product_tag?post=17230"}],"curies":[{"name":"wp","href":"https:\/\/api.w.org\/{rel}","templated":true}]}}