{"id":17337,"date":"2023-06-07T14:00:29","date_gmt":"2023-06-07T14:00:29","guid":{"rendered":"https:\/\/trock.designpartner.hu\/?post_type=product&#038;p=17337"},"modified":"2025-08-02T10:13:48","modified_gmt":"2025-08-02T08:13:48","slug":"wind-and-water","status":"publish","type":"product","link":"https:\/\/t-rock.hu\/de\/termek\/wind-and-water\/","title":{"rendered":"Wind and Water"},"content":{"rendered":"","protected":false},"excerpt":{"rendered":"<p>A v\u00edz csiszolta m\u00e9szk\u0151 form\u00e1j\u00e1ra eml\u00e9keztet\u0151 fog\u00e1sok, 2-3 cm m\u00e9ly zsebekkel. A fog\u00e1sok r\u00f6gz\u00edt\u00e9s\u00e9hez plusz poz\u00edcion\u00e1l\u00f3 csavar sz\u00fcks\u00e9ges. Kezd\u0151t\u0151l a halad\u00f3 m\u00e1sz\u00f3kig, mindenf\u00e9le falstrukt\u00far\u00e1ra aj\u00e1nljuk<\/p>\n<p>Darabsz\u00e1m:\u00a010\u00a0db<\/p>\n<p>M\u00e9retek:\u00a01 L,\u00a0 3 XL, 2 XXL, 3 Mega, 1 Makro<\/p>\n","protected":false},"featured_media":17338,"template":"","meta":[],"product_brand":[],"product_cat":[163],"product_tag":[],"class_list":{"0":"post-17337","1":"product","2":"type-product","3":"status-publish","4":"has-post-thumbnail","6":"product_cat-szett","8":"first","9":"instock","10":"shipping-taxable","11":"purchasable","12":"product-type-simple"},"yoast_head":"<!-- This site is optimized with the Yoast SEO Premium plugin v20.10 (Yoast SEO v27.4) - https:\/\/yoast.com\/product\/yoast-seo-premium-wordpress\/ -->\n<title>Wind and Water - T-ROCK<\/title>\n<meta name=\"robots\" content=\"index, follow, max-snippet:-1, max-image-preview:large, max-video-preview:-1\" \/>\n<link rel=\"canonical\" href=\"https:\/\/t-rock.hu\/de\/termek\/wind-and-water\/\" \/>\n<meta property=\"og:locale\" content=\"de_DE\" \/>\n<meta property=\"og:type\" content=\"article\" \/>\n<meta property=\"og:title\" content=\"Wind and Water\" \/>\n<meta property=\"og:description\" content=\"A v\u00edz csiszolta m\u00e9szk\u0151 form\u00e1j\u00e1ra eml\u00e9keztet\u0151 fog\u00e1sok, 2-3 cm m\u00e9ly zsebekkel. A fog\u00e1sok r\u00f6gz\u00edt\u00e9s\u00e9hez plusz poz\u00edcion\u00e1l\u00f3 csavar sz\u00fcks\u00e9ges. Kezd\u0151t\u0151l a halad\u00f3 m\u00e1sz\u00f3kig, mindenf\u00e9le falstrukt\u00far\u00e1ra aj\u00e1nljuk  Darabsz\u00e1m:\u00a010\u00a0db  M\u00e9retek:\u00a01 L,\u00a0 3 XL, 2 XXL, 3 Mega, 1 Makro\" \/>\n<meta property=\"og:url\" content=\"https:\/\/t-rock.hu\/de\/termek\/wind-and-water\/\" \/>\n<meta property=\"og:site_name\" content=\"T-ROCK\" \/>\n<meta property=\"article:modified_time\" content=\"2025-08-02T08:13:48+00:00\" \/>\n<meta property=\"og:image\" content=\"https:\/\/t-rock.hu\/wp-content\/uploads\/2023\/06\/WindandWaterszett.jpg\" \/>\n\t<meta property=\"og:image:width\" content=\"835\" \/>\n\t<meta property=\"og:image:height\" content=\"790\" \/>\n\t<meta property=\"og:image:type\" content=\"image\/jpeg\" \/>\n<meta name=\"twitter:card\" content=\"summary_large_image\" \/>\n<script type=\"application\/ld+json\" class=\"yoast-schema-graph\">{\"@context\":\"https:\\\/\\\/schema.org\",\"@graph\":[{\"@type\":\"WebPage\",\"@id\":\"https:\\\/\\\/t-rock.hu\\\/de\\\/termek\\\/wind-and-water\\\/\",\"url\":\"https:\\\/\\\/t-rock.hu\\\/de\\\/termek\\\/wind-and-water\\\/\",\"name\":\"Wind and Water - T-ROCK\",\"isPartOf\":{\"@id\":\"https:\\\/\\\/t-rock.hu\\\/de\\\/#website\"},\"primaryImageOfPage\":{\"@id\":\"https:\\\/\\\/t-rock.hu\\\/de\\\/termek\\\/wind-and-water\\\/#primaryimage\"},\"image\":{\"@id\":\"https:\\\/\\\/t-rock.hu\\\/de\\\/termek\\\/wind-and-water\\\/#primaryimage\"},\"thumbnailUrl\":\"https:\\\/\\\/t-rock.hu\\\/wp-content\\\/uploads\\\/2023\\\/06\\\/WindandWaterszett.jpg\",\"datePublished\":\"2023-06-07T14:00:29+00:00\",\"dateModified\":\"2025-08-02T08:13:48+00:00\",\"breadcrumb\":{\"@id\":\"https:\\\/\\\/t-rock.hu\\\/de\\\/termek\\\/wind-and-water\\\/#breadcrumb\"},\"inLanguage\":\"de\",\"potentialAction\":[{\"@type\":\"ReadAction\",\"target\":[\"https:\\\/\\\/t-rock.hu\\\/de\\\/termek\\\/wind-and-water\\\/\"]}]},{\"@type\":\"ImageObject\",\"inLanguage\":\"de\",\"@id\":\"https:\\\/\\\/t-rock.hu\\\/de\\\/termek\\\/wind-and-water\\\/#primaryimage\",\"url\":\"https:\\\/\\\/t-rock.hu\\\/wp-content\\\/uploads\\\/2023\\\/06\\\/WindandWaterszett.jpg\",\"contentUrl\":\"https:\\\/\\\/t-rock.hu\\\/wp-content\\\/uploads\\\/2023\\\/06\\\/WindandWaterszett.jpg\",\"width\":835,\"height\":790},{\"@type\":\"BreadcrumbList\",\"@id\":\"https:\\\/\\\/t-rock.hu\\\/de\\\/termek\\\/wind-and-water\\\/#breadcrumb\",\"itemListElement\":[{\"@type\":\"ListItem\",\"position\":1,\"name\":\"Home\",\"item\":\"https:\\\/\\\/t-rock.hu\\\/de\\\/\"},{\"@type\":\"ListItem\",\"position\":2,\"name\":\"Shop\",\"item\":\"https:\\\/\\\/t-rock.hu\\\/shop\\\/\"},{\"@type\":\"ListItem\",\"position\":3,\"name\":\"Wind and Water\"}]},{\"@type\":\"WebSite\",\"@id\":\"https:\\\/\\\/t-rock.hu\\\/de\\\/#website\",\"url\":\"https:\\\/\\\/t-rock.hu\\\/de\\\/\",\"name\":\"T-ROCK\",\"description\":\"\",\"publisher\":{\"@id\":\"https:\\\/\\\/t-rock.hu\\\/de\\\/#organization\"},\"potentialAction\":[{\"@type\":\"SearchAction\",\"target\":{\"@type\":\"EntryPoint\",\"urlTemplate\":\"https:\\\/\\\/t-rock.hu\\\/de\\\/?s={search_term_string}\"},\"query-input\":{\"@type\":\"PropertyValueSpecification\",\"valueRequired\":true,\"valueName\":\"search_term_string\"}}],\"inLanguage\":\"de\"},{\"@type\":\"Organization\",\"@id\":\"https:\\\/\\\/t-rock.hu\\\/de\\\/#organization\",\"name\":\"T-ROCK\",\"url\":\"https:\\\/\\\/t-rock.hu\\\/de\\\/\",\"logo\":{\"@type\":\"ImageObject\",\"inLanguage\":\"de\",\"@id\":\"https:\\\/\\\/t-rock.hu\\\/de\\\/#\\\/schema\\\/logo\\\/image\\\/\",\"url\":\"https:\\\/\\\/t-rock.hu\\\/wp-content\\\/uploads\\\/2023\\\/05\\\/Group.svg\",\"contentUrl\":\"https:\\\/\\\/t-rock.hu\\\/wp-content\\\/uploads\\\/2023\\\/05\\\/Group.svg\",\"width\":84,\"height\":84,\"caption\":\"T-ROCK\"},\"image\":{\"@id\":\"https:\\\/\\\/t-rock.hu\\\/de\\\/#\\\/schema\\\/logo\\\/image\\\/\"}}]}<\/script>\n<!-- \/ Yoast SEO Premium plugin. -->","yoast_head_json":{"title":"Wind and Water - T-ROCK","robots":{"index":"index","follow":"follow","max-snippet":"max-snippet:-1","max-image-preview":"max-image-preview:large","max-video-preview":"max-video-preview:-1"},"canonical":"https:\/\/t-rock.hu\/de\/termek\/wind-and-water\/","og_locale":"de_DE","og_type":"article","og_title":"Wind and Water","og_description":"A v\u00edz csiszolta m\u00e9szk\u0151 form\u00e1j\u00e1ra eml\u00e9keztet\u0151 fog\u00e1sok, 2-3 cm m\u00e9ly zsebekkel. A fog\u00e1sok r\u00f6gz\u00edt\u00e9s\u00e9hez plusz poz\u00edcion\u00e1l\u00f3 csavar sz\u00fcks\u00e9ges. Kezd\u0151t\u0151l a halad\u00f3 m\u00e1sz\u00f3kig, mindenf\u00e9le falstrukt\u00far\u00e1ra aj\u00e1nljuk  Darabsz\u00e1m:\u00a010\u00a0db  M\u00e9retek:\u00a01 L,\u00a0 3 XL, 2 XXL, 3 Mega, 1 Makro","og_url":"https:\/\/t-rock.hu\/de\/termek\/wind-and-water\/","og_site_name":"T-ROCK","article_modified_time":"2025-08-02T08:13:48+00:00","og_image":[{"width":835,"height":790,"url":"https:\/\/t-rock.hu\/wp-content\/uploads\/2023\/06\/WindandWaterszett.jpg","type":"image\/jpeg"}],"twitter_card":"summary_large_image","schema":{"@context":"https:\/\/schema.org","@graph":[{"@type":"WebPage","@id":"https:\/\/t-rock.hu\/de\/termek\/wind-and-water\/","url":"https:\/\/t-rock.hu\/de\/termek\/wind-and-water\/","name":"Wind and Water - T-ROCK","isPartOf":{"@id":"https:\/\/t-rock.hu\/de\/#website"},"primaryImageOfPage":{"@id":"https:\/\/t-rock.hu\/de\/termek\/wind-and-water\/#primaryimage"},"image":{"@id":"https:\/\/t-rock.hu\/de\/termek\/wind-and-water\/#primaryimage"},"thumbnailUrl":"https:\/\/t-rock.hu\/wp-content\/uploads\/2023\/06\/WindandWaterszett.jpg","datePublished":"2023-06-07T14:00:29+00:00","dateModified":"2025-08-02T08:13:48+00:00","breadcrumb":{"@id":"https:\/\/t-rock.hu\/de\/termek\/wind-and-water\/#breadcrumb"},"inLanguage":"de","potentialAction":[{"@type":"ReadAction","target":["https:\/\/t-rock.hu\/de\/termek\/wind-and-water\/"]}]},{"@type":"ImageObject","inLanguage":"de","@id":"https:\/\/t-rock.hu\/de\/termek\/wind-and-water\/#primaryimage","url":"https:\/\/t-rock.hu\/wp-content\/uploads\/2023\/06\/WindandWaterszett.jpg","contentUrl":"https:\/\/t-rock.hu\/wp-content\/uploads\/2023\/06\/WindandWaterszett.jpg","width":835,"height":790},{"@type":"BreadcrumbList","@id":"https:\/\/t-rock.hu\/de\/termek\/wind-and-water\/#breadcrumb","itemListElement":[{"@type":"ListItem","position":1,"name":"Home","item":"https:\/\/t-rock.hu\/de\/"},{"@type":"ListItem","position":2,"name":"Shop","item":"https:\/\/t-rock.hu\/shop\/"},{"@type":"ListItem","position":3,"name":"Wind and Water"}]},{"@type":"WebSite","@id":"https:\/\/t-rock.hu\/de\/#website","url":"https:\/\/t-rock.hu\/de\/","name":"T-ROCK","description":"","publisher":{"@id":"https:\/\/t-rock.hu\/de\/#organization"},"potentialAction":[{"@type":"SearchAction","target":{"@type":"EntryPoint","urlTemplate":"https:\/\/t-rock.hu\/de\/?s={search_term_string}"},"query-input":{"@type":"PropertyValueSpecification","valueRequired":true,"valueName":"search_term_string"}}],"inLanguage":"de"},{"@type":"Organization","@id":"https:\/\/t-rock.hu\/de\/#organization","name":"T-ROCK","url":"https:\/\/t-rock.hu\/de\/","logo":{"@type":"ImageObject","inLanguage":"de","@id":"https:\/\/t-rock.hu\/de\/#\/schema\/logo\/image\/","url":"https:\/\/t-rock.hu\/wp-content\/uploads\/2023\/05\/Group.svg","contentUrl":"https:\/\/t-rock.hu\/wp-content\/uploads\/2023\/05\/Group.svg","width":84,"height":84,"caption":"T-ROCK"},"image":{"@id":"https:\/\/t-rock.hu\/de\/#\/schema\/logo\/image\/"}}]}},"_links":{"self":[{"href":"https:\/\/t-rock.hu\/de\/wp-json\/wp\/v2\/product\/17337","targetHints":{"allow":["GET"]}}],"collection":[{"href":"https:\/\/t-rock.hu\/de\/wp-json\/wp\/v2\/product"}],"about":[{"href":"https:\/\/t-rock.hu\/de\/wp-json\/wp\/v2\/types\/product"}],"version-history":[{"count":2,"href":"https:\/\/t-rock.hu\/de\/wp-json\/wp\/v2\/product\/17337\/revisions"}],"predecessor-version":[{"id":17489,"href":"https:\/\/t-rock.hu\/de\/wp-json\/wp\/v2\/product\/17337\/revisions\/17489"}],"wp:featuredmedia":[{"embeddable":true,"href":"https:\/\/t-rock.hu\/de\/wp-json\/wp\/v2\/media\/17338"}],"wp:attachment":[{"href":"https:\/\/t-rock.hu\/de\/wp-json\/wp\/v2\/media?parent=17337"}],"wp:term":[{"taxonomy":"product_brand","embeddable":true,"href":"https:\/\/t-rock.hu\/de\/wp-json\/wp\/v2\/product_brand?post=17337"},{"taxonomy":"product_cat","embeddable":true,"href":"https:\/\/t-rock.hu\/de\/wp-json\/wp\/v2\/product_cat?post=17337"},{"taxonomy":"product_tag","embeddable":true,"href":"https:\/\/t-rock.hu\/de\/wp-json\/wp\/v2\/product_tag?post=17337"}],"curies":[{"name":"wp","href":"https:\/\/api.w.org\/{rel}","templated":true}]}}