{"id":17343,"date":"2023-06-07T14:01:39","date_gmt":"2023-06-07T14:01:39","guid":{"rendered":"https:\/\/trock.designpartner.hu\/?post_type=product&#038;p=17343"},"modified":"2025-08-02T10:13:10","modified_gmt":"2025-08-02T08:13:10","slug":"primero","status":"publish","type":"product","link":"https:\/\/t-rock.hu\/de\/termek\/primero\/","title":{"rendered":"Primero"},"content":{"rendered":"","protected":false},"excerpt":{"rendered":"<p>Fossz\u00edli\u00e1kat id\u00e9z\u0151 leg\u00f6mb\u00f6ly\u00edtett ergonomikus form\u00e1k, f\u00fcgg\u0151leges falakhoz, \u00e1thajl\u00e1sokba, neh\u00e9z utakhoz \u00e9s boulderekhez aj\u00e1nljuk, kezd\u0151t\u0151l a profi m\u00e1sz\u00f3kig mindenki sz\u00e1m\u00e1ra.<\/p>\n<p>Darabsz\u00e1m:\u00a010 db<br \/>\nFog\u00e1sok: 3 S, 1 M, 1 L, 2 XL, 3 XXL<\/p>\n","protected":false},"featured_media":17344,"template":"","meta":[],"product_brand":[],"product_cat":[163],"product_tag":[],"class_list":{"0":"post-17343","1":"product","2":"type-product","3":"status-publish","4":"has-post-thumbnail","6":"product_cat-szett","8":"first","9":"instock","10":"shipping-taxable","11":"purchasable","12":"product-type-simple"},"yoast_head":"<!-- This site is optimized with the Yoast SEO Premium plugin v20.10 (Yoast SEO v27.4) - https:\/\/yoast.com\/product\/yoast-seo-premium-wordpress\/ -->\n<title>Primero - T-ROCK<\/title>\n<meta name=\"robots\" content=\"index, follow, max-snippet:-1, max-image-preview:large, max-video-preview:-1\" \/>\n<link rel=\"canonical\" href=\"https:\/\/t-rock.hu\/de\/termek\/primero\/\" \/>\n<meta property=\"og:locale\" content=\"de_DE\" \/>\n<meta property=\"og:type\" content=\"article\" \/>\n<meta property=\"og:title\" content=\"Primero\" \/>\n<meta property=\"og:description\" content=\"Fossz\u00edli\u00e1kat id\u00e9z\u0151 leg\u00f6mb\u00f6ly\u00edtett ergonomikus form\u00e1k, f\u00fcgg\u0151leges falakhoz, \u00e1thajl\u00e1sokba, neh\u00e9z utakhoz \u00e9s boulderekhez aj\u00e1nljuk, kezd\u0151t\u0151l a profi m\u00e1sz\u00f3kig mindenki sz\u00e1m\u00e1ra.  Darabsz\u00e1m:\u00a010 db Fog\u00e1sok: 3 S, 1 M, 1 L, 2 XL, 3 XXL\" \/>\n<meta property=\"og:url\" content=\"https:\/\/t-rock.hu\/de\/termek\/primero\/\" \/>\n<meta property=\"og:site_name\" content=\"T-ROCK\" \/>\n<meta property=\"article:modified_time\" content=\"2025-08-02T08:13:10+00:00\" \/>\n<meta property=\"og:image\" content=\"https:\/\/t-rock.hu\/wp-content\/uploads\/2023\/06\/Primeroszett.jpg\" \/>\n\t<meta property=\"og:image:width\" content=\"1035\" \/>\n\t<meta property=\"og:image:height\" content=\"885\" \/>\n\t<meta property=\"og:image:type\" content=\"image\/jpeg\" \/>\n<meta name=\"twitter:card\" content=\"summary_large_image\" \/>\n<script type=\"application\/ld+json\" class=\"yoast-schema-graph\">{\"@context\":\"https:\\\/\\\/schema.org\",\"@graph\":[{\"@type\":\"WebPage\",\"@id\":\"https:\\\/\\\/t-rock.hu\\\/de\\\/termek\\\/primero\\\/\",\"url\":\"https:\\\/\\\/t-rock.hu\\\/de\\\/termek\\\/primero\\\/\",\"name\":\"Primero - T-ROCK\",\"isPartOf\":{\"@id\":\"https:\\\/\\\/t-rock.hu\\\/de\\\/#website\"},\"primaryImageOfPage\":{\"@id\":\"https:\\\/\\\/t-rock.hu\\\/de\\\/termek\\\/primero\\\/#primaryimage\"},\"image\":{\"@id\":\"https:\\\/\\\/t-rock.hu\\\/de\\\/termek\\\/primero\\\/#primaryimage\"},\"thumbnailUrl\":\"https:\\\/\\\/t-rock.hu\\\/wp-content\\\/uploads\\\/2023\\\/06\\\/Primeroszett.jpg\",\"datePublished\":\"2023-06-07T14:01:39+00:00\",\"dateModified\":\"2025-08-02T08:13:10+00:00\",\"breadcrumb\":{\"@id\":\"https:\\\/\\\/t-rock.hu\\\/de\\\/termek\\\/primero\\\/#breadcrumb\"},\"inLanguage\":\"de\",\"potentialAction\":[{\"@type\":\"ReadAction\",\"target\":[\"https:\\\/\\\/t-rock.hu\\\/de\\\/termek\\\/primero\\\/\"]}]},{\"@type\":\"ImageObject\",\"inLanguage\":\"de\",\"@id\":\"https:\\\/\\\/t-rock.hu\\\/de\\\/termek\\\/primero\\\/#primaryimage\",\"url\":\"https:\\\/\\\/t-rock.hu\\\/wp-content\\\/uploads\\\/2023\\\/06\\\/Primeroszett.jpg\",\"contentUrl\":\"https:\\\/\\\/t-rock.hu\\\/wp-content\\\/uploads\\\/2023\\\/06\\\/Primeroszett.jpg\",\"width\":1035,\"height\":885},{\"@type\":\"BreadcrumbList\",\"@id\":\"https:\\\/\\\/t-rock.hu\\\/de\\\/termek\\\/primero\\\/#breadcrumb\",\"itemListElement\":[{\"@type\":\"ListItem\",\"position\":1,\"name\":\"Home\",\"item\":\"https:\\\/\\\/t-rock.hu\\\/de\\\/\"},{\"@type\":\"ListItem\",\"position\":2,\"name\":\"Shop\",\"item\":\"https:\\\/\\\/t-rock.hu\\\/shop\\\/\"},{\"@type\":\"ListItem\",\"position\":3,\"name\":\"Primero\"}]},{\"@type\":\"WebSite\",\"@id\":\"https:\\\/\\\/t-rock.hu\\\/de\\\/#website\",\"url\":\"https:\\\/\\\/t-rock.hu\\\/de\\\/\",\"name\":\"T-ROCK\",\"description\":\"\",\"publisher\":{\"@id\":\"https:\\\/\\\/t-rock.hu\\\/de\\\/#organization\"},\"potentialAction\":[{\"@type\":\"SearchAction\",\"target\":{\"@type\":\"EntryPoint\",\"urlTemplate\":\"https:\\\/\\\/t-rock.hu\\\/de\\\/?s={search_term_string}\"},\"query-input\":{\"@type\":\"PropertyValueSpecification\",\"valueRequired\":true,\"valueName\":\"search_term_string\"}}],\"inLanguage\":\"de\"},{\"@type\":\"Organization\",\"@id\":\"https:\\\/\\\/t-rock.hu\\\/de\\\/#organization\",\"name\":\"T-ROCK\",\"url\":\"https:\\\/\\\/t-rock.hu\\\/de\\\/\",\"logo\":{\"@type\":\"ImageObject\",\"inLanguage\":\"de\",\"@id\":\"https:\\\/\\\/t-rock.hu\\\/de\\\/#\\\/schema\\\/logo\\\/image\\\/\",\"url\":\"https:\\\/\\\/t-rock.hu\\\/wp-content\\\/uploads\\\/2023\\\/05\\\/Group.svg\",\"contentUrl\":\"https:\\\/\\\/t-rock.hu\\\/wp-content\\\/uploads\\\/2023\\\/05\\\/Group.svg\",\"width\":84,\"height\":84,\"caption\":\"T-ROCK\"},\"image\":{\"@id\":\"https:\\\/\\\/t-rock.hu\\\/de\\\/#\\\/schema\\\/logo\\\/image\\\/\"}}]}<\/script>\n<!-- \/ Yoast SEO Premium plugin. -->","yoast_head_json":{"title":"Primero - T-ROCK","robots":{"index":"index","follow":"follow","max-snippet":"max-snippet:-1","max-image-preview":"max-image-preview:large","max-video-preview":"max-video-preview:-1"},"canonical":"https:\/\/t-rock.hu\/de\/termek\/primero\/","og_locale":"de_DE","og_type":"article","og_title":"Primero","og_description":"Fossz\u00edli\u00e1kat id\u00e9z\u0151 leg\u00f6mb\u00f6ly\u00edtett ergonomikus form\u00e1k, f\u00fcgg\u0151leges falakhoz, \u00e1thajl\u00e1sokba, neh\u00e9z utakhoz \u00e9s boulderekhez aj\u00e1nljuk, kezd\u0151t\u0151l a profi m\u00e1sz\u00f3kig mindenki sz\u00e1m\u00e1ra.  Darabsz\u00e1m:\u00a010 db Fog\u00e1sok: 3 S, 1 M, 1 L, 2 XL, 3 XXL","og_url":"https:\/\/t-rock.hu\/de\/termek\/primero\/","og_site_name":"T-ROCK","article_modified_time":"2025-08-02T08:13:10+00:00","og_image":[{"width":1035,"height":885,"url":"https:\/\/t-rock.hu\/wp-content\/uploads\/2023\/06\/Primeroszett.jpg","type":"image\/jpeg"}],"twitter_card":"summary_large_image","schema":{"@context":"https:\/\/schema.org","@graph":[{"@type":"WebPage","@id":"https:\/\/t-rock.hu\/de\/termek\/primero\/","url":"https:\/\/t-rock.hu\/de\/termek\/primero\/","name":"Primero - T-ROCK","isPartOf":{"@id":"https:\/\/t-rock.hu\/de\/#website"},"primaryImageOfPage":{"@id":"https:\/\/t-rock.hu\/de\/termek\/primero\/#primaryimage"},"image":{"@id":"https:\/\/t-rock.hu\/de\/termek\/primero\/#primaryimage"},"thumbnailUrl":"https:\/\/t-rock.hu\/wp-content\/uploads\/2023\/06\/Primeroszett.jpg","datePublished":"2023-06-07T14:01:39+00:00","dateModified":"2025-08-02T08:13:10+00:00","breadcrumb":{"@id":"https:\/\/t-rock.hu\/de\/termek\/primero\/#breadcrumb"},"inLanguage":"de","potentialAction":[{"@type":"ReadAction","target":["https:\/\/t-rock.hu\/de\/termek\/primero\/"]}]},{"@type":"ImageObject","inLanguage":"de","@id":"https:\/\/t-rock.hu\/de\/termek\/primero\/#primaryimage","url":"https:\/\/t-rock.hu\/wp-content\/uploads\/2023\/06\/Primeroszett.jpg","contentUrl":"https:\/\/t-rock.hu\/wp-content\/uploads\/2023\/06\/Primeroszett.jpg","width":1035,"height":885},{"@type":"BreadcrumbList","@id":"https:\/\/t-rock.hu\/de\/termek\/primero\/#breadcrumb","itemListElement":[{"@type":"ListItem","position":1,"name":"Home","item":"https:\/\/t-rock.hu\/de\/"},{"@type":"ListItem","position":2,"name":"Shop","item":"https:\/\/t-rock.hu\/shop\/"},{"@type":"ListItem","position":3,"name":"Primero"}]},{"@type":"WebSite","@id":"https:\/\/t-rock.hu\/de\/#website","url":"https:\/\/t-rock.hu\/de\/","name":"T-ROCK","description":"","publisher":{"@id":"https:\/\/t-rock.hu\/de\/#organization"},"potentialAction":[{"@type":"SearchAction","target":{"@type":"EntryPoint","urlTemplate":"https:\/\/t-rock.hu\/de\/?s={search_term_string}"},"query-input":{"@type":"PropertyValueSpecification","valueRequired":true,"valueName":"search_term_string"}}],"inLanguage":"de"},{"@type":"Organization","@id":"https:\/\/t-rock.hu\/de\/#organization","name":"T-ROCK","url":"https:\/\/t-rock.hu\/de\/","logo":{"@type":"ImageObject","inLanguage":"de","@id":"https:\/\/t-rock.hu\/de\/#\/schema\/logo\/image\/","url":"https:\/\/t-rock.hu\/wp-content\/uploads\/2023\/05\/Group.svg","contentUrl":"https:\/\/t-rock.hu\/wp-content\/uploads\/2023\/05\/Group.svg","width":84,"height":84,"caption":"T-ROCK"},"image":{"@id":"https:\/\/t-rock.hu\/de\/#\/schema\/logo\/image\/"}}]}},"_links":{"self":[{"href":"https:\/\/t-rock.hu\/de\/wp-json\/wp\/v2\/product\/17343","targetHints":{"allow":["GET"]}}],"collection":[{"href":"https:\/\/t-rock.hu\/de\/wp-json\/wp\/v2\/product"}],"about":[{"href":"https:\/\/t-rock.hu\/de\/wp-json\/wp\/v2\/types\/product"}],"version-history":[{"count":2,"href":"https:\/\/t-rock.hu\/de\/wp-json\/wp\/v2\/product\/17343\/revisions"}],"predecessor-version":[{"id":17350,"href":"https:\/\/t-rock.hu\/de\/wp-json\/wp\/v2\/product\/17343\/revisions\/17350"}],"wp:featuredmedia":[{"embeddable":true,"href":"https:\/\/t-rock.hu\/de\/wp-json\/wp\/v2\/media\/17344"}],"wp:attachment":[{"href":"https:\/\/t-rock.hu\/de\/wp-json\/wp\/v2\/media?parent=17343"}],"wp:term":[{"taxonomy":"product_brand","embeddable":true,"href":"https:\/\/t-rock.hu\/de\/wp-json\/wp\/v2\/product_brand?post=17343"},{"taxonomy":"product_cat","embeddable":true,"href":"https:\/\/t-rock.hu\/de\/wp-json\/wp\/v2\/product_cat?post=17343"},{"taxonomy":"product_tag","embeddable":true,"href":"https:\/\/t-rock.hu\/de\/wp-json\/wp\/v2\/product_tag?post=17343"}],"curies":[{"name":"wp","href":"https:\/\/api.w.org\/{rel}","templated":true}]}}