{"id":17351,"date":"2023-06-07T14:04:03","date_gmt":"2023-06-07T14:04:03","guid":{"rendered":"https:\/\/trock.designpartner.hu\/?post_type=product&#038;p=17351"},"modified":"2025-08-02T10:12:51","modified_gmt":"2025-08-02T08:12:51","slug":"siesta","status":"publish","type":"product","link":"https:\/\/t-rock.hu\/de\/termek\/siesta\/","title":{"rendered":"Siesta"},"content":{"rendered":"","protected":false},"excerpt":{"rendered":"<p>\u00daj technol\u00f3gi\u00e1val k\u00e9sz\u00fclt technik\u00e1s fog\u00e1s csal\u00e1d. Gr\u00e1nitra eml\u00e9keztet\u0151 finoman kidolgozott, k\u00e9zhez \u00e1ll\u00f3, nagym\u00e9ret\u0171, nyitott form\u00e1k. K\u00f6nny\u0171 \u00e9s extr\u00e9m neh\u00e9z m\u00e1sz\u00f3utakhoz, boulderekhez aj\u00e1nljuk kezd\u0151knek \u00e9s profiknak egyar\u00e1nt.<\/p>\n<p>Darabsz\u00e1m: 6 db<\/p>\n<p>Fog\u00e1sok:1\u00a0 M, 1\u00a0 XL, 2\u00a0 XXL, 2\u00a0 Mega<\/p>\n","protected":false},"featured_media":17352,"template":"","meta":[],"product_brand":[],"product_cat":[163],"product_tag":[],"class_list":{"0":"post-17351","1":"product","2":"type-product","3":"status-publish","4":"has-post-thumbnail","6":"product_cat-szett","8":"first","9":"instock","10":"shipping-taxable","11":"purchasable","12":"product-type-simple"},"yoast_head":"<!-- This site is optimized with the Yoast SEO Premium plugin v20.10 (Yoast SEO v27.4) - https:\/\/yoast.com\/product\/yoast-seo-premium-wordpress\/ -->\n<title>Siesta - T-ROCK<\/title>\n<meta name=\"robots\" content=\"index, follow, max-snippet:-1, max-image-preview:large, max-video-preview:-1\" \/>\n<link rel=\"canonical\" href=\"https:\/\/t-rock.hu\/de\/termek\/siesta\/\" \/>\n<meta property=\"og:locale\" content=\"de_DE\" \/>\n<meta property=\"og:type\" content=\"article\" \/>\n<meta property=\"og:title\" content=\"Siesta\" \/>\n<meta property=\"og:description\" content=\"\u00daj technol\u00f3gi\u00e1val k\u00e9sz\u00fclt technik\u00e1s fog\u00e1s csal\u00e1d. Gr\u00e1nitra eml\u00e9keztet\u0151 finoman kidolgozott, k\u00e9zhez \u00e1ll\u00f3, nagym\u00e9ret\u0171, nyitott form\u00e1k. K\u00f6nny\u0171 \u00e9s extr\u00e9m neh\u00e9z m\u00e1sz\u00f3utakhoz, boulderekhez aj\u00e1nljuk kezd\u0151knek \u00e9s profiknak egyar\u00e1nt.  Darabsz\u00e1m: 6 db  Fog\u00e1sok:1\u00a0 M, 1\u00a0 XL, 2\u00a0 XXL, 2\u00a0 Mega\" \/>\n<meta property=\"og:url\" content=\"https:\/\/t-rock.hu\/de\/termek\/siesta\/\" \/>\n<meta property=\"og:site_name\" content=\"T-ROCK\" \/>\n<meta property=\"article:modified_time\" content=\"2025-08-02T08:12:51+00:00\" \/>\n<meta property=\"og:image\" content=\"https:\/\/t-rock.hu\/wp-content\/uploads\/2023\/06\/Siestaszett.jpg\" \/>\n\t<meta property=\"og:image:width\" content=\"932\" \/>\n\t<meta property=\"og:image:height\" content=\"761\" \/>\n\t<meta property=\"og:image:type\" content=\"image\/jpeg\" \/>\n<meta name=\"twitter:card\" content=\"summary_large_image\" \/>\n<script type=\"application\/ld+json\" class=\"yoast-schema-graph\">{\"@context\":\"https:\\\/\\\/schema.org\",\"@graph\":[{\"@type\":\"WebPage\",\"@id\":\"https:\\\/\\\/t-rock.hu\\\/de\\\/termek\\\/siesta\\\/\",\"url\":\"https:\\\/\\\/t-rock.hu\\\/de\\\/termek\\\/siesta\\\/\",\"name\":\"Siesta - T-ROCK\",\"isPartOf\":{\"@id\":\"https:\\\/\\\/t-rock.hu\\\/de\\\/#website\"},\"primaryImageOfPage\":{\"@id\":\"https:\\\/\\\/t-rock.hu\\\/de\\\/termek\\\/siesta\\\/#primaryimage\"},\"image\":{\"@id\":\"https:\\\/\\\/t-rock.hu\\\/de\\\/termek\\\/siesta\\\/#primaryimage\"},\"thumbnailUrl\":\"https:\\\/\\\/t-rock.hu\\\/wp-content\\\/uploads\\\/2023\\\/06\\\/Siestaszett.jpg\",\"datePublished\":\"2023-06-07T14:04:03+00:00\",\"dateModified\":\"2025-08-02T08:12:51+00:00\",\"breadcrumb\":{\"@id\":\"https:\\\/\\\/t-rock.hu\\\/de\\\/termek\\\/siesta\\\/#breadcrumb\"},\"inLanguage\":\"de\",\"potentialAction\":[{\"@type\":\"ReadAction\",\"target\":[\"https:\\\/\\\/t-rock.hu\\\/de\\\/termek\\\/siesta\\\/\"]}]},{\"@type\":\"ImageObject\",\"inLanguage\":\"de\",\"@id\":\"https:\\\/\\\/t-rock.hu\\\/de\\\/termek\\\/siesta\\\/#primaryimage\",\"url\":\"https:\\\/\\\/t-rock.hu\\\/wp-content\\\/uploads\\\/2023\\\/06\\\/Siestaszett.jpg\",\"contentUrl\":\"https:\\\/\\\/t-rock.hu\\\/wp-content\\\/uploads\\\/2023\\\/06\\\/Siestaszett.jpg\",\"width\":932,\"height\":761},{\"@type\":\"BreadcrumbList\",\"@id\":\"https:\\\/\\\/t-rock.hu\\\/de\\\/termek\\\/siesta\\\/#breadcrumb\",\"itemListElement\":[{\"@type\":\"ListItem\",\"position\":1,\"name\":\"Home\",\"item\":\"https:\\\/\\\/t-rock.hu\\\/de\\\/\"},{\"@type\":\"ListItem\",\"position\":2,\"name\":\"Shop\",\"item\":\"https:\\\/\\\/t-rock.hu\\\/shop\\\/\"},{\"@type\":\"ListItem\",\"position\":3,\"name\":\"Siesta\"}]},{\"@type\":\"WebSite\",\"@id\":\"https:\\\/\\\/t-rock.hu\\\/de\\\/#website\",\"url\":\"https:\\\/\\\/t-rock.hu\\\/de\\\/\",\"name\":\"T-ROCK\",\"description\":\"\",\"publisher\":{\"@id\":\"https:\\\/\\\/t-rock.hu\\\/de\\\/#organization\"},\"potentialAction\":[{\"@type\":\"SearchAction\",\"target\":{\"@type\":\"EntryPoint\",\"urlTemplate\":\"https:\\\/\\\/t-rock.hu\\\/de\\\/?s={search_term_string}\"},\"query-input\":{\"@type\":\"PropertyValueSpecification\",\"valueRequired\":true,\"valueName\":\"search_term_string\"}}],\"inLanguage\":\"de\"},{\"@type\":\"Organization\",\"@id\":\"https:\\\/\\\/t-rock.hu\\\/de\\\/#organization\",\"name\":\"T-ROCK\",\"url\":\"https:\\\/\\\/t-rock.hu\\\/de\\\/\",\"logo\":{\"@type\":\"ImageObject\",\"inLanguage\":\"de\",\"@id\":\"https:\\\/\\\/t-rock.hu\\\/de\\\/#\\\/schema\\\/logo\\\/image\\\/\",\"url\":\"https:\\\/\\\/t-rock.hu\\\/wp-content\\\/uploads\\\/2023\\\/05\\\/Group.svg\",\"contentUrl\":\"https:\\\/\\\/t-rock.hu\\\/wp-content\\\/uploads\\\/2023\\\/05\\\/Group.svg\",\"width\":84,\"height\":84,\"caption\":\"T-ROCK\"},\"image\":{\"@id\":\"https:\\\/\\\/t-rock.hu\\\/de\\\/#\\\/schema\\\/logo\\\/image\\\/\"}}]}<\/script>\n<!-- \/ Yoast SEO Premium plugin. -->","yoast_head_json":{"title":"Siesta - T-ROCK","robots":{"index":"index","follow":"follow","max-snippet":"max-snippet:-1","max-image-preview":"max-image-preview:large","max-video-preview":"max-video-preview:-1"},"canonical":"https:\/\/t-rock.hu\/de\/termek\/siesta\/","og_locale":"de_DE","og_type":"article","og_title":"Siesta","og_description":"\u00daj technol\u00f3gi\u00e1val k\u00e9sz\u00fclt technik\u00e1s fog\u00e1s csal\u00e1d. Gr\u00e1nitra eml\u00e9keztet\u0151 finoman kidolgozott, k\u00e9zhez \u00e1ll\u00f3, nagym\u00e9ret\u0171, nyitott form\u00e1k. K\u00f6nny\u0171 \u00e9s extr\u00e9m neh\u00e9z m\u00e1sz\u00f3utakhoz, boulderekhez aj\u00e1nljuk kezd\u0151knek \u00e9s profiknak egyar\u00e1nt.  Darabsz\u00e1m: 6 db  Fog\u00e1sok:1\u00a0 M, 1\u00a0 XL, 2\u00a0 XXL, 2\u00a0 Mega","og_url":"https:\/\/t-rock.hu\/de\/termek\/siesta\/","og_site_name":"T-ROCK","article_modified_time":"2025-08-02T08:12:51+00:00","og_image":[{"width":932,"height":761,"url":"https:\/\/t-rock.hu\/wp-content\/uploads\/2023\/06\/Siestaszett.jpg","type":"image\/jpeg"}],"twitter_card":"summary_large_image","schema":{"@context":"https:\/\/schema.org","@graph":[{"@type":"WebPage","@id":"https:\/\/t-rock.hu\/de\/termek\/siesta\/","url":"https:\/\/t-rock.hu\/de\/termek\/siesta\/","name":"Siesta - T-ROCK","isPartOf":{"@id":"https:\/\/t-rock.hu\/de\/#website"},"primaryImageOfPage":{"@id":"https:\/\/t-rock.hu\/de\/termek\/siesta\/#primaryimage"},"image":{"@id":"https:\/\/t-rock.hu\/de\/termek\/siesta\/#primaryimage"},"thumbnailUrl":"https:\/\/t-rock.hu\/wp-content\/uploads\/2023\/06\/Siestaszett.jpg","datePublished":"2023-06-07T14:04:03+00:00","dateModified":"2025-08-02T08:12:51+00:00","breadcrumb":{"@id":"https:\/\/t-rock.hu\/de\/termek\/siesta\/#breadcrumb"},"inLanguage":"de","potentialAction":[{"@type":"ReadAction","target":["https:\/\/t-rock.hu\/de\/termek\/siesta\/"]}]},{"@type":"ImageObject","inLanguage":"de","@id":"https:\/\/t-rock.hu\/de\/termek\/siesta\/#primaryimage","url":"https:\/\/t-rock.hu\/wp-content\/uploads\/2023\/06\/Siestaszett.jpg","contentUrl":"https:\/\/t-rock.hu\/wp-content\/uploads\/2023\/06\/Siestaszett.jpg","width":932,"height":761},{"@type":"BreadcrumbList","@id":"https:\/\/t-rock.hu\/de\/termek\/siesta\/#breadcrumb","itemListElement":[{"@type":"ListItem","position":1,"name":"Home","item":"https:\/\/t-rock.hu\/de\/"},{"@type":"ListItem","position":2,"name":"Shop","item":"https:\/\/t-rock.hu\/shop\/"},{"@type":"ListItem","position":3,"name":"Siesta"}]},{"@type":"WebSite","@id":"https:\/\/t-rock.hu\/de\/#website","url":"https:\/\/t-rock.hu\/de\/","name":"T-ROCK","description":"","publisher":{"@id":"https:\/\/t-rock.hu\/de\/#organization"},"potentialAction":[{"@type":"SearchAction","target":{"@type":"EntryPoint","urlTemplate":"https:\/\/t-rock.hu\/de\/?s={search_term_string}"},"query-input":{"@type":"PropertyValueSpecification","valueRequired":true,"valueName":"search_term_string"}}],"inLanguage":"de"},{"@type":"Organization","@id":"https:\/\/t-rock.hu\/de\/#organization","name":"T-ROCK","url":"https:\/\/t-rock.hu\/de\/","logo":{"@type":"ImageObject","inLanguage":"de","@id":"https:\/\/t-rock.hu\/de\/#\/schema\/logo\/image\/","url":"https:\/\/t-rock.hu\/wp-content\/uploads\/2023\/05\/Group.svg","contentUrl":"https:\/\/t-rock.hu\/wp-content\/uploads\/2023\/05\/Group.svg","width":84,"height":84,"caption":"T-ROCK"},"image":{"@id":"https:\/\/t-rock.hu\/de\/#\/schema\/logo\/image\/"}}]}},"_links":{"self":[{"href":"https:\/\/t-rock.hu\/de\/wp-json\/wp\/v2\/product\/17351","targetHints":{"allow":["GET"]}}],"collection":[{"href":"https:\/\/t-rock.hu\/de\/wp-json\/wp\/v2\/product"}],"about":[{"href":"https:\/\/t-rock.hu\/de\/wp-json\/wp\/v2\/types\/product"}],"version-history":[{"count":1,"href":"https:\/\/t-rock.hu\/de\/wp-json\/wp\/v2\/product\/17351\/revisions"}],"predecessor-version":[{"id":17354,"href":"https:\/\/t-rock.hu\/de\/wp-json\/wp\/v2\/product\/17351\/revisions\/17354"}],"wp:featuredmedia":[{"embeddable":true,"href":"https:\/\/t-rock.hu\/de\/wp-json\/wp\/v2\/media\/17352"}],"wp:attachment":[{"href":"https:\/\/t-rock.hu\/de\/wp-json\/wp\/v2\/media?parent=17351"}],"wp:term":[{"taxonomy":"product_brand","embeddable":true,"href":"https:\/\/t-rock.hu\/de\/wp-json\/wp\/v2\/product_brand?post=17351"},{"taxonomy":"product_cat","embeddable":true,"href":"https:\/\/t-rock.hu\/de\/wp-json\/wp\/v2\/product_cat?post=17351"},{"taxonomy":"product_tag","embeddable":true,"href":"https:\/\/t-rock.hu\/de\/wp-json\/wp\/v2\/product_tag?post=17351"}],"curies":[{"name":"wp","href":"https:\/\/api.w.org\/{rel}","templated":true}]}}