{"id":17396,"date":"2023-06-07T14:26:43","date_gmt":"2023-06-07T14:26:43","guid":{"rendered":"https:\/\/trock.designpartner.hu\/?post_type=product&#038;p=17396"},"modified":"2025-08-02T10:10:44","modified_gmt":"2025-08-02T08:10:44","slug":"dragon","status":"publish","type":"product","link":"https:\/\/t-rock.hu\/de\/termek\/dragon\/","title":{"rendered":"Dragon"},"content":{"rendered":"","protected":false},"excerpt":{"rendered":"<p>A fog\u00e1sokat egy neh\u00e9z \u00fat ihlette. A form\u00e1k fel\u00fclet\u00e9nek kialak\u00edt\u00e1s\u00e1n\u00e1l az volt a c\u00e9lom, hogy hasonl\u00f3 \u00e9lm\u00e9nyt \u00e1tvigyek egy m\u00e1sz\u00f3falra. Javar\u00e9szt kik\u00f6nny\u00edtett\u00fck \u0151ket, \u00edgy elforgatva zsebes, j\u00f3l foghat\u00f3 peremekk\u00e9nt funkcion\u00e1lnak. Alapvet\u0151en egy nagy \u00e1thajl\u00e1sba tervezt\u00fck f\u0151k\u00e9nt profiknak, de a vari\u00e1lhat\u00f3s\u00e1g\u00e1b\u00f3l ad\u00f3d\u00f3an kezd\u0151knek is egy \u00faj \u00e9lm\u00e9ny lehet.<\/p>\n<p>Darabsz\u00e1m: 3 db<\/p>\n<p>Fog\u00e1sok: 1 XL, 1XXL, 1 Mega<\/p>\n","protected":false},"featured_media":17397,"template":"","meta":[],"product_brand":[],"product_cat":[163],"product_tag":[],"class_list":{"0":"post-17396","1":"product","2":"type-product","3":"status-publish","4":"has-post-thumbnail","6":"product_cat-szett","8":"first","9":"instock","10":"shipping-taxable","11":"purchasable","12":"product-type-simple"},"yoast_head":"<!-- This site is optimized with the Yoast SEO Premium plugin v20.10 (Yoast SEO v27.5) - https:\/\/yoast.com\/product\/yoast-seo-premium-wordpress\/ -->\n<title>Dragon - T-ROCK<\/title>\n<meta name=\"robots\" content=\"index, follow, max-snippet:-1, max-image-preview:large, max-video-preview:-1\" \/>\n<link rel=\"canonical\" href=\"https:\/\/t-rock.hu\/de\/termek\/dragon\/\" \/>\n<meta property=\"og:locale\" content=\"de_DE\" \/>\n<meta property=\"og:type\" content=\"article\" \/>\n<meta property=\"og:title\" content=\"Dragon\" \/>\n<meta property=\"og:description\" content=\"A fog\u00e1sokat egy neh\u00e9z \u00fat ihlette. A form\u00e1k fel\u00fclet\u00e9nek kialak\u00edt\u00e1s\u00e1n\u00e1l az volt a c\u00e9lom, hogy hasonl\u00f3 \u00e9lm\u00e9nyt \u00e1tvigyek egy m\u00e1sz\u00f3falra. Javar\u00e9szt kik\u00f6nny\u00edtett\u00fck \u0151ket, \u00edgy elforgatva zsebes, j\u00f3l foghat\u00f3 peremekk\u00e9nt funkcion\u00e1lnak. Alapvet\u0151en egy nagy \u00e1thajl\u00e1sba tervezt\u00fck f\u0151k\u00e9nt profiknak, de a vari\u00e1lhat\u00f3s\u00e1g\u00e1b\u00f3l ad\u00f3d\u00f3an kezd\u0151knek is egy \u00faj \u00e9lm\u00e9ny lehet.  Darabsz\u00e1m: 3 db  Fog\u00e1sok: 1 XL, 1XXL, 1 Mega\" \/>\n<meta property=\"og:url\" content=\"https:\/\/t-rock.hu\/de\/termek\/dragon\/\" \/>\n<meta property=\"og:site_name\" content=\"T-ROCK\" \/>\n<meta property=\"article:modified_time\" content=\"2025-08-02T08:10:44+00:00\" \/>\n<meta property=\"og:image\" content=\"https:\/\/t-rock.hu\/wp-content\/uploads\/2023\/06\/Dragonszett.jpg\" \/>\n\t<meta property=\"og:image:width\" content=\"1024\" \/>\n\t<meta property=\"og:image:height\" content=\"768\" \/>\n\t<meta property=\"og:image:type\" content=\"image\/jpeg\" \/>\n<meta name=\"twitter:card\" content=\"summary_large_image\" \/>\n<script type=\"application\/ld+json\" class=\"yoast-schema-graph\">{\"@context\":\"https:\\\/\\\/schema.org\",\"@graph\":[{\"@type\":\"WebPage\",\"@id\":\"https:\\\/\\\/t-rock.hu\\\/de\\\/termek\\\/dragon\\\/\",\"url\":\"https:\\\/\\\/t-rock.hu\\\/de\\\/termek\\\/dragon\\\/\",\"name\":\"Dragon - T-ROCK\",\"isPartOf\":{\"@id\":\"https:\\\/\\\/t-rock.hu\\\/de\\\/#website\"},\"primaryImageOfPage\":{\"@id\":\"https:\\\/\\\/t-rock.hu\\\/de\\\/termek\\\/dragon\\\/#primaryimage\"},\"image\":{\"@id\":\"https:\\\/\\\/t-rock.hu\\\/de\\\/termek\\\/dragon\\\/#primaryimage\"},\"thumbnailUrl\":\"https:\\\/\\\/t-rock.hu\\\/wp-content\\\/uploads\\\/2023\\\/06\\\/Dragonszett.jpg\",\"datePublished\":\"2023-06-07T14:26:43+00:00\",\"dateModified\":\"2025-08-02T08:10:44+00:00\",\"breadcrumb\":{\"@id\":\"https:\\\/\\\/t-rock.hu\\\/de\\\/termek\\\/dragon\\\/#breadcrumb\"},\"inLanguage\":\"de\",\"potentialAction\":[{\"@type\":\"ReadAction\",\"target\":[\"https:\\\/\\\/t-rock.hu\\\/de\\\/termek\\\/dragon\\\/\"]}]},{\"@type\":\"ImageObject\",\"inLanguage\":\"de\",\"@id\":\"https:\\\/\\\/t-rock.hu\\\/de\\\/termek\\\/dragon\\\/#primaryimage\",\"url\":\"https:\\\/\\\/t-rock.hu\\\/wp-content\\\/uploads\\\/2023\\\/06\\\/Dragonszett.jpg\",\"contentUrl\":\"https:\\\/\\\/t-rock.hu\\\/wp-content\\\/uploads\\\/2023\\\/06\\\/Dragonszett.jpg\",\"width\":1024,\"height\":768},{\"@type\":\"BreadcrumbList\",\"@id\":\"https:\\\/\\\/t-rock.hu\\\/de\\\/termek\\\/dragon\\\/#breadcrumb\",\"itemListElement\":[{\"@type\":\"ListItem\",\"position\":1,\"name\":\"Home\",\"item\":\"https:\\\/\\\/t-rock.hu\\\/de\\\/\"},{\"@type\":\"ListItem\",\"position\":2,\"name\":\"Shop\",\"item\":\"https:\\\/\\\/t-rock.hu\\\/shop\\\/\"},{\"@type\":\"ListItem\",\"position\":3,\"name\":\"Dragon\"}]},{\"@type\":\"WebSite\",\"@id\":\"https:\\\/\\\/t-rock.hu\\\/de\\\/#website\",\"url\":\"https:\\\/\\\/t-rock.hu\\\/de\\\/\",\"name\":\"T-ROCK\",\"description\":\"\",\"publisher\":{\"@id\":\"https:\\\/\\\/t-rock.hu\\\/de\\\/#organization\"},\"potentialAction\":[{\"@type\":\"SearchAction\",\"target\":{\"@type\":\"EntryPoint\",\"urlTemplate\":\"https:\\\/\\\/t-rock.hu\\\/de\\\/?s={search_term_string}\"},\"query-input\":{\"@type\":\"PropertyValueSpecification\",\"valueRequired\":true,\"valueName\":\"search_term_string\"}}],\"inLanguage\":\"de\"},{\"@type\":\"Organization\",\"@id\":\"https:\\\/\\\/t-rock.hu\\\/de\\\/#organization\",\"name\":\"T-ROCK\",\"url\":\"https:\\\/\\\/t-rock.hu\\\/de\\\/\",\"logo\":{\"@type\":\"ImageObject\",\"inLanguage\":\"de\",\"@id\":\"https:\\\/\\\/t-rock.hu\\\/de\\\/#\\\/schema\\\/logo\\\/image\\\/\",\"url\":\"https:\\\/\\\/t-rock.hu\\\/wp-content\\\/uploads\\\/2023\\\/05\\\/Group.svg\",\"contentUrl\":\"https:\\\/\\\/t-rock.hu\\\/wp-content\\\/uploads\\\/2023\\\/05\\\/Group.svg\",\"width\":84,\"height\":84,\"caption\":\"T-ROCK\"},\"image\":{\"@id\":\"https:\\\/\\\/t-rock.hu\\\/de\\\/#\\\/schema\\\/logo\\\/image\\\/\"}}]}<\/script>\n<!-- \/ Yoast SEO Premium plugin. -->","yoast_head_json":{"title":"Dragon - T-ROCK","robots":{"index":"index","follow":"follow","max-snippet":"max-snippet:-1","max-image-preview":"max-image-preview:large","max-video-preview":"max-video-preview:-1"},"canonical":"https:\/\/t-rock.hu\/de\/termek\/dragon\/","og_locale":"de_DE","og_type":"article","og_title":"Dragon","og_description":"A fog\u00e1sokat egy neh\u00e9z \u00fat ihlette. A form\u00e1k fel\u00fclet\u00e9nek kialak\u00edt\u00e1s\u00e1n\u00e1l az volt a c\u00e9lom, hogy hasonl\u00f3 \u00e9lm\u00e9nyt \u00e1tvigyek egy m\u00e1sz\u00f3falra. Javar\u00e9szt kik\u00f6nny\u00edtett\u00fck \u0151ket, \u00edgy elforgatva zsebes, j\u00f3l foghat\u00f3 peremekk\u00e9nt funkcion\u00e1lnak. Alapvet\u0151en egy nagy \u00e1thajl\u00e1sba tervezt\u00fck f\u0151k\u00e9nt profiknak, de a vari\u00e1lhat\u00f3s\u00e1g\u00e1b\u00f3l ad\u00f3d\u00f3an kezd\u0151knek is egy \u00faj \u00e9lm\u00e9ny lehet.  Darabsz\u00e1m: 3 db  Fog\u00e1sok: 1 XL, 1XXL, 1 Mega","og_url":"https:\/\/t-rock.hu\/de\/termek\/dragon\/","og_site_name":"T-ROCK","article_modified_time":"2025-08-02T08:10:44+00:00","og_image":[{"width":1024,"height":768,"url":"https:\/\/t-rock.hu\/wp-content\/uploads\/2023\/06\/Dragonszett.jpg","type":"image\/jpeg"}],"twitter_card":"summary_large_image","schema":{"@context":"https:\/\/schema.org","@graph":[{"@type":"WebPage","@id":"https:\/\/t-rock.hu\/de\/termek\/dragon\/","url":"https:\/\/t-rock.hu\/de\/termek\/dragon\/","name":"Dragon - T-ROCK","isPartOf":{"@id":"https:\/\/t-rock.hu\/de\/#website"},"primaryImageOfPage":{"@id":"https:\/\/t-rock.hu\/de\/termek\/dragon\/#primaryimage"},"image":{"@id":"https:\/\/t-rock.hu\/de\/termek\/dragon\/#primaryimage"},"thumbnailUrl":"https:\/\/t-rock.hu\/wp-content\/uploads\/2023\/06\/Dragonszett.jpg","datePublished":"2023-06-07T14:26:43+00:00","dateModified":"2025-08-02T08:10:44+00:00","breadcrumb":{"@id":"https:\/\/t-rock.hu\/de\/termek\/dragon\/#breadcrumb"},"inLanguage":"de","potentialAction":[{"@type":"ReadAction","target":["https:\/\/t-rock.hu\/de\/termek\/dragon\/"]}]},{"@type":"ImageObject","inLanguage":"de","@id":"https:\/\/t-rock.hu\/de\/termek\/dragon\/#primaryimage","url":"https:\/\/t-rock.hu\/wp-content\/uploads\/2023\/06\/Dragonszett.jpg","contentUrl":"https:\/\/t-rock.hu\/wp-content\/uploads\/2023\/06\/Dragonszett.jpg","width":1024,"height":768},{"@type":"BreadcrumbList","@id":"https:\/\/t-rock.hu\/de\/termek\/dragon\/#breadcrumb","itemListElement":[{"@type":"ListItem","position":1,"name":"Home","item":"https:\/\/t-rock.hu\/de\/"},{"@type":"ListItem","position":2,"name":"Shop","item":"https:\/\/t-rock.hu\/shop\/"},{"@type":"ListItem","position":3,"name":"Dragon"}]},{"@type":"WebSite","@id":"https:\/\/t-rock.hu\/de\/#website","url":"https:\/\/t-rock.hu\/de\/","name":"T-ROCK","description":"","publisher":{"@id":"https:\/\/t-rock.hu\/de\/#organization"},"potentialAction":[{"@type":"SearchAction","target":{"@type":"EntryPoint","urlTemplate":"https:\/\/t-rock.hu\/de\/?s={search_term_string}"},"query-input":{"@type":"PropertyValueSpecification","valueRequired":true,"valueName":"search_term_string"}}],"inLanguage":"de"},{"@type":"Organization","@id":"https:\/\/t-rock.hu\/de\/#organization","name":"T-ROCK","url":"https:\/\/t-rock.hu\/de\/","logo":{"@type":"ImageObject","inLanguage":"de","@id":"https:\/\/t-rock.hu\/de\/#\/schema\/logo\/image\/","url":"https:\/\/t-rock.hu\/wp-content\/uploads\/2023\/05\/Group.svg","contentUrl":"https:\/\/t-rock.hu\/wp-content\/uploads\/2023\/05\/Group.svg","width":84,"height":84,"caption":"T-ROCK"},"image":{"@id":"https:\/\/t-rock.hu\/de\/#\/schema\/logo\/image\/"}}]}},"_links":{"self":[{"href":"https:\/\/t-rock.hu\/de\/wp-json\/wp\/v2\/product\/17396","targetHints":{"allow":["GET"]}}],"collection":[{"href":"https:\/\/t-rock.hu\/de\/wp-json\/wp\/v2\/product"}],"about":[{"href":"https:\/\/t-rock.hu\/de\/wp-json\/wp\/v2\/types\/product"}],"version-history":[{"count":1,"href":"https:\/\/t-rock.hu\/de\/wp-json\/wp\/v2\/product\/17396\/revisions"}],"predecessor-version":[{"id":17399,"href":"https:\/\/t-rock.hu\/de\/wp-json\/wp\/v2\/product\/17396\/revisions\/17399"}],"wp:featuredmedia":[{"embeddable":true,"href":"https:\/\/t-rock.hu\/de\/wp-json\/wp\/v2\/media\/17397"}],"wp:attachment":[{"href":"https:\/\/t-rock.hu\/de\/wp-json\/wp\/v2\/media?parent=17396"}],"wp:term":[{"taxonomy":"product_brand","embeddable":true,"href":"https:\/\/t-rock.hu\/de\/wp-json\/wp\/v2\/product_brand?post=17396"},{"taxonomy":"product_cat","embeddable":true,"href":"https:\/\/t-rock.hu\/de\/wp-json\/wp\/v2\/product_cat?post=17396"},{"taxonomy":"product_tag","embeddable":true,"href":"https:\/\/t-rock.hu\/de\/wp-json\/wp\/v2\/product_tag?post=17396"}],"curies":[{"name":"wp","href":"https:\/\/api.w.org\/{rel}","templated":true}]}}