{"id":17459,"date":"2023-06-07T15:10:34","date_gmt":"2023-06-07T15:10:34","guid":{"rendered":"https:\/\/trock.designpartner.hu\/?post_type=product&#038;p=17459"},"modified":"2025-08-02T10:09:49","modified_gmt":"2025-08-02T08:09:49","slug":"water-song","status":"publish","type":"product","link":"https:\/\/t-rock.hu\/de\/termek\/water-song\/","title":{"rendered":"Water Song"},"content":{"rendered":"","protected":false},"excerpt":{"rendered":"<p>Anica Kuk (Paklenica, Horv\u00e1torsz\u00e1g) ihlette a v\u00edz- \u00e9s sz\u00e9l koptatta cseppk\u00f6ves form\u00e1kat. Aki szereti az ilyen \u00e9s hasonl\u00f3 st\u00edlus\u00fa m\u00e1sz\u00f3utakat nagyon fogja kedvelni. Izgalmas \u00e9s technik\u00e1s fog\u00e1sok. A f\u00fcgg\u0151leges falakt\u00f3l az \u00e1thajl\u00e1sokig sz\u00e9les spektrumban haszn\u00e1lhat\u00f3. Kezd\u0151knek \u00e9s profiknak is egyar\u00e1nt aj\u00e1nljuk. A fog\u00e1sok fel\u00fclete \u00e9s tapint\u00e1sa hasonl\u00edt az eredeti, \u00e9l\u0151 szikl\u00e1hoz.<\/p>\n<p>Darabsz\u00e1m: 10 db<\/p>\n<p>Fog\u00e1sok: 1 M, 2 L, 3 XL, 4 XXL<\/p>\n","protected":false},"featured_media":17460,"template":"","meta":[],"product_brand":[],"product_cat":[163],"product_tag":[],"class_list":{"0":"post-17459","1":"product","2":"type-product","3":"status-publish","4":"has-post-thumbnail","6":"product_cat-szett","8":"first","9":"instock","10":"shipping-taxable","11":"purchasable","12":"product-type-simple"},"yoast_head":"<!-- This site is optimized with the Yoast SEO Premium plugin v20.10 (Yoast SEO v27.6) - https:\/\/yoast.com\/product\/yoast-seo-premium-wordpress\/ -->\n<title>Water Song - T-ROCK<\/title>\n<meta name=\"robots\" content=\"index, follow, max-snippet:-1, max-image-preview:large, max-video-preview:-1\" \/>\n<link rel=\"canonical\" href=\"https:\/\/t-rock.hu\/de\/termek\/water-song\/\" \/>\n<meta property=\"og:locale\" content=\"de_DE\" \/>\n<meta property=\"og:type\" content=\"article\" \/>\n<meta property=\"og:title\" content=\"Water Song\" \/>\n<meta property=\"og:description\" content=\"Anica Kuk (Paklenica, Horv\u00e1torsz\u00e1g) ihlette a v\u00edz- \u00e9s sz\u00e9l koptatta cseppk\u00f6ves form\u00e1kat. Aki szereti az ilyen \u00e9s hasonl\u00f3 st\u00edlus\u00fa m\u00e1sz\u00f3utakat nagyon fogja kedvelni. Izgalmas \u00e9s technik\u00e1s fog\u00e1sok. A f\u00fcgg\u0151leges falakt\u00f3l az \u00e1thajl\u00e1sokig sz\u00e9les spektrumban haszn\u00e1lhat\u00f3. Kezd\u0151knek \u00e9s profiknak is egyar\u00e1nt aj\u00e1nljuk. A fog\u00e1sok fel\u00fclete \u00e9s tapint\u00e1sa hasonl\u00edt az eredeti, \u00e9l\u0151 szikl\u00e1hoz.  Darabsz\u00e1m: 10 db  Fog\u00e1sok: 1 M, 2 L, 3 XL, 4 XXL\" \/>\n<meta property=\"og:url\" content=\"https:\/\/t-rock.hu\/de\/termek\/water-song\/\" \/>\n<meta property=\"og:site_name\" content=\"T-ROCK\" \/>\n<meta property=\"article:modified_time\" content=\"2025-08-02T08:09:49+00:00\" \/>\n<meta property=\"og:image\" content=\"https:\/\/t-rock.hu\/wp-content\/uploads\/2023\/06\/WaterSongszett.png\" \/>\n\t<meta property=\"og:image:width\" content=\"1024\" \/>\n\t<meta property=\"og:image:height\" content=\"768\" \/>\n\t<meta property=\"og:image:type\" content=\"image\/png\" \/>\n<meta name=\"twitter:card\" content=\"summary_large_image\" \/>\n<script type=\"application\/ld+json\" class=\"yoast-schema-graph\">{\"@context\":\"https:\\\/\\\/schema.org\",\"@graph\":[{\"@type\":\"WebPage\",\"@id\":\"https:\\\/\\\/t-rock.hu\\\/de\\\/termek\\\/water-song\\\/\",\"url\":\"https:\\\/\\\/t-rock.hu\\\/de\\\/termek\\\/water-song\\\/\",\"name\":\"Water Song - T-ROCK\",\"isPartOf\":{\"@id\":\"https:\\\/\\\/t-rock.hu\\\/de\\\/#website\"},\"primaryImageOfPage\":{\"@id\":\"https:\\\/\\\/t-rock.hu\\\/de\\\/termek\\\/water-song\\\/#primaryimage\"},\"image\":{\"@id\":\"https:\\\/\\\/t-rock.hu\\\/de\\\/termek\\\/water-song\\\/#primaryimage\"},\"thumbnailUrl\":\"https:\\\/\\\/t-rock.hu\\\/wp-content\\\/uploads\\\/2023\\\/06\\\/WaterSongszett.png\",\"datePublished\":\"2023-06-07T15:10:34+00:00\",\"dateModified\":\"2025-08-02T08:09:49+00:00\",\"breadcrumb\":{\"@id\":\"https:\\\/\\\/t-rock.hu\\\/de\\\/termek\\\/water-song\\\/#breadcrumb\"},\"inLanguage\":\"de\",\"potentialAction\":[{\"@type\":\"ReadAction\",\"target\":[\"https:\\\/\\\/t-rock.hu\\\/de\\\/termek\\\/water-song\\\/\"]}]},{\"@type\":\"ImageObject\",\"inLanguage\":\"de\",\"@id\":\"https:\\\/\\\/t-rock.hu\\\/de\\\/termek\\\/water-song\\\/#primaryimage\",\"url\":\"https:\\\/\\\/t-rock.hu\\\/wp-content\\\/uploads\\\/2023\\\/06\\\/WaterSongszett.png\",\"contentUrl\":\"https:\\\/\\\/t-rock.hu\\\/wp-content\\\/uploads\\\/2023\\\/06\\\/WaterSongszett.png\",\"width\":1024,\"height\":768},{\"@type\":\"BreadcrumbList\",\"@id\":\"https:\\\/\\\/t-rock.hu\\\/de\\\/termek\\\/water-song\\\/#breadcrumb\",\"itemListElement\":[{\"@type\":\"ListItem\",\"position\":1,\"name\":\"Home\",\"item\":\"https:\\\/\\\/t-rock.hu\\\/de\\\/\"},{\"@type\":\"ListItem\",\"position\":2,\"name\":\"Shop\",\"item\":\"https:\\\/\\\/t-rock.hu\\\/shop\\\/\"},{\"@type\":\"ListItem\",\"position\":3,\"name\":\"Water Song\"}]},{\"@type\":\"WebSite\",\"@id\":\"https:\\\/\\\/t-rock.hu\\\/de\\\/#website\",\"url\":\"https:\\\/\\\/t-rock.hu\\\/de\\\/\",\"name\":\"T-ROCK\",\"description\":\"\",\"publisher\":{\"@id\":\"https:\\\/\\\/t-rock.hu\\\/de\\\/#organization\"},\"potentialAction\":[{\"@type\":\"SearchAction\",\"target\":{\"@type\":\"EntryPoint\",\"urlTemplate\":\"https:\\\/\\\/t-rock.hu\\\/de\\\/?s={search_term_string}\"},\"query-input\":{\"@type\":\"PropertyValueSpecification\",\"valueRequired\":true,\"valueName\":\"search_term_string\"}}],\"inLanguage\":\"de\"},{\"@type\":\"Organization\",\"@id\":\"https:\\\/\\\/t-rock.hu\\\/de\\\/#organization\",\"name\":\"T-ROCK\",\"url\":\"https:\\\/\\\/t-rock.hu\\\/de\\\/\",\"logo\":{\"@type\":\"ImageObject\",\"inLanguage\":\"de\",\"@id\":\"https:\\\/\\\/t-rock.hu\\\/de\\\/#\\\/schema\\\/logo\\\/image\\\/\",\"url\":\"https:\\\/\\\/t-rock.hu\\\/wp-content\\\/uploads\\\/2023\\\/05\\\/Group.svg\",\"contentUrl\":\"https:\\\/\\\/t-rock.hu\\\/wp-content\\\/uploads\\\/2023\\\/05\\\/Group.svg\",\"width\":84,\"height\":84,\"caption\":\"T-ROCK\"},\"image\":{\"@id\":\"https:\\\/\\\/t-rock.hu\\\/de\\\/#\\\/schema\\\/logo\\\/image\\\/\"}}]}<\/script>\n<!-- \/ Yoast SEO Premium plugin. -->","yoast_head_json":{"title":"Water Song - T-ROCK","robots":{"index":"index","follow":"follow","max-snippet":"max-snippet:-1","max-image-preview":"max-image-preview:large","max-video-preview":"max-video-preview:-1"},"canonical":"https:\/\/t-rock.hu\/de\/termek\/water-song\/","og_locale":"de_DE","og_type":"article","og_title":"Water Song","og_description":"Anica Kuk (Paklenica, Horv\u00e1torsz\u00e1g) ihlette a v\u00edz- \u00e9s sz\u00e9l koptatta cseppk\u00f6ves form\u00e1kat. Aki szereti az ilyen \u00e9s hasonl\u00f3 st\u00edlus\u00fa m\u00e1sz\u00f3utakat nagyon fogja kedvelni. Izgalmas \u00e9s technik\u00e1s fog\u00e1sok. A f\u00fcgg\u0151leges falakt\u00f3l az \u00e1thajl\u00e1sokig sz\u00e9les spektrumban haszn\u00e1lhat\u00f3. Kezd\u0151knek \u00e9s profiknak is egyar\u00e1nt aj\u00e1nljuk. A fog\u00e1sok fel\u00fclete \u00e9s tapint\u00e1sa hasonl\u00edt az eredeti, \u00e9l\u0151 szikl\u00e1hoz.  Darabsz\u00e1m: 10 db  Fog\u00e1sok: 1 M, 2 L, 3 XL, 4 XXL","og_url":"https:\/\/t-rock.hu\/de\/termek\/water-song\/","og_site_name":"T-ROCK","article_modified_time":"2025-08-02T08:09:49+00:00","og_image":[{"width":1024,"height":768,"url":"https:\/\/t-rock.hu\/wp-content\/uploads\/2023\/06\/WaterSongszett.png","type":"image\/png"}],"twitter_card":"summary_large_image","schema":{"@context":"https:\/\/schema.org","@graph":[{"@type":"WebPage","@id":"https:\/\/t-rock.hu\/de\/termek\/water-song\/","url":"https:\/\/t-rock.hu\/de\/termek\/water-song\/","name":"Water Song - T-ROCK","isPartOf":{"@id":"https:\/\/t-rock.hu\/de\/#website"},"primaryImageOfPage":{"@id":"https:\/\/t-rock.hu\/de\/termek\/water-song\/#primaryimage"},"image":{"@id":"https:\/\/t-rock.hu\/de\/termek\/water-song\/#primaryimage"},"thumbnailUrl":"https:\/\/t-rock.hu\/wp-content\/uploads\/2023\/06\/WaterSongszett.png","datePublished":"2023-06-07T15:10:34+00:00","dateModified":"2025-08-02T08:09:49+00:00","breadcrumb":{"@id":"https:\/\/t-rock.hu\/de\/termek\/water-song\/#breadcrumb"},"inLanguage":"de","potentialAction":[{"@type":"ReadAction","target":["https:\/\/t-rock.hu\/de\/termek\/water-song\/"]}]},{"@type":"ImageObject","inLanguage":"de","@id":"https:\/\/t-rock.hu\/de\/termek\/water-song\/#primaryimage","url":"https:\/\/t-rock.hu\/wp-content\/uploads\/2023\/06\/WaterSongszett.png","contentUrl":"https:\/\/t-rock.hu\/wp-content\/uploads\/2023\/06\/WaterSongszett.png","width":1024,"height":768},{"@type":"BreadcrumbList","@id":"https:\/\/t-rock.hu\/de\/termek\/water-song\/#breadcrumb","itemListElement":[{"@type":"ListItem","position":1,"name":"Home","item":"https:\/\/t-rock.hu\/de\/"},{"@type":"ListItem","position":2,"name":"Shop","item":"https:\/\/t-rock.hu\/shop\/"},{"@type":"ListItem","position":3,"name":"Water Song"}]},{"@type":"WebSite","@id":"https:\/\/t-rock.hu\/de\/#website","url":"https:\/\/t-rock.hu\/de\/","name":"T-ROCK","description":"","publisher":{"@id":"https:\/\/t-rock.hu\/de\/#organization"},"potentialAction":[{"@type":"SearchAction","target":{"@type":"EntryPoint","urlTemplate":"https:\/\/t-rock.hu\/de\/?s={search_term_string}"},"query-input":{"@type":"PropertyValueSpecification","valueRequired":true,"valueName":"search_term_string"}}],"inLanguage":"de"},{"@type":"Organization","@id":"https:\/\/t-rock.hu\/de\/#organization","name":"T-ROCK","url":"https:\/\/t-rock.hu\/de\/","logo":{"@type":"ImageObject","inLanguage":"de","@id":"https:\/\/t-rock.hu\/de\/#\/schema\/logo\/image\/","url":"https:\/\/t-rock.hu\/wp-content\/uploads\/2023\/05\/Group.svg","contentUrl":"https:\/\/t-rock.hu\/wp-content\/uploads\/2023\/05\/Group.svg","width":84,"height":84,"caption":"T-ROCK"},"image":{"@id":"https:\/\/t-rock.hu\/de\/#\/schema\/logo\/image\/"}}]}},"_links":{"self":[{"href":"https:\/\/t-rock.hu\/de\/wp-json\/wp\/v2\/product\/17459","targetHints":{"allow":["GET"]}}],"collection":[{"href":"https:\/\/t-rock.hu\/de\/wp-json\/wp\/v2\/product"}],"about":[{"href":"https:\/\/t-rock.hu\/de\/wp-json\/wp\/v2\/types\/product"}],"version-history":[{"count":1,"href":"https:\/\/t-rock.hu\/de\/wp-json\/wp\/v2\/product\/17459\/revisions"}],"predecessor-version":[{"id":17462,"href":"https:\/\/t-rock.hu\/de\/wp-json\/wp\/v2\/product\/17459\/revisions\/17462"}],"wp:featuredmedia":[{"embeddable":true,"href":"https:\/\/t-rock.hu\/de\/wp-json\/wp\/v2\/media\/17460"}],"wp:attachment":[{"href":"https:\/\/t-rock.hu\/de\/wp-json\/wp\/v2\/media?parent=17459"}],"wp:term":[{"taxonomy":"product_brand","embeddable":true,"href":"https:\/\/t-rock.hu\/de\/wp-json\/wp\/v2\/product_brand?post=17459"},{"taxonomy":"product_cat","embeddable":true,"href":"https:\/\/t-rock.hu\/de\/wp-json\/wp\/v2\/product_cat?post=17459"},{"taxonomy":"product_tag","embeddable":true,"href":"https:\/\/t-rock.hu\/de\/wp-json\/wp\/v2\/product_tag?post=17459"}],"curies":[{"name":"wp","href":"https:\/\/api.w.org\/{rel}","templated":true}]}}