{"id":17740,"date":"2023-06-08T07:17:30","date_gmt":"2023-06-08T07:17:30","guid":{"rendered":"https:\/\/trock.designpartner.hu\/?post_type=product&#038;p=17740"},"modified":"2025-01-12T22:24:20","modified_gmt":"2025-01-12T21:24:20","slug":"batman","status":"publish","type":"product","link":"https:\/\/t-rock.hu\/de\/termek\/batman\/","title":{"rendered":"BatMan"},"content":{"rendered":"","protected":false},"excerpt":{"rendered":"<div>Nagyon n\u00e9pszer\u0171 modell\u00fcnk, egyszer\u0171en, l\u00f3gatva szerelhet\u0151 (vagy fixen 2 db reisser csavarral). Az egyik leghat\u00e9konyabb er\u0151- \u00e9s egyens\u00faly fejleszt\u0151 edz\u0151eszk\u00f6z. J\u00f3l gyakorolhat\u00f3k rajta a m\u00e1sz\u00e1s sor\u00e1n felmer\u00fcl\u0151 testfesz\u00edt\u00e9sek k\u00fcl\u00f6nb\u00f6z\u0151 m\u00f3djai. Kiv\u00e1l\u00f3 kieg\u00e9sz\u00edt\u0151je h\u00faz\u00f3dzkod\u00f3 paneleknek, fingerboardoknak. Kezd\u0151knek, halad\u00f3knak profiknak, versenyz\u0151knek, egysz\u00f3val mindenkinek aj\u00e1nljuk.<\/div>\n<div>\n<p>M\u00e9retek<\/p>\n<p>M\u00e9ret: 16*19 cm<br \/>\nS\u00faly: 1,2 kg\/db<br \/>\nDarabsz\u00e1m: 2 db<\/p>\n<\/div>\n","protected":false},"featured_media":17741,"template":"","meta":[],"product_brand":[],"product_cat":[32],"product_tag":[],"class_list":{"0":"post-17740","1":"product","2":"type-product","3":"status-publish","4":"has-post-thumbnail","6":"product_cat-trening-eszkozok","8":"first","9":"instock","10":"shipping-taxable","11":"purchasable","12":"product-type-simple"},"yoast_head":"<!-- This site is optimized with the Yoast SEO Premium plugin v20.10 (Yoast SEO v27.4) - https:\/\/yoast.com\/product\/yoast-seo-premium-wordpress\/ -->\n<title>BatMan - T-ROCK<\/title>\n<meta name=\"robots\" content=\"index, follow, max-snippet:-1, max-image-preview:large, max-video-preview:-1\" \/>\n<link rel=\"canonical\" href=\"https:\/\/t-rock.hu\/de\/termek\/batman\/\" \/>\n<meta property=\"og:locale\" content=\"de_DE\" \/>\n<meta property=\"og:type\" content=\"article\" \/>\n<meta property=\"og:title\" content=\"BatMan\" \/>\n<meta property=\"og:description\" content=\"Nagyon n\u00e9pszer\u0171 modell\u00fcnk, egyszer\u0171en, l\u00f3gatva szerelhet\u0151 (vagy fixen 2 db reisser csavarral). Az egyik leghat\u00e9konyabb er\u0151- \u00e9s egyens\u00faly fejleszt\u0151 edz\u0151eszk\u00f6z. J\u00f3l gyakorolhat\u00f3k rajta a m\u00e1sz\u00e1s sor\u00e1n felmer\u00fcl\u0151 testfesz\u00edt\u00e9sek k\u00fcl\u00f6nb\u00f6z\u0151 m\u00f3djai. Kiv\u00e1l\u00f3 kieg\u00e9sz\u00edt\u0151je h\u00faz\u00f3dzkod\u00f3 paneleknek, fingerboardoknak. Kezd\u0151knek, halad\u00f3knak profiknak, versenyz\u0151knek, egysz\u00f3val mindenkinek aj\u00e1nljuk.   M\u00e9retek  M\u00e9ret: 16*19 cm S\u00faly: 1,2 kg\/db Darabsz\u00e1m: 2 db\" \/>\n<meta property=\"og:url\" content=\"https:\/\/t-rock.hu\/de\/termek\/batman\/\" \/>\n<meta property=\"og:site_name\" content=\"T-ROCK\" \/>\n<meta property=\"article:modified_time\" content=\"2025-01-12T21:24:20+00:00\" \/>\n<meta property=\"og:image\" content=\"https:\/\/t-rock.hu\/wp-content\/uploads\/2023\/06\/batman.jpg\" \/>\n\t<meta property=\"og:image:width\" content=\"719\" \/>\n\t<meta property=\"og:image:height\" content=\"536\" \/>\n\t<meta property=\"og:image:type\" content=\"image\/jpeg\" \/>\n<meta name=\"twitter:card\" content=\"summary_large_image\" \/>\n<script type=\"application\/ld+json\" class=\"yoast-schema-graph\">{\"@context\":\"https:\\\/\\\/schema.org\",\"@graph\":[{\"@type\":\"WebPage\",\"@id\":\"https:\\\/\\\/t-rock.hu\\\/de\\\/termek\\\/batman\\\/\",\"url\":\"https:\\\/\\\/t-rock.hu\\\/de\\\/termek\\\/batman\\\/\",\"name\":\"BatMan - T-ROCK\",\"isPartOf\":{\"@id\":\"https:\\\/\\\/t-rock.hu\\\/de\\\/#website\"},\"primaryImageOfPage\":{\"@id\":\"https:\\\/\\\/t-rock.hu\\\/de\\\/termek\\\/batman\\\/#primaryimage\"},\"image\":{\"@id\":\"https:\\\/\\\/t-rock.hu\\\/de\\\/termek\\\/batman\\\/#primaryimage\"},\"thumbnailUrl\":\"https:\\\/\\\/t-rock.hu\\\/wp-content\\\/uploads\\\/2023\\\/06\\\/batman.jpg\",\"datePublished\":\"2023-06-08T07:17:30+00:00\",\"dateModified\":\"2025-01-12T21:24:20+00:00\",\"breadcrumb\":{\"@id\":\"https:\\\/\\\/t-rock.hu\\\/de\\\/termek\\\/batman\\\/#breadcrumb\"},\"inLanguage\":\"de\",\"potentialAction\":[{\"@type\":\"ReadAction\",\"target\":[\"https:\\\/\\\/t-rock.hu\\\/de\\\/termek\\\/batman\\\/\"]}]},{\"@type\":\"ImageObject\",\"inLanguage\":\"de\",\"@id\":\"https:\\\/\\\/t-rock.hu\\\/de\\\/termek\\\/batman\\\/#primaryimage\",\"url\":\"https:\\\/\\\/t-rock.hu\\\/wp-content\\\/uploads\\\/2023\\\/06\\\/batman.jpg\",\"contentUrl\":\"https:\\\/\\\/t-rock.hu\\\/wp-content\\\/uploads\\\/2023\\\/06\\\/batman.jpg\",\"width\":719,\"height\":536},{\"@type\":\"BreadcrumbList\",\"@id\":\"https:\\\/\\\/t-rock.hu\\\/de\\\/termek\\\/batman\\\/#breadcrumb\",\"itemListElement\":[{\"@type\":\"ListItem\",\"position\":1,\"name\":\"Home\",\"item\":\"https:\\\/\\\/t-rock.hu\\\/de\\\/\"},{\"@type\":\"ListItem\",\"position\":2,\"name\":\"Shop\",\"item\":\"https:\\\/\\\/t-rock.hu\\\/shop\\\/\"},{\"@type\":\"ListItem\",\"position\":3,\"name\":\"BatMan\"}]},{\"@type\":\"WebSite\",\"@id\":\"https:\\\/\\\/t-rock.hu\\\/de\\\/#website\",\"url\":\"https:\\\/\\\/t-rock.hu\\\/de\\\/\",\"name\":\"T-ROCK\",\"description\":\"\",\"publisher\":{\"@id\":\"https:\\\/\\\/t-rock.hu\\\/de\\\/#organization\"},\"potentialAction\":[{\"@type\":\"SearchAction\",\"target\":{\"@type\":\"EntryPoint\",\"urlTemplate\":\"https:\\\/\\\/t-rock.hu\\\/de\\\/?s={search_term_string}\"},\"query-input\":{\"@type\":\"PropertyValueSpecification\",\"valueRequired\":true,\"valueName\":\"search_term_string\"}}],\"inLanguage\":\"de\"},{\"@type\":\"Organization\",\"@id\":\"https:\\\/\\\/t-rock.hu\\\/de\\\/#organization\",\"name\":\"T-ROCK\",\"url\":\"https:\\\/\\\/t-rock.hu\\\/de\\\/\",\"logo\":{\"@type\":\"ImageObject\",\"inLanguage\":\"de\",\"@id\":\"https:\\\/\\\/t-rock.hu\\\/de\\\/#\\\/schema\\\/logo\\\/image\\\/\",\"url\":\"https:\\\/\\\/t-rock.hu\\\/wp-content\\\/uploads\\\/2023\\\/05\\\/Group.svg\",\"contentUrl\":\"https:\\\/\\\/t-rock.hu\\\/wp-content\\\/uploads\\\/2023\\\/05\\\/Group.svg\",\"width\":84,\"height\":84,\"caption\":\"T-ROCK\"},\"image\":{\"@id\":\"https:\\\/\\\/t-rock.hu\\\/de\\\/#\\\/schema\\\/logo\\\/image\\\/\"}}]}<\/script>\n<!-- \/ Yoast SEO Premium plugin. -->","yoast_head_json":{"title":"BatMan - T-ROCK","robots":{"index":"index","follow":"follow","max-snippet":"max-snippet:-1","max-image-preview":"max-image-preview:large","max-video-preview":"max-video-preview:-1"},"canonical":"https:\/\/t-rock.hu\/de\/termek\/batman\/","og_locale":"de_DE","og_type":"article","og_title":"BatMan","og_description":"Nagyon n\u00e9pszer\u0171 modell\u00fcnk, egyszer\u0171en, l\u00f3gatva szerelhet\u0151 (vagy fixen 2 db reisser csavarral). Az egyik leghat\u00e9konyabb er\u0151- \u00e9s egyens\u00faly fejleszt\u0151 edz\u0151eszk\u00f6z. J\u00f3l gyakorolhat\u00f3k rajta a m\u00e1sz\u00e1s sor\u00e1n felmer\u00fcl\u0151 testfesz\u00edt\u00e9sek k\u00fcl\u00f6nb\u00f6z\u0151 m\u00f3djai. Kiv\u00e1l\u00f3 kieg\u00e9sz\u00edt\u0151je h\u00faz\u00f3dzkod\u00f3 paneleknek, fingerboardoknak. Kezd\u0151knek, halad\u00f3knak profiknak, versenyz\u0151knek, egysz\u00f3val mindenkinek aj\u00e1nljuk.   M\u00e9retek  M\u00e9ret: 16*19 cm S\u00faly: 1,2 kg\/db Darabsz\u00e1m: 2 db","og_url":"https:\/\/t-rock.hu\/de\/termek\/batman\/","og_site_name":"T-ROCK","article_modified_time":"2025-01-12T21:24:20+00:00","og_image":[{"width":719,"height":536,"url":"https:\/\/t-rock.hu\/wp-content\/uploads\/2023\/06\/batman.jpg","type":"image\/jpeg"}],"twitter_card":"summary_large_image","schema":{"@context":"https:\/\/schema.org","@graph":[{"@type":"WebPage","@id":"https:\/\/t-rock.hu\/de\/termek\/batman\/","url":"https:\/\/t-rock.hu\/de\/termek\/batman\/","name":"BatMan - T-ROCK","isPartOf":{"@id":"https:\/\/t-rock.hu\/de\/#website"},"primaryImageOfPage":{"@id":"https:\/\/t-rock.hu\/de\/termek\/batman\/#primaryimage"},"image":{"@id":"https:\/\/t-rock.hu\/de\/termek\/batman\/#primaryimage"},"thumbnailUrl":"https:\/\/t-rock.hu\/wp-content\/uploads\/2023\/06\/batman.jpg","datePublished":"2023-06-08T07:17:30+00:00","dateModified":"2025-01-12T21:24:20+00:00","breadcrumb":{"@id":"https:\/\/t-rock.hu\/de\/termek\/batman\/#breadcrumb"},"inLanguage":"de","potentialAction":[{"@type":"ReadAction","target":["https:\/\/t-rock.hu\/de\/termek\/batman\/"]}]},{"@type":"ImageObject","inLanguage":"de","@id":"https:\/\/t-rock.hu\/de\/termek\/batman\/#primaryimage","url":"https:\/\/t-rock.hu\/wp-content\/uploads\/2023\/06\/batman.jpg","contentUrl":"https:\/\/t-rock.hu\/wp-content\/uploads\/2023\/06\/batman.jpg","width":719,"height":536},{"@type":"BreadcrumbList","@id":"https:\/\/t-rock.hu\/de\/termek\/batman\/#breadcrumb","itemListElement":[{"@type":"ListItem","position":1,"name":"Home","item":"https:\/\/t-rock.hu\/de\/"},{"@type":"ListItem","position":2,"name":"Shop","item":"https:\/\/t-rock.hu\/shop\/"},{"@type":"ListItem","position":3,"name":"BatMan"}]},{"@type":"WebSite","@id":"https:\/\/t-rock.hu\/de\/#website","url":"https:\/\/t-rock.hu\/de\/","name":"T-ROCK","description":"","publisher":{"@id":"https:\/\/t-rock.hu\/de\/#organization"},"potentialAction":[{"@type":"SearchAction","target":{"@type":"EntryPoint","urlTemplate":"https:\/\/t-rock.hu\/de\/?s={search_term_string}"},"query-input":{"@type":"PropertyValueSpecification","valueRequired":true,"valueName":"search_term_string"}}],"inLanguage":"de"},{"@type":"Organization","@id":"https:\/\/t-rock.hu\/de\/#organization","name":"T-ROCK","url":"https:\/\/t-rock.hu\/de\/","logo":{"@type":"ImageObject","inLanguage":"de","@id":"https:\/\/t-rock.hu\/de\/#\/schema\/logo\/image\/","url":"https:\/\/t-rock.hu\/wp-content\/uploads\/2023\/05\/Group.svg","contentUrl":"https:\/\/t-rock.hu\/wp-content\/uploads\/2023\/05\/Group.svg","width":84,"height":84,"caption":"T-ROCK"},"image":{"@id":"https:\/\/t-rock.hu\/de\/#\/schema\/logo\/image\/"}}]}},"_links":{"self":[{"href":"https:\/\/t-rock.hu\/de\/wp-json\/wp\/v2\/product\/17740","targetHints":{"allow":["GET"]}}],"collection":[{"href":"https:\/\/t-rock.hu\/de\/wp-json\/wp\/v2\/product"}],"about":[{"href":"https:\/\/t-rock.hu\/de\/wp-json\/wp\/v2\/types\/product"}],"version-history":[{"count":1,"href":"https:\/\/t-rock.hu\/de\/wp-json\/wp\/v2\/product\/17740\/revisions"}],"predecessor-version":[{"id":17745,"href":"https:\/\/t-rock.hu\/de\/wp-json\/wp\/v2\/product\/17740\/revisions\/17745"}],"wp:featuredmedia":[{"embeddable":true,"href":"https:\/\/t-rock.hu\/de\/wp-json\/wp\/v2\/media\/17741"}],"wp:attachment":[{"href":"https:\/\/t-rock.hu\/de\/wp-json\/wp\/v2\/media?parent=17740"}],"wp:term":[{"taxonomy":"product_brand","embeddable":true,"href":"https:\/\/t-rock.hu\/de\/wp-json\/wp\/v2\/product_brand?post=17740"},{"taxonomy":"product_cat","embeddable":true,"href":"https:\/\/t-rock.hu\/de\/wp-json\/wp\/v2\/product_cat?post=17740"},{"taxonomy":"product_tag","embeddable":true,"href":"https:\/\/t-rock.hu\/de\/wp-json\/wp\/v2\/product_tag?post=17740"}],"curies":[{"name":"wp","href":"https:\/\/api.w.org\/{rel}","templated":true}]}}