{"id":17763,"date":"2023-06-08T07:28:02","date_gmt":"2023-06-08T07:28:02","guid":{"rendered":"https:\/\/trock.designpartner.hu\/?post_type=product&#038;p=17763"},"modified":"2025-08-02T09:51:49","modified_gmt":"2025-08-02T07:51:49","slug":"wizzard-board-m","status":"publish","type":"product","link":"https:\/\/t-rock.hu\/de\/termek\/wizzard-board-m\/","title":{"rendered":"Wizzard Board M"},"content":{"rendered":"","protected":false},"excerpt":{"rendered":"<div>Leg\u00fajabb \u00e1ltalunk\u00a0fejlesztett tr\u00e9ning board, k\u00e9tf\u00e9le\u00a0m\u00e9retben k\u00e9sz\u00fcl (M ; L)\u00a0Kifejezetten nagy ig\u00e9nybev\u00e9telre tervezt\u00fck, a tapad\u00e1st apr\u00f3 mikro p\u00f3rusok seg\u00edtik.\u00a0\u00a0Campus boardra is szerelhet\u0151.\u00a0Speci\u00e1lis h\u00faz\u00f3dzkod\u00e1sok, \u00e9s ny\u00fal\u00e1sok gyakorl\u00e1s\u00e1ra, perem \u00e9s \u00fajjer\u0151 fejleszt\u00e9s\u00e9re, az egyik leghat\u00e9konyabb edz\u0151eszk\u00f6z. H\u00e1rom k\u00fcl\u00f6nf\u00e9le kialak\u00edt\u00e1s\u00fa lyuk ad teret az edz\u00e9snek, a board fels\u0151 r\u00e9sze pedig ak\u00e1r campus elemk\u00e9nt is funkcion\u00e1l. Nagy ig\u00e9nybev\u00e9telre tervezt\u00fck, tiszt\u00e1n tart\u00e1sa egyszer\u0171.<br \/>\nKezd\u0151knek, halad\u00f3knak, profiknak, versenyz\u0151knek, egysz\u00f3val mindenkinek aj\u00e1nljuk.\n<\/div>\n<div>M\u00e9retek \u00e9s s\u00faly:<br \/>\nM:\u00a0 \u00a058.5\u00d79\u00d71.9 cm\u00a0 ;\u00a0 1.2 Kg<\/div>\n","protected":false},"featured_media":17764,"template":"","meta":[],"product_brand":[],"product_cat":[32],"product_tag":[],"class_list":{"0":"post-17763","1":"product","2":"type-product","3":"status-publish","4":"has-post-thumbnail","6":"product_cat-trening-eszkozok","8":"first","9":"instock","10":"shipping-taxable","11":"purchasable","12":"product-type-simple"},"yoast_head":"<!-- This site is optimized with the Yoast SEO Premium plugin v20.10 (Yoast SEO v27.3) - https:\/\/yoast.com\/product\/yoast-seo-premium-wordpress\/ -->\n<title>Wizzard Board M - T-ROCK<\/title>\n<meta name=\"robots\" content=\"index, follow, max-snippet:-1, max-image-preview:large, max-video-preview:-1\" \/>\n<link rel=\"canonical\" href=\"https:\/\/t-rock.hu\/de\/termek\/wizzard-board-m\/\" \/>\n<meta property=\"og:locale\" content=\"de_DE\" \/>\n<meta property=\"og:type\" content=\"article\" \/>\n<meta property=\"og:title\" content=\"Wizzard Board M\" \/>\n<meta property=\"og:description\" content=\"Leg\u00fajabb \u00e1ltalunk\u00a0fejlesztett tr\u00e9ning board, k\u00e9tf\u00e9le\u00a0m\u00e9retben k\u00e9sz\u00fcl (M ; L)\u00a0Kifejezetten nagy ig\u00e9nybev\u00e9telre tervezt\u00fck, a tapad\u00e1st apr\u00f3 mikro p\u00f3rusok seg\u00edtik.\u00a0\u00a0Campus boardra is szerelhet\u0151.\u00a0Speci\u00e1lis h\u00faz\u00f3dzkod\u00e1sok, \u00e9s ny\u00fal\u00e1sok gyakorl\u00e1s\u00e1ra, perem \u00e9s \u00fajjer\u0151 fejleszt\u00e9s\u00e9re, az egyik leghat\u00e9konyabb edz\u0151eszk\u00f6z. H\u00e1rom k\u00fcl\u00f6nf\u00e9le kialak\u00edt\u00e1s\u00fa lyuk ad teret az edz\u00e9snek, a board fels\u0151 r\u00e9sze pedig ak\u00e1r campus elemk\u00e9nt is funkcion\u00e1l. Nagy ig\u00e9nybev\u00e9telre tervezt\u00fck, tiszt\u00e1n tart\u00e1sa egyszer\u0171. Kezd\u0151knek, halad\u00f3knak, profiknak, versenyz\u0151knek, egysz\u00f3val mindenkinek aj\u00e1nljuk.  M\u00e9retek \u00e9s s\u00faly: M:\u00a0 \u00a058.5\u00d79\u00d71.9 cm\u00a0 ;\u00a0 1.2 Kg\" \/>\n<meta property=\"og:url\" content=\"https:\/\/t-rock.hu\/de\/termek\/wizzard-board-m\/\" \/>\n<meta property=\"og:site_name\" content=\"T-ROCK\" \/>\n<meta property=\"article:modified_time\" content=\"2025-08-02T07:51:49+00:00\" \/>\n<meta property=\"og:image\" content=\"https:\/\/t-rock.hu\/wp-content\/uploads\/2023\/06\/wizzardM.jpg\" \/>\n\t<meta property=\"og:image:width\" content=\"824\" \/>\n\t<meta property=\"og:image:height\" content=\"536\" \/>\n\t<meta property=\"og:image:type\" content=\"image\/jpeg\" \/>\n<meta name=\"twitter:card\" content=\"summary_large_image\" \/>\n<script type=\"application\/ld+json\" class=\"yoast-schema-graph\">{\"@context\":\"https:\\\/\\\/schema.org\",\"@graph\":[{\"@type\":\"WebPage\",\"@id\":\"https:\\\/\\\/t-rock.hu\\\/de\\\/termek\\\/wizzard-board-m\\\/\",\"url\":\"https:\\\/\\\/t-rock.hu\\\/de\\\/termek\\\/wizzard-board-m\\\/\",\"name\":\"Wizzard Board M - T-ROCK\",\"isPartOf\":{\"@id\":\"https:\\\/\\\/t-rock.hu\\\/de\\\/#website\"},\"primaryImageOfPage\":{\"@id\":\"https:\\\/\\\/t-rock.hu\\\/de\\\/termek\\\/wizzard-board-m\\\/#primaryimage\"},\"image\":{\"@id\":\"https:\\\/\\\/t-rock.hu\\\/de\\\/termek\\\/wizzard-board-m\\\/#primaryimage\"},\"thumbnailUrl\":\"https:\\\/\\\/t-rock.hu\\\/wp-content\\\/uploads\\\/2023\\\/06\\\/wizzardM.jpg\",\"datePublished\":\"2023-06-08T07:28:02+00:00\",\"dateModified\":\"2025-08-02T07:51:49+00:00\",\"breadcrumb\":{\"@id\":\"https:\\\/\\\/t-rock.hu\\\/de\\\/termek\\\/wizzard-board-m\\\/#breadcrumb\"},\"inLanguage\":\"de\",\"potentialAction\":[{\"@type\":\"ReadAction\",\"target\":[\"https:\\\/\\\/t-rock.hu\\\/de\\\/termek\\\/wizzard-board-m\\\/\"]}]},{\"@type\":\"ImageObject\",\"inLanguage\":\"de\",\"@id\":\"https:\\\/\\\/t-rock.hu\\\/de\\\/termek\\\/wizzard-board-m\\\/#primaryimage\",\"url\":\"https:\\\/\\\/t-rock.hu\\\/wp-content\\\/uploads\\\/2023\\\/06\\\/wizzardM.jpg\",\"contentUrl\":\"https:\\\/\\\/t-rock.hu\\\/wp-content\\\/uploads\\\/2023\\\/06\\\/wizzardM.jpg\",\"width\":824,\"height\":536},{\"@type\":\"BreadcrumbList\",\"@id\":\"https:\\\/\\\/t-rock.hu\\\/de\\\/termek\\\/wizzard-board-m\\\/#breadcrumb\",\"itemListElement\":[{\"@type\":\"ListItem\",\"position\":1,\"name\":\"Home\",\"item\":\"https:\\\/\\\/t-rock.hu\\\/de\\\/\"},{\"@type\":\"ListItem\",\"position\":2,\"name\":\"Shop\",\"item\":\"https:\\\/\\\/t-rock.hu\\\/shop\\\/\"},{\"@type\":\"ListItem\",\"position\":3,\"name\":\"Wizzard Board M\"}]},{\"@type\":\"WebSite\",\"@id\":\"https:\\\/\\\/t-rock.hu\\\/de\\\/#website\",\"url\":\"https:\\\/\\\/t-rock.hu\\\/de\\\/\",\"name\":\"T-ROCK\",\"description\":\"\",\"publisher\":{\"@id\":\"https:\\\/\\\/t-rock.hu\\\/de\\\/#organization\"},\"potentialAction\":[{\"@type\":\"SearchAction\",\"target\":{\"@type\":\"EntryPoint\",\"urlTemplate\":\"https:\\\/\\\/t-rock.hu\\\/de\\\/?s={search_term_string}\"},\"query-input\":{\"@type\":\"PropertyValueSpecification\",\"valueRequired\":true,\"valueName\":\"search_term_string\"}}],\"inLanguage\":\"de\"},{\"@type\":\"Organization\",\"@id\":\"https:\\\/\\\/t-rock.hu\\\/de\\\/#organization\",\"name\":\"T-ROCK\",\"url\":\"https:\\\/\\\/t-rock.hu\\\/de\\\/\",\"logo\":{\"@type\":\"ImageObject\",\"inLanguage\":\"de\",\"@id\":\"https:\\\/\\\/t-rock.hu\\\/de\\\/#\\\/schema\\\/logo\\\/image\\\/\",\"url\":\"https:\\\/\\\/t-rock.hu\\\/wp-content\\\/uploads\\\/2023\\\/05\\\/Group.svg\",\"contentUrl\":\"https:\\\/\\\/t-rock.hu\\\/wp-content\\\/uploads\\\/2023\\\/05\\\/Group.svg\",\"width\":84,\"height\":84,\"caption\":\"T-ROCK\"},\"image\":{\"@id\":\"https:\\\/\\\/t-rock.hu\\\/de\\\/#\\\/schema\\\/logo\\\/image\\\/\"}}]}<\/script>\n<!-- \/ Yoast SEO Premium plugin. -->","yoast_head_json":{"title":"Wizzard Board M - T-ROCK","robots":{"index":"index","follow":"follow","max-snippet":"max-snippet:-1","max-image-preview":"max-image-preview:large","max-video-preview":"max-video-preview:-1"},"canonical":"https:\/\/t-rock.hu\/de\/termek\/wizzard-board-m\/","og_locale":"de_DE","og_type":"article","og_title":"Wizzard Board M","og_description":"Leg\u00fajabb \u00e1ltalunk\u00a0fejlesztett tr\u00e9ning board, k\u00e9tf\u00e9le\u00a0m\u00e9retben k\u00e9sz\u00fcl (M ; L)\u00a0Kifejezetten nagy ig\u00e9nybev\u00e9telre tervezt\u00fck, a tapad\u00e1st apr\u00f3 mikro p\u00f3rusok seg\u00edtik.\u00a0\u00a0Campus boardra is szerelhet\u0151.\u00a0Speci\u00e1lis h\u00faz\u00f3dzkod\u00e1sok, \u00e9s ny\u00fal\u00e1sok gyakorl\u00e1s\u00e1ra, perem \u00e9s \u00fajjer\u0151 fejleszt\u00e9s\u00e9re, az egyik leghat\u00e9konyabb edz\u0151eszk\u00f6z. H\u00e1rom k\u00fcl\u00f6nf\u00e9le kialak\u00edt\u00e1s\u00fa lyuk ad teret az edz\u00e9snek, a board fels\u0151 r\u00e9sze pedig ak\u00e1r campus elemk\u00e9nt is funkcion\u00e1l. Nagy ig\u00e9nybev\u00e9telre tervezt\u00fck, tiszt\u00e1n tart\u00e1sa egyszer\u0171. Kezd\u0151knek, halad\u00f3knak, profiknak, versenyz\u0151knek, egysz\u00f3val mindenkinek aj\u00e1nljuk.  M\u00e9retek \u00e9s s\u00faly: M:\u00a0 \u00a058.5\u00d79\u00d71.9 cm\u00a0 ;\u00a0 1.2 Kg","og_url":"https:\/\/t-rock.hu\/de\/termek\/wizzard-board-m\/","og_site_name":"T-ROCK","article_modified_time":"2025-08-02T07:51:49+00:00","og_image":[{"width":824,"height":536,"url":"https:\/\/t-rock.hu\/wp-content\/uploads\/2023\/06\/wizzardM.jpg","type":"image\/jpeg"}],"twitter_card":"summary_large_image","schema":{"@context":"https:\/\/schema.org","@graph":[{"@type":"WebPage","@id":"https:\/\/t-rock.hu\/de\/termek\/wizzard-board-m\/","url":"https:\/\/t-rock.hu\/de\/termek\/wizzard-board-m\/","name":"Wizzard Board M - T-ROCK","isPartOf":{"@id":"https:\/\/t-rock.hu\/de\/#website"},"primaryImageOfPage":{"@id":"https:\/\/t-rock.hu\/de\/termek\/wizzard-board-m\/#primaryimage"},"image":{"@id":"https:\/\/t-rock.hu\/de\/termek\/wizzard-board-m\/#primaryimage"},"thumbnailUrl":"https:\/\/t-rock.hu\/wp-content\/uploads\/2023\/06\/wizzardM.jpg","datePublished":"2023-06-08T07:28:02+00:00","dateModified":"2025-08-02T07:51:49+00:00","breadcrumb":{"@id":"https:\/\/t-rock.hu\/de\/termek\/wizzard-board-m\/#breadcrumb"},"inLanguage":"de","potentialAction":[{"@type":"ReadAction","target":["https:\/\/t-rock.hu\/de\/termek\/wizzard-board-m\/"]}]},{"@type":"ImageObject","inLanguage":"de","@id":"https:\/\/t-rock.hu\/de\/termek\/wizzard-board-m\/#primaryimage","url":"https:\/\/t-rock.hu\/wp-content\/uploads\/2023\/06\/wizzardM.jpg","contentUrl":"https:\/\/t-rock.hu\/wp-content\/uploads\/2023\/06\/wizzardM.jpg","width":824,"height":536},{"@type":"BreadcrumbList","@id":"https:\/\/t-rock.hu\/de\/termek\/wizzard-board-m\/#breadcrumb","itemListElement":[{"@type":"ListItem","position":1,"name":"Home","item":"https:\/\/t-rock.hu\/de\/"},{"@type":"ListItem","position":2,"name":"Shop","item":"https:\/\/t-rock.hu\/shop\/"},{"@type":"ListItem","position":3,"name":"Wizzard Board M"}]},{"@type":"WebSite","@id":"https:\/\/t-rock.hu\/de\/#website","url":"https:\/\/t-rock.hu\/de\/","name":"T-ROCK","description":"","publisher":{"@id":"https:\/\/t-rock.hu\/de\/#organization"},"potentialAction":[{"@type":"SearchAction","target":{"@type":"EntryPoint","urlTemplate":"https:\/\/t-rock.hu\/de\/?s={search_term_string}"},"query-input":{"@type":"PropertyValueSpecification","valueRequired":true,"valueName":"search_term_string"}}],"inLanguage":"de"},{"@type":"Organization","@id":"https:\/\/t-rock.hu\/de\/#organization","name":"T-ROCK","url":"https:\/\/t-rock.hu\/de\/","logo":{"@type":"ImageObject","inLanguage":"de","@id":"https:\/\/t-rock.hu\/de\/#\/schema\/logo\/image\/","url":"https:\/\/t-rock.hu\/wp-content\/uploads\/2023\/05\/Group.svg","contentUrl":"https:\/\/t-rock.hu\/wp-content\/uploads\/2023\/05\/Group.svg","width":84,"height":84,"caption":"T-ROCK"},"image":{"@id":"https:\/\/t-rock.hu\/de\/#\/schema\/logo\/image\/"}}]}},"_links":{"self":[{"href":"https:\/\/t-rock.hu\/de\/wp-json\/wp\/v2\/product\/17763","targetHints":{"allow":["GET"]}}],"collection":[{"href":"https:\/\/t-rock.hu\/de\/wp-json\/wp\/v2\/product"}],"about":[{"href":"https:\/\/t-rock.hu\/de\/wp-json\/wp\/v2\/types\/product"}],"version-history":[{"count":1,"href":"https:\/\/t-rock.hu\/de\/wp-json\/wp\/v2\/product\/17763\/revisions"}],"predecessor-version":[{"id":17768,"href":"https:\/\/t-rock.hu\/de\/wp-json\/wp\/v2\/product\/17763\/revisions\/17768"}],"wp:featuredmedia":[{"embeddable":true,"href":"https:\/\/t-rock.hu\/de\/wp-json\/wp\/v2\/media\/17764"}],"wp:attachment":[{"href":"https:\/\/t-rock.hu\/de\/wp-json\/wp\/v2\/media?parent=17763"}],"wp:term":[{"taxonomy":"product_brand","embeddable":true,"href":"https:\/\/t-rock.hu\/de\/wp-json\/wp\/v2\/product_brand?post=17763"},{"taxonomy":"product_cat","embeddable":true,"href":"https:\/\/t-rock.hu\/de\/wp-json\/wp\/v2\/product_cat?post=17763"},{"taxonomy":"product_tag","embeddable":true,"href":"https:\/\/t-rock.hu\/de\/wp-json\/wp\/v2\/product_tag?post=17763"}],"curies":[{"name":"wp","href":"https:\/\/api.w.org\/{rel}","templated":true}]}}