{"id":20278,"date":"2025-11-14T16:03:02","date_gmt":"2025-11-14T15:03:02","guid":{"rendered":"https:\/\/t-rock.hu\/termek\/arco-rock-h\/"},"modified":"2025-11-17T11:28:35","modified_gmt":"2025-11-17T10:28:35","slug":"arco-rock-h","status":"publish","type":"product","link":"https:\/\/t-rock.hu\/de\/termek\/arco-rock-h\/","title":{"rendered":"Arco-Rock H"},"content":{"rendered":"<p>Arco-Rock fog\u00e1s <strong>Havasi Gyop\u00e1r mint\u00e1zattal<\/strong>, t\u00f6bbf\u00e9le sz\u00ednben.<\/p>\n<p><strong>Fog\u00e1s param\u00e9terek:<\/strong><br \/>\nM\u00e9retek: S &#8211; 15.5cm*6.5cm<br \/>\nTulajdons\u00e1g: Dual text\u00far\u00e1s peremes fog\u00e1s, Best Of Arco design<br \/>\nS\u00faly: 17 gr<\/p>\n<p><strong>A doboz tartalma:<\/strong><br \/>\n&#8211; Arco-Rock fog\u00e1s<br \/>\n&#8211; Mini karabiner<\/p>\n","protected":false},"excerpt":{"rendered":"<p>Arco-Rock fog\u00e1s <strong>Havasi Gyop\u00e1r mint\u00e1zattal<\/strong>, t\u00f6bbf\u00e9le sz\u00ednben.<\/p>\n","protected":false},"featured_media":20176,"template":"","meta":[],"product_brand":[],"product_cat":[20,193,140],"product_tag":[],"class_list":{"0":"post-20278","1":"product","2":"type-product","3":"status-publish","4":"has-post-thumbnail","6":"product_cat-fogasok","7":"product_cat-karacsonyi-akcio","8":"product_cat-s","10":"first","11":"instock","12":"shipping-taxable","13":"purchasable","14":"product-type-variable"},"yoast_head":"<!-- This site is optimized with the Yoast SEO Premium plugin v20.10 (Yoast SEO v27.6) - https:\/\/yoast.com\/product\/yoast-seo-premium-wordpress\/ -->\n<title>Arco-Rock H - T-ROCK<\/title>\n<meta name=\"robots\" content=\"index, follow, max-snippet:-1, max-image-preview:large, max-video-preview:-1\" \/>\n<link rel=\"canonical\" href=\"https:\/\/t-rock.hu\/de\/termek\/arco-rock-h\/\" \/>\n<meta property=\"og:locale\" content=\"de_DE\" \/>\n<meta property=\"og:type\" content=\"article\" \/>\n<meta property=\"og:title\" content=\"Arco-Rock H\" \/>\n<meta property=\"og:description\" content=\"Arco-Rock fog\u00e1s Havasi Gyop\u00e1r mint\u00e1zattal, t\u00f6bbf\u00e9le sz\u00ednben.\" \/>\n<meta property=\"og:url\" content=\"https:\/\/t-rock.hu\/de\/termek\/arco-rock-h\/\" \/>\n<meta property=\"og:site_name\" content=\"T-ROCK\" \/>\n<meta property=\"article:modified_time\" content=\"2025-11-17T10:28:35+00:00\" \/>\n<meta property=\"og:image\" content=\"https:\/\/t-rock.hu\/wp-content\/uploads\/2025\/11\/Gift-2.jpg\" \/>\n\t<meta property=\"og:image:width\" content=\"800\" \/>\n\t<meta property=\"og:image:height\" content=\"533\" \/>\n\t<meta property=\"og:image:type\" content=\"image\/jpeg\" \/>\n<meta name=\"twitter:card\" content=\"summary_large_image\" \/>\n<meta name=\"twitter:label1\" content=\"Gesch\u00e4tzte Lesezeit\" \/>\n\t<meta name=\"twitter:data1\" content=\"1\u00a0Minute\" \/>\n<script type=\"application\/ld+json\" class=\"yoast-schema-graph\">{\"@context\":\"https:\\\/\\\/schema.org\",\"@graph\":[{\"@type\":\"WebPage\",\"@id\":\"https:\\\/\\\/t-rock.hu\\\/de\\\/termek\\\/arco-rock-h\\\/\",\"url\":\"https:\\\/\\\/t-rock.hu\\\/de\\\/termek\\\/arco-rock-h\\\/\",\"name\":\"Arco-Rock H - T-ROCK\",\"isPartOf\":{\"@id\":\"https:\\\/\\\/t-rock.hu\\\/de\\\/#website\"},\"primaryImageOfPage\":{\"@id\":\"https:\\\/\\\/t-rock.hu\\\/de\\\/termek\\\/arco-rock-h\\\/#primaryimage\"},\"image\":{\"@id\":\"https:\\\/\\\/t-rock.hu\\\/de\\\/termek\\\/arco-rock-h\\\/#primaryimage\"},\"thumbnailUrl\":\"https:\\\/\\\/t-rock.hu\\\/wp-content\\\/uploads\\\/2025\\\/11\\\/Gift-2.jpg\",\"datePublished\":\"2025-11-14T15:03:02+00:00\",\"dateModified\":\"2025-11-17T10:28:35+00:00\",\"breadcrumb\":{\"@id\":\"https:\\\/\\\/t-rock.hu\\\/de\\\/termek\\\/arco-rock-h\\\/#breadcrumb\"},\"inLanguage\":\"de\",\"potentialAction\":[{\"@type\":\"ReadAction\",\"target\":[\"https:\\\/\\\/t-rock.hu\\\/de\\\/termek\\\/arco-rock-h\\\/\"]}]},{\"@type\":\"ImageObject\",\"inLanguage\":\"de\",\"@id\":\"https:\\\/\\\/t-rock.hu\\\/de\\\/termek\\\/arco-rock-h\\\/#primaryimage\",\"url\":\"https:\\\/\\\/t-rock.hu\\\/wp-content\\\/uploads\\\/2025\\\/11\\\/Gift-2.jpg\",\"contentUrl\":\"https:\\\/\\\/t-rock.hu\\\/wp-content\\\/uploads\\\/2025\\\/11\\\/Gift-2.jpg\",\"width\":800,\"height\":533,\"caption\":\"u\u00dc\u00e3lE`q\u00f1t\u00ee3}?\u008cJ\\\"\u00fd\u00b0\u009e\u00a4\u00baoh\u00f9\u00e3\u00f8\u008b\u0085\u00d5\u00cb\u00bf\u00ed\u009f\u00ea\u00b0\u00c1Q+I\u00db#_\u00fbw\"},{\"@type\":\"BreadcrumbList\",\"@id\":\"https:\\\/\\\/t-rock.hu\\\/de\\\/termek\\\/arco-rock-h\\\/#breadcrumb\",\"itemListElement\":[{\"@type\":\"ListItem\",\"position\":1,\"name\":\"Home\",\"item\":\"https:\\\/\\\/t-rock.hu\\\/de\\\/\"},{\"@type\":\"ListItem\",\"position\":2,\"name\":\"Shop\",\"item\":\"https:\\\/\\\/t-rock.hu\\\/shop\\\/\"},{\"@type\":\"ListItem\",\"position\":3,\"name\":\"Arco-Rock H\"}]},{\"@type\":\"WebSite\",\"@id\":\"https:\\\/\\\/t-rock.hu\\\/de\\\/#website\",\"url\":\"https:\\\/\\\/t-rock.hu\\\/de\\\/\",\"name\":\"T-ROCK\",\"description\":\"\",\"publisher\":{\"@id\":\"https:\\\/\\\/t-rock.hu\\\/de\\\/#organization\"},\"potentialAction\":[{\"@type\":\"SearchAction\",\"target\":{\"@type\":\"EntryPoint\",\"urlTemplate\":\"https:\\\/\\\/t-rock.hu\\\/de\\\/?s={search_term_string}\"},\"query-input\":{\"@type\":\"PropertyValueSpecification\",\"valueRequired\":true,\"valueName\":\"search_term_string\"}}],\"inLanguage\":\"de\"},{\"@type\":\"Organization\",\"@id\":\"https:\\\/\\\/t-rock.hu\\\/de\\\/#organization\",\"name\":\"T-ROCK\",\"url\":\"https:\\\/\\\/t-rock.hu\\\/de\\\/\",\"logo\":{\"@type\":\"ImageObject\",\"inLanguage\":\"de\",\"@id\":\"https:\\\/\\\/t-rock.hu\\\/de\\\/#\\\/schema\\\/logo\\\/image\\\/\",\"url\":\"https:\\\/\\\/t-rock.hu\\\/wp-content\\\/uploads\\\/2023\\\/05\\\/Group.svg\",\"contentUrl\":\"https:\\\/\\\/t-rock.hu\\\/wp-content\\\/uploads\\\/2023\\\/05\\\/Group.svg\",\"width\":84,\"height\":84,\"caption\":\"T-ROCK\"},\"image\":{\"@id\":\"https:\\\/\\\/t-rock.hu\\\/de\\\/#\\\/schema\\\/logo\\\/image\\\/\"}}]}<\/script>\n<!-- \/ Yoast SEO Premium plugin. -->","yoast_head_json":{"title":"Arco-Rock H - T-ROCK","robots":{"index":"index","follow":"follow","max-snippet":"max-snippet:-1","max-image-preview":"max-image-preview:large","max-video-preview":"max-video-preview:-1"},"canonical":"https:\/\/t-rock.hu\/de\/termek\/arco-rock-h\/","og_locale":"de_DE","og_type":"article","og_title":"Arco-Rock H","og_description":"Arco-Rock fog\u00e1s Havasi Gyop\u00e1r mint\u00e1zattal, t\u00f6bbf\u00e9le sz\u00ednben.","og_url":"https:\/\/t-rock.hu\/de\/termek\/arco-rock-h\/","og_site_name":"T-ROCK","article_modified_time":"2025-11-17T10:28:35+00:00","og_image":[{"width":800,"height":533,"url":"https:\/\/t-rock.hu\/wp-content\/uploads\/2025\/11\/Gift-2.jpg","type":"image\/jpeg"}],"twitter_card":"summary_large_image","twitter_misc":{"Gesch\u00e4tzte Lesezeit":"1\u00a0Minute"},"schema":{"@context":"https:\/\/schema.org","@graph":[{"@type":"WebPage","@id":"https:\/\/t-rock.hu\/de\/termek\/arco-rock-h\/","url":"https:\/\/t-rock.hu\/de\/termek\/arco-rock-h\/","name":"Arco-Rock H - T-ROCK","isPartOf":{"@id":"https:\/\/t-rock.hu\/de\/#website"},"primaryImageOfPage":{"@id":"https:\/\/t-rock.hu\/de\/termek\/arco-rock-h\/#primaryimage"},"image":{"@id":"https:\/\/t-rock.hu\/de\/termek\/arco-rock-h\/#primaryimage"},"thumbnailUrl":"https:\/\/t-rock.hu\/wp-content\/uploads\/2025\/11\/Gift-2.jpg","datePublished":"2025-11-14T15:03:02+00:00","dateModified":"2025-11-17T10:28:35+00:00","breadcrumb":{"@id":"https:\/\/t-rock.hu\/de\/termek\/arco-rock-h\/#breadcrumb"},"inLanguage":"de","potentialAction":[{"@type":"ReadAction","target":["https:\/\/t-rock.hu\/de\/termek\/arco-rock-h\/"]}]},{"@type":"ImageObject","inLanguage":"de","@id":"https:\/\/t-rock.hu\/de\/termek\/arco-rock-h\/#primaryimage","url":"https:\/\/t-rock.hu\/wp-content\/uploads\/2025\/11\/Gift-2.jpg","contentUrl":"https:\/\/t-rock.hu\/wp-content\/uploads\/2025\/11\/Gift-2.jpg","width":800,"height":533,"caption":"u\u00dc\u00e3lE`q\u00f1t\u00ee3}?\u008cJ\"\u00fd\u00b0\u009e\u00a4\u00baoh\u00f9\u00e3\u00f8\u008b\u0085\u00d5\u00cb\u00bf\u00ed\u009f\u00ea\u00b0\u00c1Q+I\u00db#_\u00fbw"},{"@type":"BreadcrumbList","@id":"https:\/\/t-rock.hu\/de\/termek\/arco-rock-h\/#breadcrumb","itemListElement":[{"@type":"ListItem","position":1,"name":"Home","item":"https:\/\/t-rock.hu\/de\/"},{"@type":"ListItem","position":2,"name":"Shop","item":"https:\/\/t-rock.hu\/shop\/"},{"@type":"ListItem","position":3,"name":"Arco-Rock H"}]},{"@type":"WebSite","@id":"https:\/\/t-rock.hu\/de\/#website","url":"https:\/\/t-rock.hu\/de\/","name":"T-ROCK","description":"","publisher":{"@id":"https:\/\/t-rock.hu\/de\/#organization"},"potentialAction":[{"@type":"SearchAction","target":{"@type":"EntryPoint","urlTemplate":"https:\/\/t-rock.hu\/de\/?s={search_term_string}"},"query-input":{"@type":"PropertyValueSpecification","valueRequired":true,"valueName":"search_term_string"}}],"inLanguage":"de"},{"@type":"Organization","@id":"https:\/\/t-rock.hu\/de\/#organization","name":"T-ROCK","url":"https:\/\/t-rock.hu\/de\/","logo":{"@type":"ImageObject","inLanguage":"de","@id":"https:\/\/t-rock.hu\/de\/#\/schema\/logo\/image\/","url":"https:\/\/t-rock.hu\/wp-content\/uploads\/2023\/05\/Group.svg","contentUrl":"https:\/\/t-rock.hu\/wp-content\/uploads\/2023\/05\/Group.svg","width":84,"height":84,"caption":"T-ROCK"},"image":{"@id":"https:\/\/t-rock.hu\/de\/#\/schema\/logo\/image\/"}}]}},"_links":{"self":[{"href":"https:\/\/t-rock.hu\/de\/wp-json\/wp\/v2\/product\/20278","targetHints":{"allow":["GET"]}}],"collection":[{"href":"https:\/\/t-rock.hu\/de\/wp-json\/wp\/v2\/product"}],"about":[{"href":"https:\/\/t-rock.hu\/de\/wp-json\/wp\/v2\/types\/product"}],"version-history":[{"count":3,"href":"https:\/\/t-rock.hu\/de\/wp-json\/wp\/v2\/product\/20278\/revisions"}],"predecessor-version":[{"id":20311,"href":"https:\/\/t-rock.hu\/de\/wp-json\/wp\/v2\/product\/20278\/revisions\/20311"}],"wp:featuredmedia":[{"embeddable":true,"href":"https:\/\/t-rock.hu\/de\/wp-json\/wp\/v2\/media\/20176"}],"wp:attachment":[{"href":"https:\/\/t-rock.hu\/de\/wp-json\/wp\/v2\/media?parent=20278"}],"wp:term":[{"taxonomy":"product_brand","embeddable":true,"href":"https:\/\/t-rock.hu\/de\/wp-json\/wp\/v2\/product_brand?post=20278"},{"taxonomy":"product_cat","embeddable":true,"href":"https:\/\/t-rock.hu\/de\/wp-json\/wp\/v2\/product_cat?post=20278"},{"taxonomy":"product_tag","embeddable":true,"href":"https:\/\/t-rock.hu\/de\/wp-json\/wp\/v2\/product_tag?post=20278"}],"curies":[{"name":"wp","href":"https:\/\/api.w.org\/{rel}","templated":true}]}}