{"id":17111,"date":"2023-06-07T12:08:17","date_gmt":"2023-06-07T10:08:17","guid":{"rendered":"https:\/\/trock.designpartner.hu\/termek\/campusboard\/"},"modified":"2023-06-07T12:08:17","modified_gmt":"2023-06-07T12:08:17","slug":"campusboard","status":"publish","type":"product","link":"https:\/\/t-rock.hu\/en\/termek\/campusboard\/","title":{"rendered":"Campusboard"},"content":{"rendered":"","protected":false},"excerpt":{"rendered":"<p>Speci\u00e1lisan campus boardra k\u00e9sz\u00edtett elemek. A m\u00e1sz\u00f3edz\u00e9sek leghat\u00e9konyabb eszk\u00f6ze, de csak halad\u00f3knak aj\u00e1nljuk. Kifejezetten nagy ig\u00e9nybev\u00e9telre tervezt\u00fck, a tapad\u00e1st apr\u00f3 mikro p\u00f3rusok seg\u00edtik. A fog\u00e1sokon van egy tapad\u00f3 h\u00edd, de csak az elem azon r\u00e9sz\u00e9n, ahol h\u00faz\u00f3dzkodunk rajta. A tapad\u00f3 h\u00edd sz\u00e9less\u00e9ge ar\u00e1nyosan v\u00e1ltozik a campus board m\u00e9ret\u00e9vel. H\u00e1rom m\u00e9retben gy\u00e1rtjuk (S,M,L)<\/p>\n<p>A r\u00f6gz\u00edt\u00e9shez j\u00f3 min\u0151s\u00e9g\u0171 fak\u00f6t\u00e9s\u0171 csavarokat aj\u00e1nlunk.<\/p>\n","protected":false},"featured_media":17109,"template":"","meta":[],"product_brand":[],"product_cat":[162],"product_tag":[],"class_list":{"0":"post-17111","1":"product","2":"type-product","3":"status-publish","4":"has-post-thumbnail","6":"product_cat-training-equipment","8":"first","9":"instock","10":"shipping-taxable","11":"purchasable","12":"product-type-simple"},"yoast_head":"<!-- This site is optimized with the Yoast SEO Premium plugin v20.10 (Yoast SEO v27.3) - https:\/\/yoast.com\/product\/yoast-seo-premium-wordpress\/ -->\n<title>Campusboard - T-ROCK<\/title>\n<meta name=\"robots\" content=\"index, follow, max-snippet:-1, max-image-preview:large, max-video-preview:-1\" \/>\n<link rel=\"canonical\" href=\"https:\/\/t-rock.hu\/en\/termek\/campusboard\/\" \/>\n<meta property=\"og:locale\" content=\"en_US\" \/>\n<meta property=\"og:type\" content=\"article\" \/>\n<meta property=\"og:title\" content=\"Campusboard\" \/>\n<meta property=\"og:description\" content=\"Speci\u00e1lisan campus boardra k\u00e9sz\u00edtett elemek. A m\u00e1sz\u00f3edz\u00e9sek leghat\u00e9konyabb eszk\u00f6ze, de csak halad\u00f3knak aj\u00e1nljuk. Kifejezetten nagy ig\u00e9nybev\u00e9telre tervezt\u00fck, a tapad\u00e1st apr\u00f3 mikro p\u00f3rusok seg\u00edtik. A fog\u00e1sokon van egy tapad\u00f3 h\u00edd, de csak az elem azon r\u00e9sz\u00e9n, ahol h\u00faz\u00f3dzkodunk rajta. A tapad\u00f3 h\u00edd sz\u00e9less\u00e9ge ar\u00e1nyosan v\u00e1ltozik a campus board m\u00e9ret\u00e9vel. H\u00e1rom m\u00e9retben gy\u00e1rtjuk (S,M,L)  A r\u00f6gz\u00edt\u00e9shez j\u00f3 min\u0151s\u00e9g\u0171 fak\u00f6t\u00e9s\u0171 csavarokat aj\u00e1nlunk.\" \/>\n<meta property=\"og:url\" content=\"https:\/\/t-rock.hu\/en\/termek\/campusboard\/\" \/>\n<meta property=\"og:site_name\" content=\"T-ROCK\" \/>\n<meta property=\"article:modified_time\" content=\"2023-06-07T12:08:17+00:00\" \/>\n<meta property=\"og:image\" content=\"https:\/\/t-rock.hu\/wp-content\/uploads\/2023\/06\/campus.webp\" \/>\n\t<meta property=\"og:image:width\" content=\"550\" \/>\n\t<meta property=\"og:image:height\" content=\"290\" \/>\n\t<meta property=\"og:image:type\" content=\"image\/webp\" \/>\n<meta name=\"twitter:card\" content=\"summary_large_image\" \/>\n<script type=\"application\/ld+json\" class=\"yoast-schema-graph\">{\"@context\":\"https:\\\/\\\/schema.org\",\"@graph\":[{\"@type\":\"WebPage\",\"@id\":\"https:\\\/\\\/t-rock.hu\\\/en\\\/termek\\\/campusboard\\\/\",\"url\":\"https:\\\/\\\/t-rock.hu\\\/en\\\/termek\\\/campusboard\\\/\",\"name\":\"Campusboard - T-ROCK\",\"isPartOf\":{\"@id\":\"https:\\\/\\\/t-rock.hu\\\/en\\\/#website\"},\"primaryImageOfPage\":{\"@id\":\"https:\\\/\\\/t-rock.hu\\\/en\\\/termek\\\/campusboard\\\/#primaryimage\"},\"image\":{\"@id\":\"https:\\\/\\\/t-rock.hu\\\/en\\\/termek\\\/campusboard\\\/#primaryimage\"},\"thumbnailUrl\":\"https:\\\/\\\/t-rock.hu\\\/wp-content\\\/uploads\\\/2023\\\/06\\\/campus.webp\",\"datePublished\":\"2023-06-07T10:08:17+00:00\",\"dateModified\":\"2023-06-07T12:08:17+00:00\",\"breadcrumb\":{\"@id\":\"https:\\\/\\\/t-rock.hu\\\/en\\\/termek\\\/campusboard\\\/#breadcrumb\"},\"inLanguage\":\"en-US\",\"potentialAction\":[{\"@type\":\"ReadAction\",\"target\":[\"https:\\\/\\\/t-rock.hu\\\/en\\\/termek\\\/campusboard\\\/\"]}]},{\"@type\":\"ImageObject\",\"inLanguage\":\"en-US\",\"@id\":\"https:\\\/\\\/t-rock.hu\\\/en\\\/termek\\\/campusboard\\\/#primaryimage\",\"url\":\"https:\\\/\\\/t-rock.hu\\\/wp-content\\\/uploads\\\/2023\\\/06\\\/campus.webp\",\"contentUrl\":\"https:\\\/\\\/t-rock.hu\\\/wp-content\\\/uploads\\\/2023\\\/06\\\/campus.webp\",\"width\":550,\"height\":290},{\"@type\":\"BreadcrumbList\",\"@id\":\"https:\\\/\\\/t-rock.hu\\\/en\\\/termek\\\/campusboard\\\/#breadcrumb\",\"itemListElement\":[{\"@type\":\"ListItem\",\"position\":1,\"name\":\"Home\",\"item\":\"https:\\\/\\\/t-rock.hu\\\/en\\\/\"},{\"@type\":\"ListItem\",\"position\":2,\"name\":\"Shop\",\"item\":\"https:\\\/\\\/t-rock.hu\\\/en\\\/shop-2\\\/\"},{\"@type\":\"ListItem\",\"position\":3,\"name\":\"Campusboard\"}]},{\"@type\":\"WebSite\",\"@id\":\"https:\\\/\\\/t-rock.hu\\\/en\\\/#website\",\"url\":\"https:\\\/\\\/t-rock.hu\\\/en\\\/\",\"name\":\"T-ROCK\",\"description\":\"\",\"publisher\":{\"@id\":\"https:\\\/\\\/t-rock.hu\\\/en\\\/#organization\"},\"potentialAction\":[{\"@type\":\"SearchAction\",\"target\":{\"@type\":\"EntryPoint\",\"urlTemplate\":\"https:\\\/\\\/t-rock.hu\\\/en\\\/?s={search_term_string}\"},\"query-input\":{\"@type\":\"PropertyValueSpecification\",\"valueRequired\":true,\"valueName\":\"search_term_string\"}}],\"inLanguage\":\"en-US\"},{\"@type\":\"Organization\",\"@id\":\"https:\\\/\\\/t-rock.hu\\\/en\\\/#organization\",\"name\":\"T-ROCK\",\"url\":\"https:\\\/\\\/t-rock.hu\\\/en\\\/\",\"logo\":{\"@type\":\"ImageObject\",\"inLanguage\":\"en-US\",\"@id\":\"https:\\\/\\\/t-rock.hu\\\/en\\\/#\\\/schema\\\/logo\\\/image\\\/\",\"url\":\"https:\\\/\\\/t-rock.hu\\\/wp-content\\\/uploads\\\/2023\\\/05\\\/Group.svg\",\"contentUrl\":\"https:\\\/\\\/t-rock.hu\\\/wp-content\\\/uploads\\\/2023\\\/05\\\/Group.svg\",\"width\":84,\"height\":84,\"caption\":\"T-ROCK\"},\"image\":{\"@id\":\"https:\\\/\\\/t-rock.hu\\\/en\\\/#\\\/schema\\\/logo\\\/image\\\/\"}}]}<\/script>\n<!-- \/ Yoast SEO Premium plugin. -->","yoast_head_json":{"title":"Campusboard - T-ROCK","robots":{"index":"index","follow":"follow","max-snippet":"max-snippet:-1","max-image-preview":"max-image-preview:large","max-video-preview":"max-video-preview:-1"},"canonical":"https:\/\/t-rock.hu\/en\/termek\/campusboard\/","og_locale":"en_US","og_type":"article","og_title":"Campusboard","og_description":"Speci\u00e1lisan campus boardra k\u00e9sz\u00edtett elemek. A m\u00e1sz\u00f3edz\u00e9sek leghat\u00e9konyabb eszk\u00f6ze, de csak halad\u00f3knak aj\u00e1nljuk. Kifejezetten nagy ig\u00e9nybev\u00e9telre tervezt\u00fck, a tapad\u00e1st apr\u00f3 mikro p\u00f3rusok seg\u00edtik. A fog\u00e1sokon van egy tapad\u00f3 h\u00edd, de csak az elem azon r\u00e9sz\u00e9n, ahol h\u00faz\u00f3dzkodunk rajta. A tapad\u00f3 h\u00edd sz\u00e9less\u00e9ge ar\u00e1nyosan v\u00e1ltozik a campus board m\u00e9ret\u00e9vel. H\u00e1rom m\u00e9retben gy\u00e1rtjuk (S,M,L)  A r\u00f6gz\u00edt\u00e9shez j\u00f3 min\u0151s\u00e9g\u0171 fak\u00f6t\u00e9s\u0171 csavarokat aj\u00e1nlunk.","og_url":"https:\/\/t-rock.hu\/en\/termek\/campusboard\/","og_site_name":"T-ROCK","article_modified_time":"2023-06-07T12:08:17+00:00","og_image":[{"width":550,"height":290,"url":"https:\/\/t-rock.hu\/wp-content\/uploads\/2023\/06\/campus.webp","type":"image\/webp"}],"twitter_card":"summary_large_image","schema":{"@context":"https:\/\/schema.org","@graph":[{"@type":"WebPage","@id":"https:\/\/t-rock.hu\/en\/termek\/campusboard\/","url":"https:\/\/t-rock.hu\/en\/termek\/campusboard\/","name":"Campusboard - T-ROCK","isPartOf":{"@id":"https:\/\/t-rock.hu\/en\/#website"},"primaryImageOfPage":{"@id":"https:\/\/t-rock.hu\/en\/termek\/campusboard\/#primaryimage"},"image":{"@id":"https:\/\/t-rock.hu\/en\/termek\/campusboard\/#primaryimage"},"thumbnailUrl":"https:\/\/t-rock.hu\/wp-content\/uploads\/2023\/06\/campus.webp","datePublished":"2023-06-07T10:08:17+00:00","dateModified":"2023-06-07T12:08:17+00:00","breadcrumb":{"@id":"https:\/\/t-rock.hu\/en\/termek\/campusboard\/#breadcrumb"},"inLanguage":"en-US","potentialAction":[{"@type":"ReadAction","target":["https:\/\/t-rock.hu\/en\/termek\/campusboard\/"]}]},{"@type":"ImageObject","inLanguage":"en-US","@id":"https:\/\/t-rock.hu\/en\/termek\/campusboard\/#primaryimage","url":"https:\/\/t-rock.hu\/wp-content\/uploads\/2023\/06\/campus.webp","contentUrl":"https:\/\/t-rock.hu\/wp-content\/uploads\/2023\/06\/campus.webp","width":550,"height":290},{"@type":"BreadcrumbList","@id":"https:\/\/t-rock.hu\/en\/termek\/campusboard\/#breadcrumb","itemListElement":[{"@type":"ListItem","position":1,"name":"Home","item":"https:\/\/t-rock.hu\/en\/"},{"@type":"ListItem","position":2,"name":"Shop","item":"https:\/\/t-rock.hu\/en\/shop-2\/"},{"@type":"ListItem","position":3,"name":"Campusboard"}]},{"@type":"WebSite","@id":"https:\/\/t-rock.hu\/en\/#website","url":"https:\/\/t-rock.hu\/en\/","name":"T-ROCK","description":"","publisher":{"@id":"https:\/\/t-rock.hu\/en\/#organization"},"potentialAction":[{"@type":"SearchAction","target":{"@type":"EntryPoint","urlTemplate":"https:\/\/t-rock.hu\/en\/?s={search_term_string}"},"query-input":{"@type":"PropertyValueSpecification","valueRequired":true,"valueName":"search_term_string"}}],"inLanguage":"en-US"},{"@type":"Organization","@id":"https:\/\/t-rock.hu\/en\/#organization","name":"T-ROCK","url":"https:\/\/t-rock.hu\/en\/","logo":{"@type":"ImageObject","inLanguage":"en-US","@id":"https:\/\/t-rock.hu\/en\/#\/schema\/logo\/image\/","url":"https:\/\/t-rock.hu\/wp-content\/uploads\/2023\/05\/Group.svg","contentUrl":"https:\/\/t-rock.hu\/wp-content\/uploads\/2023\/05\/Group.svg","width":84,"height":84,"caption":"T-ROCK"},"image":{"@id":"https:\/\/t-rock.hu\/en\/#\/schema\/logo\/image\/"}}]}},"_links":{"self":[{"href":"https:\/\/t-rock.hu\/en\/wp-json\/wp\/v2\/product\/17111","targetHints":{"allow":["GET"]}}],"collection":[{"href":"https:\/\/t-rock.hu\/en\/wp-json\/wp\/v2\/product"}],"about":[{"href":"https:\/\/t-rock.hu\/en\/wp-json\/wp\/v2\/types\/product"}],"version-history":[{"count":0,"href":"https:\/\/t-rock.hu\/en\/wp-json\/wp\/v2\/product\/17111\/revisions"}],"wp:featuredmedia":[{"embeddable":true,"href":"https:\/\/t-rock.hu\/en\/wp-json\/wp\/v2\/media\/17109"}],"wp:attachment":[{"href":"https:\/\/t-rock.hu\/en\/wp-json\/wp\/v2\/media?parent=17111"}],"wp:term":[{"taxonomy":"product_brand","embeddable":true,"href":"https:\/\/t-rock.hu\/en\/wp-json\/wp\/v2\/product_brand?post=17111"},{"taxonomy":"product_cat","embeddable":true,"href":"https:\/\/t-rock.hu\/en\/wp-json\/wp\/v2\/product_cat?post=17111"},{"taxonomy":"product_tag","embeddable":true,"href":"https:\/\/t-rock.hu\/en\/wp-json\/wp\/v2\/product_tag?post=17111"}],"curies":[{"name":"wp","href":"https:\/\/api.w.org\/{rel}","templated":true}]}}