{"id":17125,"date":"2023-06-07T12:35:45","date_gmt":"2023-06-07T10:35:45","guid":{"rendered":"https:\/\/trock.designpartner.hu\/termek\/homorock\/"},"modified":"2023-06-07T12:35:45","modified_gmt":"2023-06-07T12:35:45","slug":"homorock","status":"publish","type":"product","link":"https:\/\/t-rock.hu\/en\/termek\/homorock\/","title":{"rendered":"Homorock"},"content":{"rendered":"","protected":false},"excerpt":{"rendered":"<p>A T-Rock fog\u00e1scsal\u00e1d \u00faj vonal\u00e1t egy fog\u00e1sban egyes\u00edt\u0151 \u0151sfej. A sz\u00e9l, a v\u00edz \u00e9s egy\u00e9b er\u00f3zi\u00f3 nyomait reproduk\u00e1lja. Rendk\u00edv\u00fcl izgalmas a fog\u00e1s formavil\u00e1ga, nagyon j\u00f3 tapad\u00e1st biztos\u00edt ez a h\u00e1romf\u00e9le strukt\u00fara. Aj\u00e1nljuk gyerekeknek, kezd\u0151knek, de \u00e1thajl\u00f3 falakban profik is kedvelni fogj\u00e1k.<\/p>\n","protected":false},"featured_media":17121,"template":"","meta":[],"product_brand":[],"product_cat":[160],"product_tag":[],"class_list":{"0":"post-17125","1":"product","2":"type-product","3":"status-publish","4":"has-post-thumbnail","6":"product_cat-makroelemek-en","8":"first","9":"instock","10":"shipping-taxable","11":"purchasable","12":"product-type-simple"},"yoast_head":"<!-- This site is optimized with the Yoast SEO Premium plugin v20.10 (Yoast SEO v27.3) - https:\/\/yoast.com\/product\/yoast-seo-premium-wordpress\/ -->\n<title>Homorock - T-ROCK<\/title>\n<meta name=\"robots\" content=\"index, follow, max-snippet:-1, max-image-preview:large, max-video-preview:-1\" \/>\n<link rel=\"canonical\" href=\"https:\/\/t-rock.hu\/en\/termek\/homorock\/\" \/>\n<meta property=\"og:locale\" content=\"en_US\" \/>\n<meta property=\"og:type\" content=\"article\" \/>\n<meta property=\"og:title\" content=\"Homorock\" \/>\n<meta property=\"og:description\" content=\"A T-Rock fog\u00e1scsal\u00e1d \u00faj vonal\u00e1t egy fog\u00e1sban egyes\u00edt\u0151 \u0151sfej. A sz\u00e9l, a v\u00edz \u00e9s egy\u00e9b er\u00f3zi\u00f3 nyomait reproduk\u00e1lja. Rendk\u00edv\u00fcl izgalmas a fog\u00e1s formavil\u00e1ga, nagyon j\u00f3 tapad\u00e1st biztos\u00edt ez a h\u00e1romf\u00e9le strukt\u00fara. Aj\u00e1nljuk gyerekeknek, kezd\u0151knek, de \u00e1thajl\u00f3 falakban profik is kedvelni fogj\u00e1k.\" \/>\n<meta property=\"og:url\" content=\"https:\/\/t-rock.hu\/en\/termek\/homorock\/\" \/>\n<meta property=\"og:site_name\" content=\"T-ROCK\" \/>\n<meta property=\"article:modified_time\" content=\"2023-06-07T12:35:45+00:00\" \/>\n<meta property=\"og:image\" content=\"https:\/\/t-rock.hu\/wp-content\/uploads\/2023\/06\/homorock.jpg\" \/>\n\t<meta property=\"og:image:width\" content=\"817\" \/>\n\t<meta property=\"og:image:height\" content=\"536\" \/>\n\t<meta property=\"og:image:type\" content=\"image\/jpeg\" \/>\n<meta name=\"twitter:card\" content=\"summary_large_image\" \/>\n<script type=\"application\/ld+json\" class=\"yoast-schema-graph\">{\"@context\":\"https:\\\/\\\/schema.org\",\"@graph\":[{\"@type\":\"WebPage\",\"@id\":\"https:\\\/\\\/t-rock.hu\\\/en\\\/termek\\\/homorock\\\/\",\"url\":\"https:\\\/\\\/t-rock.hu\\\/en\\\/termek\\\/homorock\\\/\",\"name\":\"Homorock - T-ROCK\",\"isPartOf\":{\"@id\":\"https:\\\/\\\/t-rock.hu\\\/en\\\/#website\"},\"primaryImageOfPage\":{\"@id\":\"https:\\\/\\\/t-rock.hu\\\/en\\\/termek\\\/homorock\\\/#primaryimage\"},\"image\":{\"@id\":\"https:\\\/\\\/t-rock.hu\\\/en\\\/termek\\\/homorock\\\/#primaryimage\"},\"thumbnailUrl\":\"https:\\\/\\\/t-rock.hu\\\/wp-content\\\/uploads\\\/2023\\\/06\\\/homorock.jpg\",\"datePublished\":\"2023-06-07T10:35:45+00:00\",\"dateModified\":\"2023-06-07T12:35:45+00:00\",\"breadcrumb\":{\"@id\":\"https:\\\/\\\/t-rock.hu\\\/en\\\/termek\\\/homorock\\\/#breadcrumb\"},\"inLanguage\":\"en-US\",\"potentialAction\":[{\"@type\":\"ReadAction\",\"target\":[\"https:\\\/\\\/t-rock.hu\\\/en\\\/termek\\\/homorock\\\/\"]}]},{\"@type\":\"ImageObject\",\"inLanguage\":\"en-US\",\"@id\":\"https:\\\/\\\/t-rock.hu\\\/en\\\/termek\\\/homorock\\\/#primaryimage\",\"url\":\"https:\\\/\\\/t-rock.hu\\\/wp-content\\\/uploads\\\/2023\\\/06\\\/homorock.jpg\",\"contentUrl\":\"https:\\\/\\\/t-rock.hu\\\/wp-content\\\/uploads\\\/2023\\\/06\\\/homorock.jpg\",\"width\":817,\"height\":536},{\"@type\":\"BreadcrumbList\",\"@id\":\"https:\\\/\\\/t-rock.hu\\\/en\\\/termek\\\/homorock\\\/#breadcrumb\",\"itemListElement\":[{\"@type\":\"ListItem\",\"position\":1,\"name\":\"Home\",\"item\":\"https:\\\/\\\/t-rock.hu\\\/en\\\/\"},{\"@type\":\"ListItem\",\"position\":2,\"name\":\"Shop\",\"item\":\"https:\\\/\\\/t-rock.hu\\\/en\\\/shop-2\\\/\"},{\"@type\":\"ListItem\",\"position\":3,\"name\":\"Homorock\"}]},{\"@type\":\"WebSite\",\"@id\":\"https:\\\/\\\/t-rock.hu\\\/en\\\/#website\",\"url\":\"https:\\\/\\\/t-rock.hu\\\/en\\\/\",\"name\":\"T-ROCK\",\"description\":\"\",\"publisher\":{\"@id\":\"https:\\\/\\\/t-rock.hu\\\/en\\\/#organization\"},\"potentialAction\":[{\"@type\":\"SearchAction\",\"target\":{\"@type\":\"EntryPoint\",\"urlTemplate\":\"https:\\\/\\\/t-rock.hu\\\/en\\\/?s={search_term_string}\"},\"query-input\":{\"@type\":\"PropertyValueSpecification\",\"valueRequired\":true,\"valueName\":\"search_term_string\"}}],\"inLanguage\":\"en-US\"},{\"@type\":\"Organization\",\"@id\":\"https:\\\/\\\/t-rock.hu\\\/en\\\/#organization\",\"name\":\"T-ROCK\",\"url\":\"https:\\\/\\\/t-rock.hu\\\/en\\\/\",\"logo\":{\"@type\":\"ImageObject\",\"inLanguage\":\"en-US\",\"@id\":\"https:\\\/\\\/t-rock.hu\\\/en\\\/#\\\/schema\\\/logo\\\/image\\\/\",\"url\":\"https:\\\/\\\/t-rock.hu\\\/wp-content\\\/uploads\\\/2023\\\/05\\\/Group.svg\",\"contentUrl\":\"https:\\\/\\\/t-rock.hu\\\/wp-content\\\/uploads\\\/2023\\\/05\\\/Group.svg\",\"width\":84,\"height\":84,\"caption\":\"T-ROCK\"},\"image\":{\"@id\":\"https:\\\/\\\/t-rock.hu\\\/en\\\/#\\\/schema\\\/logo\\\/image\\\/\"}}]}<\/script>\n<!-- \/ Yoast SEO Premium plugin. -->","yoast_head_json":{"title":"Homorock - T-ROCK","robots":{"index":"index","follow":"follow","max-snippet":"max-snippet:-1","max-image-preview":"max-image-preview:large","max-video-preview":"max-video-preview:-1"},"canonical":"https:\/\/t-rock.hu\/en\/termek\/homorock\/","og_locale":"en_US","og_type":"article","og_title":"Homorock","og_description":"A T-Rock fog\u00e1scsal\u00e1d \u00faj vonal\u00e1t egy fog\u00e1sban egyes\u00edt\u0151 \u0151sfej. A sz\u00e9l, a v\u00edz \u00e9s egy\u00e9b er\u00f3zi\u00f3 nyomait reproduk\u00e1lja. Rendk\u00edv\u00fcl izgalmas a fog\u00e1s formavil\u00e1ga, nagyon j\u00f3 tapad\u00e1st biztos\u00edt ez a h\u00e1romf\u00e9le strukt\u00fara. Aj\u00e1nljuk gyerekeknek, kezd\u0151knek, de \u00e1thajl\u00f3 falakban profik is kedvelni fogj\u00e1k.","og_url":"https:\/\/t-rock.hu\/en\/termek\/homorock\/","og_site_name":"T-ROCK","article_modified_time":"2023-06-07T12:35:45+00:00","og_image":[{"width":817,"height":536,"url":"https:\/\/t-rock.hu\/wp-content\/uploads\/2023\/06\/homorock.jpg","type":"image\/jpeg"}],"twitter_card":"summary_large_image","schema":{"@context":"https:\/\/schema.org","@graph":[{"@type":"WebPage","@id":"https:\/\/t-rock.hu\/en\/termek\/homorock\/","url":"https:\/\/t-rock.hu\/en\/termek\/homorock\/","name":"Homorock - T-ROCK","isPartOf":{"@id":"https:\/\/t-rock.hu\/en\/#website"},"primaryImageOfPage":{"@id":"https:\/\/t-rock.hu\/en\/termek\/homorock\/#primaryimage"},"image":{"@id":"https:\/\/t-rock.hu\/en\/termek\/homorock\/#primaryimage"},"thumbnailUrl":"https:\/\/t-rock.hu\/wp-content\/uploads\/2023\/06\/homorock.jpg","datePublished":"2023-06-07T10:35:45+00:00","dateModified":"2023-06-07T12:35:45+00:00","breadcrumb":{"@id":"https:\/\/t-rock.hu\/en\/termek\/homorock\/#breadcrumb"},"inLanguage":"en-US","potentialAction":[{"@type":"ReadAction","target":["https:\/\/t-rock.hu\/en\/termek\/homorock\/"]}]},{"@type":"ImageObject","inLanguage":"en-US","@id":"https:\/\/t-rock.hu\/en\/termek\/homorock\/#primaryimage","url":"https:\/\/t-rock.hu\/wp-content\/uploads\/2023\/06\/homorock.jpg","contentUrl":"https:\/\/t-rock.hu\/wp-content\/uploads\/2023\/06\/homorock.jpg","width":817,"height":536},{"@type":"BreadcrumbList","@id":"https:\/\/t-rock.hu\/en\/termek\/homorock\/#breadcrumb","itemListElement":[{"@type":"ListItem","position":1,"name":"Home","item":"https:\/\/t-rock.hu\/en\/"},{"@type":"ListItem","position":2,"name":"Shop","item":"https:\/\/t-rock.hu\/en\/shop-2\/"},{"@type":"ListItem","position":3,"name":"Homorock"}]},{"@type":"WebSite","@id":"https:\/\/t-rock.hu\/en\/#website","url":"https:\/\/t-rock.hu\/en\/","name":"T-ROCK","description":"","publisher":{"@id":"https:\/\/t-rock.hu\/en\/#organization"},"potentialAction":[{"@type":"SearchAction","target":{"@type":"EntryPoint","urlTemplate":"https:\/\/t-rock.hu\/en\/?s={search_term_string}"},"query-input":{"@type":"PropertyValueSpecification","valueRequired":true,"valueName":"search_term_string"}}],"inLanguage":"en-US"},{"@type":"Organization","@id":"https:\/\/t-rock.hu\/en\/#organization","name":"T-ROCK","url":"https:\/\/t-rock.hu\/en\/","logo":{"@type":"ImageObject","inLanguage":"en-US","@id":"https:\/\/t-rock.hu\/en\/#\/schema\/logo\/image\/","url":"https:\/\/t-rock.hu\/wp-content\/uploads\/2023\/05\/Group.svg","contentUrl":"https:\/\/t-rock.hu\/wp-content\/uploads\/2023\/05\/Group.svg","width":84,"height":84,"caption":"T-ROCK"},"image":{"@id":"https:\/\/t-rock.hu\/en\/#\/schema\/logo\/image\/"}}]}},"_links":{"self":[{"href":"https:\/\/t-rock.hu\/en\/wp-json\/wp\/v2\/product\/17125","targetHints":{"allow":["GET"]}}],"collection":[{"href":"https:\/\/t-rock.hu\/en\/wp-json\/wp\/v2\/product"}],"about":[{"href":"https:\/\/t-rock.hu\/en\/wp-json\/wp\/v2\/types\/product"}],"version-history":[{"count":0,"href":"https:\/\/t-rock.hu\/en\/wp-json\/wp\/v2\/product\/17125\/revisions"}],"wp:featuredmedia":[{"embeddable":true,"href":"https:\/\/t-rock.hu\/en\/wp-json\/wp\/v2\/media\/17121"}],"wp:attachment":[{"href":"https:\/\/t-rock.hu\/en\/wp-json\/wp\/v2\/media?parent=17125"}],"wp:term":[{"taxonomy":"product_brand","embeddable":true,"href":"https:\/\/t-rock.hu\/en\/wp-json\/wp\/v2\/product_brand?post=17125"},{"taxonomy":"product_cat","embeddable":true,"href":"https:\/\/t-rock.hu\/en\/wp-json\/wp\/v2\/product_cat?post=17125"},{"taxonomy":"product_tag","embeddable":true,"href":"https:\/\/t-rock.hu\/en\/wp-json\/wp\/v2\/product_tag?post=17125"}],"curies":[{"name":"wp","href":"https:\/\/api.w.org\/{rel}","templated":true}]}}