{"id":20359,"date":"2026-05-01T10:47:24","date_gmt":"2026-05-01T08:47:24","guid":{"rendered":"https:\/\/t-rock.hu\/?post_type=product&#038;p=20359"},"modified":"2026-05-01T10:47:25","modified_gmt":"2026-05-01T08:47:25","slug":"fejleszto-boulder-maszofal-mobil-boulder-maszofal","status":"publish","type":"product","link":"https:\/\/t-rock.hu\/en\/termek\/fejleszto-boulder-maszofal-mobil-boulder-maszofal\/","title":{"rendered":"Fejleszt\u0151 boulder m\u00e1sz\u00f3fal &#8211; mobil boulder m\u00e1sz\u00f3fal"},"content":{"rendered":"<p><strong><u>Mobil boulder m\u00e1sz\u00f3fal<\/u><\/strong><\/p>\n<p>M\u00e9ret: 250 cm x 250 cm<\/p>\n<p>Anyaga: Fa szerkezet, 18 mm -es r\u00e9tegelt lemez panelek<\/p>\n<p>M\u00e1sz\u00f3fog\u00e1sok: T-Rock Best of Arco term\u00e9kcsal\u00e1d \u2013 100 %-ban k\u00e9zzel k\u00e9sz\u00edtett term\u00e9k<\/p>\n<p><u>Tulajdons\u00e1gok<\/u>: K\u00f6nnyen \u00f6ssze\u00e1ll\u00edthat\u00f3. Gy\u00e1rthat\u00f3 K\u00fclt\u00e9rre \u00e9s belt\u00e9rre egyar\u00e1nt \u2013 ig\u00e9nynek megfelel\u0151en.<\/p>\n<p>A fal d\u0151l\u00e9ssz\u00f6ge 4 k\u00fcl\u00f6nb\u00f6z\u0151 fokozatban \u00e1ll\u00edthat\u00f3.<\/p>\n<p>A m\u00e1sz\u00f3fal sz\u00edne \u00e9s mint\u00e1zata egy\u00e9ni k\u00e9r\u00e9sre ig\u00e9nyek szerint v\u00e1laszthat\u00f3.<\/p>\n<p>Minden enged\u00e9llyel rendelkezik<\/p>\n<p><strong><u>Szivacs sz\u0151nyeg:<\/u><\/strong><\/p>\n<p>M\u00e9ret: 250 cm x 250 cm x 25 cm<\/p>\n<p><u>Tulajdons\u00e1gok:<\/u> A tornasz\u0151nyeg k\u00e9szre konfekcion\u00e1lt (szabva, varrva, norm\u00e1l kem\u00e9nys\u00e9g\u0171 szivaccsal, 1 r\u00e9teg ponyv\u00e1val, zipz\u00e1rral felszerelve, felezve, hordoz\u00f3f\u00fclekkel, t\u00e9p\u0151z\u00e1rral szerelve) kett\u0151 r\u00e9szben osztott, k\u00f6nnyen sz\u00e9tszedhet\u0151.<\/p>\n<p>V\u00e1laszthat\u00f3 sz\u00ednek: fekete, sz\u00fcrke, citroms\u00e1rga<\/p>\n<p><u>El\u0151nye: <\/u><\/p>\n<p>hossz\u00fa \u00e9lettartam,<\/p>\n<p>egyszer\u0171, k\u00f6nny\u0171 kezelhet\u0151s\u00e9g<\/p>\n<p>&nbsp;<\/p>\n<p>Vonatkoz\u00f3 szabv\u00e1ny: MSZ EN 1177:2018<\/p>\n<p>&nbsp;<\/p>\n","protected":false},"excerpt":{"rendered":"<p>Mobil boulder m\u00e1sz\u00f3fal M\u00e9ret: 250 cm x 250 cm Anyaga: Fa szerkezet, 18 mm -es r\u00e9tegelt lemez panelek M\u00e1sz\u00f3fog\u00e1sok: T-Rock<\/p>\n","protected":false},"featured_media":0,"template":"","meta":[],"product_brand":[],"product_cat":[20],"product_tag":[],"class_list":{"0":"post-20359","1":"product","2":"type-product","3":"status-publish","5":"product_cat-fogasok","7":"first","8":"instock","9":"shipping-taxable","10":"product-type-simple"},"yoast_head":"<!-- This site is optimized with the Yoast SEO Premium plugin v20.10 (Yoast SEO v27.5) - https:\/\/yoast.com\/product\/yoast-seo-premium-wordpress\/ -->\n<title>Fejleszt\u0151 boulder m\u00e1sz\u00f3fal - mobil boulder m\u00e1sz\u00f3fal - T-ROCK<\/title>\n<meta name=\"robots\" content=\"index, follow, max-snippet:-1, max-image-preview:large, max-video-preview:-1\" \/>\n<link rel=\"canonical\" href=\"https:\/\/t-rock.hu\/en\/termek\/fejleszto-boulder-maszofal-mobil-boulder-maszofal\/\" \/>\n<meta property=\"og:locale\" content=\"en_US\" \/>\n<meta property=\"og:type\" content=\"article\" \/>\n<meta property=\"og:title\" content=\"Fejleszt\u0151 boulder m\u00e1sz\u00f3fal - mobil boulder m\u00e1sz\u00f3fal\" \/>\n<meta property=\"og:description\" content=\"Mobil boulder m\u00e1sz\u00f3fal M\u00e9ret: 250 cm x 250 cm Anyaga: Fa szerkezet, 18 mm -es r\u00e9tegelt lemez panelek M\u00e1sz\u00f3fog\u00e1sok: T-Rock\" \/>\n<meta property=\"og:url\" content=\"https:\/\/t-rock.hu\/en\/termek\/fejleszto-boulder-maszofal-mobil-boulder-maszofal\/\" \/>\n<meta property=\"og:site_name\" content=\"T-ROCK\" \/>\n<meta property=\"article:modified_time\" content=\"2026-05-01T08:47:25+00:00\" \/>\n<meta name=\"twitter:card\" content=\"summary_large_image\" \/>\n<meta name=\"twitter:label1\" content=\"Est. reading time\" \/>\n\t<meta name=\"twitter:data1\" content=\"1 minute\" \/>\n<script type=\"application\/ld+json\" class=\"yoast-schema-graph\">{\"@context\":\"https:\\\/\\\/schema.org\",\"@graph\":[{\"@type\":\"WebPage\",\"@id\":\"https:\\\/\\\/t-rock.hu\\\/en\\\/termek\\\/fejleszto-boulder-maszofal-mobil-boulder-maszofal\\\/\",\"url\":\"https:\\\/\\\/t-rock.hu\\\/en\\\/termek\\\/fejleszto-boulder-maszofal-mobil-boulder-maszofal\\\/\",\"name\":\"Fejleszt\u0151 boulder m\u00e1sz\u00f3fal - mobil boulder m\u00e1sz\u00f3fal - T-ROCK\",\"isPartOf\":{\"@id\":\"https:\\\/\\\/t-rock.hu\\\/en\\\/#website\"},\"datePublished\":\"2026-05-01T08:47:24+00:00\",\"dateModified\":\"2026-05-01T08:47:25+00:00\",\"breadcrumb\":{\"@id\":\"https:\\\/\\\/t-rock.hu\\\/en\\\/termek\\\/fejleszto-boulder-maszofal-mobil-boulder-maszofal\\\/#breadcrumb\"},\"inLanguage\":\"en-US\",\"potentialAction\":[{\"@type\":\"ReadAction\",\"target\":[\"https:\\\/\\\/t-rock.hu\\\/en\\\/termek\\\/fejleszto-boulder-maszofal-mobil-boulder-maszofal\\\/\"]}]},{\"@type\":\"BreadcrumbList\",\"@id\":\"https:\\\/\\\/t-rock.hu\\\/en\\\/termek\\\/fejleszto-boulder-maszofal-mobil-boulder-maszofal\\\/#breadcrumb\",\"itemListElement\":[{\"@type\":\"ListItem\",\"position\":1,\"name\":\"Home\",\"item\":\"https:\\\/\\\/t-rock.hu\\\/en\\\/\"},{\"@type\":\"ListItem\",\"position\":2,\"name\":\"Shop\",\"item\":\"https:\\\/\\\/t-rock.hu\\\/en\\\/shop-2\\\/\"},{\"@type\":\"ListItem\",\"position\":3,\"name\":\"Fejleszt\u0151 boulder m\u00e1sz\u00f3fal &#8211; mobil boulder m\u00e1sz\u00f3fal\"}]},{\"@type\":\"WebSite\",\"@id\":\"https:\\\/\\\/t-rock.hu\\\/en\\\/#website\",\"url\":\"https:\\\/\\\/t-rock.hu\\\/en\\\/\",\"name\":\"T-ROCK\",\"description\":\"\",\"publisher\":{\"@id\":\"https:\\\/\\\/t-rock.hu\\\/en\\\/#organization\"},\"potentialAction\":[{\"@type\":\"SearchAction\",\"target\":{\"@type\":\"EntryPoint\",\"urlTemplate\":\"https:\\\/\\\/t-rock.hu\\\/en\\\/?s={search_term_string}\"},\"query-input\":{\"@type\":\"PropertyValueSpecification\",\"valueRequired\":true,\"valueName\":\"search_term_string\"}}],\"inLanguage\":\"en-US\"},{\"@type\":\"Organization\",\"@id\":\"https:\\\/\\\/t-rock.hu\\\/en\\\/#organization\",\"name\":\"T-ROCK\",\"url\":\"https:\\\/\\\/t-rock.hu\\\/en\\\/\",\"logo\":{\"@type\":\"ImageObject\",\"inLanguage\":\"en-US\",\"@id\":\"https:\\\/\\\/t-rock.hu\\\/en\\\/#\\\/schema\\\/logo\\\/image\\\/\",\"url\":\"https:\\\/\\\/t-rock.hu\\\/wp-content\\\/uploads\\\/2023\\\/05\\\/Group.svg\",\"contentUrl\":\"https:\\\/\\\/t-rock.hu\\\/wp-content\\\/uploads\\\/2023\\\/05\\\/Group.svg\",\"width\":84,\"height\":84,\"caption\":\"T-ROCK\"},\"image\":{\"@id\":\"https:\\\/\\\/t-rock.hu\\\/en\\\/#\\\/schema\\\/logo\\\/image\\\/\"}}]}<\/script>\n<!-- \/ Yoast SEO Premium plugin. -->","yoast_head_json":{"title":"Fejleszt\u0151 boulder m\u00e1sz\u00f3fal - mobil boulder m\u00e1sz\u00f3fal - T-ROCK","robots":{"index":"index","follow":"follow","max-snippet":"max-snippet:-1","max-image-preview":"max-image-preview:large","max-video-preview":"max-video-preview:-1"},"canonical":"https:\/\/t-rock.hu\/en\/termek\/fejleszto-boulder-maszofal-mobil-boulder-maszofal\/","og_locale":"en_US","og_type":"article","og_title":"Fejleszt\u0151 boulder m\u00e1sz\u00f3fal - mobil boulder m\u00e1sz\u00f3fal","og_description":"Mobil boulder m\u00e1sz\u00f3fal M\u00e9ret: 250 cm x 250 cm Anyaga: Fa szerkezet, 18 mm -es r\u00e9tegelt lemez panelek M\u00e1sz\u00f3fog\u00e1sok: T-Rock","og_url":"https:\/\/t-rock.hu\/en\/termek\/fejleszto-boulder-maszofal-mobil-boulder-maszofal\/","og_site_name":"T-ROCK","article_modified_time":"2026-05-01T08:47:25+00:00","twitter_card":"summary_large_image","twitter_misc":{"Est. reading time":"1 minute"},"schema":{"@context":"https:\/\/schema.org","@graph":[{"@type":"WebPage","@id":"https:\/\/t-rock.hu\/en\/termek\/fejleszto-boulder-maszofal-mobil-boulder-maszofal\/","url":"https:\/\/t-rock.hu\/en\/termek\/fejleszto-boulder-maszofal-mobil-boulder-maszofal\/","name":"Fejleszt\u0151 boulder m\u00e1sz\u00f3fal - mobil boulder m\u00e1sz\u00f3fal - T-ROCK","isPartOf":{"@id":"https:\/\/t-rock.hu\/en\/#website"},"datePublished":"2026-05-01T08:47:24+00:00","dateModified":"2026-05-01T08:47:25+00:00","breadcrumb":{"@id":"https:\/\/t-rock.hu\/en\/termek\/fejleszto-boulder-maszofal-mobil-boulder-maszofal\/#breadcrumb"},"inLanguage":"en-US","potentialAction":[{"@type":"ReadAction","target":["https:\/\/t-rock.hu\/en\/termek\/fejleszto-boulder-maszofal-mobil-boulder-maszofal\/"]}]},{"@type":"BreadcrumbList","@id":"https:\/\/t-rock.hu\/en\/termek\/fejleszto-boulder-maszofal-mobil-boulder-maszofal\/#breadcrumb","itemListElement":[{"@type":"ListItem","position":1,"name":"Home","item":"https:\/\/t-rock.hu\/en\/"},{"@type":"ListItem","position":2,"name":"Shop","item":"https:\/\/t-rock.hu\/en\/shop-2\/"},{"@type":"ListItem","position":3,"name":"Fejleszt\u0151 boulder m\u00e1sz\u00f3fal &#8211; mobil boulder m\u00e1sz\u00f3fal"}]},{"@type":"WebSite","@id":"https:\/\/t-rock.hu\/en\/#website","url":"https:\/\/t-rock.hu\/en\/","name":"T-ROCK","description":"","publisher":{"@id":"https:\/\/t-rock.hu\/en\/#organization"},"potentialAction":[{"@type":"SearchAction","target":{"@type":"EntryPoint","urlTemplate":"https:\/\/t-rock.hu\/en\/?s={search_term_string}"},"query-input":{"@type":"PropertyValueSpecification","valueRequired":true,"valueName":"search_term_string"}}],"inLanguage":"en-US"},{"@type":"Organization","@id":"https:\/\/t-rock.hu\/en\/#organization","name":"T-ROCK","url":"https:\/\/t-rock.hu\/en\/","logo":{"@type":"ImageObject","inLanguage":"en-US","@id":"https:\/\/t-rock.hu\/en\/#\/schema\/logo\/image\/","url":"https:\/\/t-rock.hu\/wp-content\/uploads\/2023\/05\/Group.svg","contentUrl":"https:\/\/t-rock.hu\/wp-content\/uploads\/2023\/05\/Group.svg","width":84,"height":84,"caption":"T-ROCK"},"image":{"@id":"https:\/\/t-rock.hu\/en\/#\/schema\/logo\/image\/"}}]}},"_links":{"self":[{"href":"https:\/\/t-rock.hu\/en\/wp-json\/wp\/v2\/product\/20359","targetHints":{"allow":["GET"]}}],"collection":[{"href":"https:\/\/t-rock.hu\/en\/wp-json\/wp\/v2\/product"}],"about":[{"href":"https:\/\/t-rock.hu\/en\/wp-json\/wp\/v2\/types\/product"}],"version-history":[{"count":1,"href":"https:\/\/t-rock.hu\/en\/wp-json\/wp\/v2\/product\/20359\/revisions"}],"predecessor-version":[{"id":20395,"href":"https:\/\/t-rock.hu\/en\/wp-json\/wp\/v2\/product\/20359\/revisions\/20395"}],"wp:attachment":[{"href":"https:\/\/t-rock.hu\/en\/wp-json\/wp\/v2\/media?parent=20359"}],"wp:term":[{"taxonomy":"product_brand","embeddable":true,"href":"https:\/\/t-rock.hu\/en\/wp-json\/wp\/v2\/product_brand?post=20359"},{"taxonomy":"product_cat","embeddable":true,"href":"https:\/\/t-rock.hu\/en\/wp-json\/wp\/v2\/product_cat?post=20359"},{"taxonomy":"product_tag","embeddable":true,"href":"https:\/\/t-rock.hu\/en\/wp-json\/wp\/v2\/product_tag?post=20359"}],"curies":[{"name":"wp","href":"https:\/\/api.w.org\/{rel}","templated":true}]}}